{"id":94,"date":"2020-04-01T03:18:47","date_gmt":"2020-04-01T01:18:47","guid":{"rendered":"https:\/\/www.medianus.at\/bibel\/?page_id=94"},"modified":"2021-11-30T18:51:36","modified_gmt":"2021-11-30T17:51:36","slug":"grundlagen","status":"publish","type":"page","link":"https:\/\/www.medianus.at\/bibel\/grundlagen\/","title":{"rendered":"Grundlagen"},"content":{"rendered":"\n<p><a href=\"https:\/\/www.medianus.at\/bibel\/jahuwah-bibel\/\">Die Medianus-Bibeln<\/a><\/p>\n\n\n\n<p>Die folgenden, erg\u00e4nzenden Grundlagen beinhalten auch das &#8222;\u00d6l&#8220;, das zum Ende n\u00f6tig ist damit das &#8222;Licht in den Lampen&#8220; (<a href=\"https:\/\/www.medianus.at\/zehn-jungfrauen\/\">Mt 25,1<\/a>) nicht erlischt.<br><a href=\"https:\/\/www.medianus.at\/bibel\/wahrheit\/\">Wahrheit<\/a><br><a href=\"https:\/\/www.medianus.at\/bibel\/anbetung\/\">Anbetung<\/a><br><a href=\"https:\/\/www.medianus.at\/bibel\/messias-maschiach-gesalbter\/\">Messias<\/a><br><a href=\"https:\/\/www.medianus.at\/bibel\/jesus\/\">Jesus<\/a><br><a href=\"https:\/\/www.medianus.at\/bibel\/satans-luegen-unserer-zeit\/\">Neue L\u00fcgen Satans<\/a><br><a href=\"https:\/\/www.medianus.at\/bibel\/alte-luegen-satans\/\">Alte L\u00fcgen Satans<\/a><br><a href=\"https:\/\/www.medianus.at\/bibel\/prophetie-in-der-bibel\/\">Prophetie in der Bibel<\/a><br><a href=\"https:\/\/www.medianus.at\/bibel\/das-ende-der-luegen\/\">Das Ende der L\u00fcgen<\/a><br><a href=\"https:\/\/www.medianus.at\/bibel\/paulus-und-luther\/\">Paulus und Luther<\/a><br><a href=\"https:\/\/www.medianus.at\/bibel\/faelschungen-in-der-bibel\/\">F\u00e4lschungen in der Bibel<\/a><br><a href=\"https:\/\/www.medianus.at\/bibel\/zehn-gebote-jahuwahs\/\">Zehn Gebote<\/a><\/p>\n\n\n\n<p><a href=\"https:\/\/www.medianus.at\/bibel\/\">Home<\/a><br><\/p>\n","protected":false},"excerpt":{"rendered":"<p>Die Medianus-Bibeln Die folgenden, erg\u00e4nzenden Grundlagen beinhalten auch das &#8222;\u00d6l&#8220;, das zum Ende n\u00f6tig ist damit das &#8222;Licht in den Lampen&#8220; (Mt 25,1) nicht erlischt.WahrheitAnbetungMessiasJesusNeue L\u00fcgen SatansAlte L\u00fcgen SatansProphetie in der BibelDas Ende der L\u00fcgenPaulus und LutherF\u00e4lschungen in der BibelZehn Gebote Home<\/p>\n","protected":false},"author":1,"featured_media":0,"parent":0,"menu_order":0,"comment_status":"closed","ping_status":"closed","template":"","meta":{"footnotes":""},"class_list":["post-94","page","type-page","status-publish","hentry"],"yoast_head":"<!-- This site is optimized with the Yoast SEO plugin v22.9 - https:\/\/yoast.com\/wordpress\/plugins\/seo\/ -->\n<title>Grundlagen - Medianus<\/title>\n<meta name=\"description\" content=\"Diese Website dient als Redaktionsplattform f\u00fcr die Medianus-Bibel.\" \/>\n<meta name=\"robots\" content=\"index, follow, max-snippet:-1, max-image-preview:large, max-video-preview:-1\" \/>\n<link rel=\"canonical\" href=\"https:\/\/www.medianus.at\/bibel\/grundlagen\/\" \/>\n<meta property=\"og:locale\" content=\"de_DE\" \/>\n<meta property=\"og:type\" content=\"article\" \/>\n<meta property=\"og:title\" content=\"Grundlagen - Medianus\" \/>\n<meta property=\"og:description\" content=\"Diese Website dient als Redaktionsplattform f\u00fcr die Medianus-Bibel.\" \/>\n<meta property=\"og:url\" content=\"https:\/\/www.medianus.at\/bibel\/grundlagen\/\" \/>\n<meta property=\"og:site_name\" content=\"Medianus\" \/>\n<meta property=\"article:modified_time\" content=\"2021-11-30T17:51:36+00:00\" \/>\n<meta name=\"twitter:card\" content=\"summary_large_image\" \/>\n<script type=\"application\/ld+json\" class=\"yoast-schema-graph\">{\"@context\":\"https:\/\/schema.org\",\"@graph\":[{\"@type\":\"WebPage\",\"@id\":\"https:\/\/www.medianus.at\/bibel\/grundlagen\/\",\"url\":\"https:\/\/www.medianus.at\/bibel\/grundlagen\/\",\"name\":\"Grundlagen - Medianus\",\"isPartOf\":{\"@id\":\"https:\/\/www.medianus.at\/bibel\/#website\"},\"datePublished\":\"2020-04-01T01:18:47+00:00\",\"dateModified\":\"2021-11-30T17:51:36+00:00\",\"description\":\"Diese Website dient als Redaktionsplattform f\u00fcr die Medianus-Bibel.\",\"breadcrumb\":{\"@id\":\"https:\/\/www.medianus.at\/bibel\/grundlagen\/#breadcrumb\"},\"inLanguage\":\"de\",\"potentialAction\":[{\"@type\":\"ReadAction\",\"target\":[\"https:\/\/www.medianus.at\/bibel\/grundlagen\/\"]}]},{\"@type\":\"BreadcrumbList\",\"@id\":\"https:\/\/www.medianus.at\/bibel\/grundlagen\/#breadcrumb\",\"itemListElement\":[{\"@type\":\"ListItem\",\"position\":1,\"name\":\"Startseite\",\"item\":\"https:\/\/www.medianus.at\/bibel\/\"},{\"@type\":\"ListItem\",\"position\":2,\"name\":\"Grundlagen\"}]},{\"@type\":\"WebSite\",\"@id\":\"https:\/\/www.medianus.at\/bibel\/#website\",\"url\":\"https:\/\/www.medianus.at\/bibel\/\",\"name\":\"Medianus\",\"description\":\"Endzeitbewu\u00dftsein\",\"publisher\":{\"@id\":\"https:\/\/www.medianus.at\/bibel\/#\/schema\/person\/9813ce5b369f8452dc40ce133ead17a7\"},\"potentialAction\":[{\"@type\":\"SearchAction\",\"target\":{\"@type\":\"EntryPoint\",\"urlTemplate\":\"https:\/\/www.medianus.at\/bibel\/?s={search_term_string}\"},\"query-input\":\"required name=search_term_string\"}],\"inLanguage\":\"de\"},{\"@type\":[\"Person\",\"Organization\"],\"@id\":\"https:\/\/www.medianus.at\/bibel\/#\/schema\/person\/9813ce5b369f8452dc40ce133ead17a7\",\"name\":\"Walter Panhuber\",\"image\":{\"@type\":\"ImageObject\",\"inLanguage\":\"de\",\"@id\":\"https:\/\/www.medianus.at\/bibel\/#\/schema\/person\/image\/\",\"url\":\"https:\/\/secure.gravatar.com\/avatar\/ff8326d54d16e623f9e2aeb12289ecab?s=96&d=mm&r=g\",\"contentUrl\":\"https:\/\/secure.gravatar.com\/avatar\/ff8326d54d16e623f9e2aeb12289ecab?s=96&d=mm&r=g\",\"caption\":\"Walter Panhuber\"},\"logo\":{\"@id\":\"https:\/\/www.medianus.at\/bibel\/#\/schema\/person\/image\/\"}}]}<\/script>\n<!-- \/ Yoast SEO plugin. -->","yoast_head_json":{"title":"Grundlagen - Medianus","description":"Diese Website dient als Redaktionsplattform f\u00fcr die Medianus-Bibel.","robots":{"index":"index","follow":"follow","max-snippet":"max-snippet:-1","max-image-preview":"max-image-preview:large","max-video-preview":"max-video-preview:-1"},"canonical":"https:\/\/www.medianus.at\/bibel\/grundlagen\/","og_locale":"de_DE","og_type":"article","og_title":"Grundlagen - Medianus","og_description":"Diese Website dient als Redaktionsplattform f\u00fcr die Medianus-Bibel.","og_url":"https:\/\/www.medianus.at\/bibel\/grundlagen\/","og_site_name":"Medianus","article_modified_time":"2021-11-30T17:51:36+00:00","twitter_card":"summary_large_image","schema":{"@context":"https:\/\/schema.org","@graph":[{"@type":"WebPage","@id":"https:\/\/www.medianus.at\/bibel\/grundlagen\/","url":"https:\/\/www.medianus.at\/bibel\/grundlagen\/","name":"Grundlagen - Medianus","isPartOf":{"@id":"https:\/\/www.medianus.at\/bibel\/#website"},"datePublished":"2020-04-01T01:18:47+00:00","dateModified":"2021-11-30T17:51:36+00:00","description":"Diese Website dient als Redaktionsplattform f\u00fcr die Medianus-Bibel.","breadcrumb":{"@id":"https:\/\/www.medianus.at\/bibel\/grundlagen\/#breadcrumb"},"inLanguage":"de","potentialAction":[{"@type":"ReadAction","target":["https:\/\/www.medianus.at\/bibel\/grundlagen\/"]}]},{"@type":"BreadcrumbList","@id":"https:\/\/www.medianus.at\/bibel\/grundlagen\/#breadcrumb","itemListElement":[{"@type":"ListItem","position":1,"name":"Startseite","item":"https:\/\/www.medianus.at\/bibel\/"},{"@type":"ListItem","position":2,"name":"Grundlagen"}]},{"@type":"WebSite","@id":"https:\/\/www.medianus.at\/bibel\/#website","url":"https:\/\/www.medianus.at\/bibel\/","name":"Medianus","description":"Endzeitbewu\u00dftsein","publisher":{"@id":"https:\/\/www.medianus.at\/bibel\/#\/schema\/person\/9813ce5b369f8452dc40ce133ead17a7"},"potentialAction":[{"@type":"SearchAction","target":{"@type":"EntryPoint","urlTemplate":"https:\/\/www.medianus.at\/bibel\/?s={search_term_string}"},"query-input":"required name=search_term_string"}],"inLanguage":"de"},{"@type":["Person","Organization"],"@id":"https:\/\/www.medianus.at\/bibel\/#\/schema\/person\/9813ce5b369f8452dc40ce133ead17a7","name":"Walter Panhuber","image":{"@type":"ImageObject","inLanguage":"de","@id":"https:\/\/www.medianus.at\/bibel\/#\/schema\/person\/image\/","url":"https:\/\/secure.gravatar.com\/avatar\/ff8326d54d16e623f9e2aeb12289ecab?s=96&d=mm&r=g","contentUrl":"https:\/\/secure.gravatar.com\/avatar\/ff8326d54d16e623f9e2aeb12289ecab?s=96&d=mm&r=g","caption":"Walter Panhuber"},"logo":{"@id":"https:\/\/www.medianus.at\/bibel\/#\/schema\/person\/image\/"}}]}},"_links":{"self":[{"href":"https:\/\/www.medianus.at\/bibel\/wp-json\/wp\/v2\/pages\/94"}],"collection":[{"href":"https:\/\/www.medianus.at\/bibel\/wp-json\/wp\/v2\/pages"}],"about":[{"href":"https:\/\/www.medianus.at\/bibel\/wp-json\/wp\/v2\/types\/page"}],"author":[{"embeddable":true,"href":"https:\/\/www.medianus.at\/bibel\/wp-json\/wp\/v2\/users\/1"}],"replies":[{"embeddable":true,"href":"https:\/\/www.medianus.at\/bibel\/wp-json\/wp\/v2\/comments?post=94"}],"version-history":[{"count":17,"href":"https:\/\/www.medianus.at\/bibel\/wp-json\/wp\/v2\/pages\/94\/revisions"}],"predecessor-version":[{"id":1016,"href":"https:\/\/www.medianus.at\/bibel\/wp-json\/wp\/v2\/pages\/94\/revisions\/1016"}],"wp:attachment":[{"href":"https:\/\/www.medianus.at\/bibel\/wp-json\/wp\/v2\/media?parent=94"}],"curies":[{"name":"wp","href":"https:\/\/api.w.org\/{rel}","templated":true}]}}