{"id":65,"date":"2020-03-30T02:21:04","date_gmt":"2020-03-30T00:21:04","guid":{"rendered":"https:\/\/www.medianus.at\/bibel\/?page_id=65"},"modified":"2021-01-22T07:54:12","modified_gmt":"2021-01-22T06:54:12","slug":"3-mose-23-32","status":"publish","type":"page","link":"https:\/\/www.medianus.at\/bibel\/altes-testament\/3-mose-23-32\/","title":{"rendered":"3. Mose 23, 32"},"content":{"rendered":"\n<p>Dieser Vers muss noch genauer gepr\u00fcft werden.<\/p>\n\n\n\n<p><pre>\nMedianus 2019, 3.Mose 23,32\nEin Sabbath der Ruhe soll er f\u00fcr euch sein, und ihr sollt eure Seelen kasteien; am Neunten des Monats, am Abend, vom Abend bis zum Abend sollt ihr euren Sabbath feiern.\n<\/pre><\/p>\n\n\n\n<p>Vermutlich wird man in alten hebr\u00e4ischen Texten den Sabbath in diesem Vers nicht finden, denn ein Sabbat ist zwar ein Ruhetag, aber ein Ruhetag muss kein Sabbat sein.<\/p>\n\n\n\n<p>Dieser Vers bezieht sich auf den Vers\u00f6hnungstag am 10. Tag des 7. Monats.<\/p>\n\n\n\n<p>M\u00f6gliche \u00c4nderung:<pre>\nEin Ruhetag soll er f\u00fcr euch sein, und ihr sollt eure Seelen kasteien; am Neunten des Monats, am Abend, vom Abend bis zum Abend sollt ihr diesen Ruhetag halten.\n<\/pre><\/p>\n\n\n\n<p>Die Worte \u05e9\u05d1\u05ea\u05d5\u05df\u05c3 und \u05e9\u05d1\u05ea\u05d5\u05df sind Bezeichnungen f\u00fcr den Siebenten Tag. &#8222;Schabbat&#8220; mit &#8222;Samstag&#8220; oder &#8222;Ruhetag&#8220; zu \u00fcbersetzen kam erst Jahrhunderte sp\u00e4ter auf.  <\/p>\n\n\n\n<h4 class=\"wp-block-heading\">Seit Wann ?  RUHETag = Sabbat<\/h4>\n\n\n\n<p>Der heutige j\u00fcdische Kalender wurde im 4. Jahrhundert n.Chr. festgelegt. Dies war notwendig, weil Kaiser Konstantin die Juden dazu zwang. Sie verlegten den Sabbat auf den Saturntag der R\u00f6mer. Sp\u00e4ter gingen die Juden sogar soweit, den Planeten Saturn Shabtai zu nennen, nach dem urspr\u00fcnglichen j\u00fcdischen Wort Sabbat oder Shabbat.  <\/p>\n\n\n\n<p>Der J\u00fcdische Sanhedrin, so nennt die Jewish Encyclopedia den hohen Rat unter F\u00fchrung von Hillil II, der den neuen Kalender einf\u00fchrte. Als die religi\u00f6se Verfolgung anhielt, entschied sich der Sanhedrin f\u00fcr einen autorisierten Kalender, der f\u00fcr alle kommenden Zeiten G\u00fcltigkeit hatte, obwohl er dadurch das Band durchtrennte, welche die Juden in der Diaspora mit ihrem Heimatland und ihrem Patriarchat verband. <\/p>\n\n\n\n<p>Wahrscheinlich hat die Ver\u00e4nderung in diesem Vers auch dazu gef\u00fchrt, dass Moslems und Juden den Sabbat von Abend zu Abend feiern. Also nicht nur am falschen Tag, sondern auch mit falschen Beginn.<\/p>\n\n\n\n<h4 class=\"wp-block-heading\">Sabbat = Siebenter<\/h4>\n\n\n\n<p>Ein weiterer Vers im 3. Buch Mose stimmt ebenfalls bedenklich. Dort wird n\u00e4mlich das Gegenteil versucht.<\/p>\n\n\n\n<pre>Luther 2017, 3.Mose 23,39\nAm f\u00fcnfzehnten Tage des siebenten Monats, wenn ihr die Fr\u00fcchte des Landes einbringt, sollt ihr ein Fest des HERRN halten sieben Tage lang. Am ersten Tage ist <b>Ruhetag<\/b> und am achten Tage ist auch <b>Ruhetag<\/b>.<\/pre>\n\n\n\n<p>Die Lutherbibel 1912 benutzt noch &#8222;<strong>Sabbat<\/strong>&#8220; f\u00fcr den Ruhetag in diesem Vers. Ebenso die englische King James.<\/p>\n\n\n\n<pre>Luther 1912 3.Mose 23,39\nSo sollt ihr nun am f\u00fcnfzehnten Tage des siebenten Monats, wenn ihr die Fr\u00fcchte des Landes eingebracht habt, das Fest des HERRN halten sieben Tage lang. Am ersten Tage ist es Sabbat, und am achten Tage ist es auch Sabbat.<\/pre>\n\n\n\n<p>Die Medianus Bibel bleibt im Vers 39 nat\u00fcrlich bei &#8222;Sabbat&#8220;, denn dort ist das Wort der siebente Tag der Woche. Damit ist dieser Vers der beste Beweis f\u00fcr den biblischen Kalender.<\/p>\n\n\n\n<p>Der Versuch, diesen Vers zu \u00e4ndern zeigt die Korruption in den etablierten Bibelgesellschaften. Das Original dieses Verses beweist n\u00e4mlich am eindruckvollsten, dass der Wochenrhythmus vom Monatsrhythmus nicht getrennt werden darf.<\/p>\n\n\n\n<p>Der Vers 3. Mose 23, 39 wird dadurch zu einem Ma\u00dfstab f\u00fcr die Bibelgesellschaften der Endzeit. Es ist ein sehr simpler Ma\u00dfstab. Steht dort &#8222;Ruhetag&#8220;, arbeitet die Gesellschaft bereits f\u00fcr Satan. Jeder Mitarbeiter und Gl\u00e4ubige sollte sich von dieser Gesellschaft verabschieden.<\/p>\n","protected":false},"excerpt":{"rendered":"<p>Dieser Vers muss noch genauer gepr\u00fcft werden. Medianus 2019, 3.Mose 23,32 Ein Sabbath der Ruhe soll er f\u00fcr euch sein, und ihr sollt eure Seelen kasteien; am Neunten des Monats, am Abend, vom Abend bis zum Abend sollt ihr euren Sabbath feiern. Vermutlich wird man in alten hebr\u00e4ischen Texten den Sabbath in diesem Vers nicht &hellip; <a href=\"https:\/\/www.medianus.at\/bibel\/altes-testament\/3-mose-23-32\/\" class=\"more-link\"><span class=\"screen-reader-text\">&#8222;3. Mose 23, 32&#8220; <\/span>weiterlesen<\/a><\/p>\n","protected":false},"author":1,"featured_media":0,"parent":22,"menu_order":0,"comment_status":"closed","ping_status":"closed","template":"","meta":{"footnotes":""},"class_list":["post-65","page","type-page","status-publish","hentry"],"yoast_head":"<!-- This site is optimized with the Yoast SEO plugin v22.9 - https:\/\/yoast.com\/wordpress\/plugins\/seo\/ -->\n<title>3. Mose 23, 32 - Medianus<\/title>\n<meta name=\"description\" content=\"Diese Website dient als Redaktionsplattform f\u00fcr die Medianus-Bibel.\" \/>\n<meta name=\"robots\" content=\"index, follow, max-snippet:-1, max-image-preview:large, max-video-preview:-1\" \/>\n<link rel=\"canonical\" href=\"https:\/\/www.medianus.at\/bibel\/altes-testament\/3-mose-23-32\/\" \/>\n<meta property=\"og:locale\" content=\"de_DE\" \/>\n<meta property=\"og:type\" content=\"article\" \/>\n<meta property=\"og:title\" content=\"3. Mose 23, 32 - Medianus\" \/>\n<meta property=\"og:description\" content=\"Diese Website dient als Redaktionsplattform f\u00fcr die Medianus-Bibel.\" \/>\n<meta property=\"og:url\" content=\"https:\/\/www.medianus.at\/bibel\/altes-testament\/3-mose-23-32\/\" \/>\n<meta property=\"og:site_name\" content=\"Medianus\" \/>\n<meta property=\"article:modified_time\" content=\"2021-01-22T06:54:12+00:00\" \/>\n<meta name=\"twitter:card\" content=\"summary_large_image\" \/>\n<meta name=\"twitter:label1\" content=\"Gesch\u00e4tzte Lesezeit\" \/>\n\t<meta name=\"twitter:data1\" content=\"3\u00a0Minuten\" \/>\n<script type=\"application\/ld+json\" class=\"yoast-schema-graph\">{\"@context\":\"https:\/\/schema.org\",\"@graph\":[{\"@type\":\"WebPage\",\"@id\":\"https:\/\/www.medianus.at\/bibel\/altes-testament\/3-mose-23-32\/\",\"url\":\"https:\/\/www.medianus.at\/bibel\/altes-testament\/3-mose-23-32\/\",\"name\":\"3. Mose 23, 32 - Medianus\",\"isPartOf\":{\"@id\":\"https:\/\/www.medianus.at\/bibel\/#website\"},\"datePublished\":\"2020-03-30T00:21:04+00:00\",\"dateModified\":\"2021-01-22T06:54:12+00:00\",\"description\":\"Diese Website dient als Redaktionsplattform f\u00fcr die Medianus-Bibel.\",\"breadcrumb\":{\"@id\":\"https:\/\/www.medianus.at\/bibel\/altes-testament\/3-mose-23-32\/#breadcrumb\"},\"inLanguage\":\"de\",\"potentialAction\":[{\"@type\":\"ReadAction\",\"target\":[\"https:\/\/www.medianus.at\/bibel\/altes-testament\/3-mose-23-32\/\"]}]},{\"@type\":\"BreadcrumbList\",\"@id\":\"https:\/\/www.medianus.at\/bibel\/altes-testament\/3-mose-23-32\/#breadcrumb\",\"itemListElement\":[{\"@type\":\"ListItem\",\"position\":1,\"name\":\"Startseite\",\"item\":\"https:\/\/www.medianus.at\/bibel\/\"},{\"@type\":\"ListItem\",\"position\":2,\"name\":\"Altes Testament\",\"item\":\"https:\/\/www.medianus.at\/bibel\/altes-testament\/\"},{\"@type\":\"ListItem\",\"position\":3,\"name\":\"3. Mose 23, 32\"}]},{\"@type\":\"WebSite\",\"@id\":\"https:\/\/www.medianus.at\/bibel\/#website\",\"url\":\"https:\/\/www.medianus.at\/bibel\/\",\"name\":\"Medianus\",\"description\":\"Endzeitbewu\u00dftsein\",\"publisher\":{\"@id\":\"https:\/\/www.medianus.at\/bibel\/#\/schema\/person\/9813ce5b369f8452dc40ce133ead17a7\"},\"potentialAction\":[{\"@type\":\"SearchAction\",\"target\":{\"@type\":\"EntryPoint\",\"urlTemplate\":\"https:\/\/www.medianus.at\/bibel\/?s={search_term_string}\"},\"query-input\":\"required name=search_term_string\"}],\"inLanguage\":\"de\"},{\"@type\":[\"Person\",\"Organization\"],\"@id\":\"https:\/\/www.medianus.at\/bibel\/#\/schema\/person\/9813ce5b369f8452dc40ce133ead17a7\",\"name\":\"Walter Panhuber\",\"image\":{\"@type\":\"ImageObject\",\"inLanguage\":\"de\",\"@id\":\"https:\/\/www.medianus.at\/bibel\/#\/schema\/person\/image\/\",\"url\":\"https:\/\/secure.gravatar.com\/avatar\/ff8326d54d16e623f9e2aeb12289ecab?s=96&d=mm&r=g\",\"contentUrl\":\"https:\/\/secure.gravatar.com\/avatar\/ff8326d54d16e623f9e2aeb12289ecab?s=96&d=mm&r=g\",\"caption\":\"Walter Panhuber\"},\"logo\":{\"@id\":\"https:\/\/www.medianus.at\/bibel\/#\/schema\/person\/image\/\"}}]}<\/script>\n<!-- \/ Yoast SEO plugin. -->","yoast_head_json":{"title":"3. Mose 23, 32 - Medianus","description":"Diese Website dient als Redaktionsplattform f\u00fcr die Medianus-Bibel.","robots":{"index":"index","follow":"follow","max-snippet":"max-snippet:-1","max-image-preview":"max-image-preview:large","max-video-preview":"max-video-preview:-1"},"canonical":"https:\/\/www.medianus.at\/bibel\/altes-testament\/3-mose-23-32\/","og_locale":"de_DE","og_type":"article","og_title":"3. Mose 23, 32 - Medianus","og_description":"Diese Website dient als Redaktionsplattform f\u00fcr die Medianus-Bibel.","og_url":"https:\/\/www.medianus.at\/bibel\/altes-testament\/3-mose-23-32\/","og_site_name":"Medianus","article_modified_time":"2021-01-22T06:54:12+00:00","twitter_card":"summary_large_image","twitter_misc":{"Gesch\u00e4tzte Lesezeit":"3\u00a0Minuten"},"schema":{"@context":"https:\/\/schema.org","@graph":[{"@type":"WebPage","@id":"https:\/\/www.medianus.at\/bibel\/altes-testament\/3-mose-23-32\/","url":"https:\/\/www.medianus.at\/bibel\/altes-testament\/3-mose-23-32\/","name":"3. Mose 23, 32 - Medianus","isPartOf":{"@id":"https:\/\/www.medianus.at\/bibel\/#website"},"datePublished":"2020-03-30T00:21:04+00:00","dateModified":"2021-01-22T06:54:12+00:00","description":"Diese Website dient als Redaktionsplattform f\u00fcr die Medianus-Bibel.","breadcrumb":{"@id":"https:\/\/www.medianus.at\/bibel\/altes-testament\/3-mose-23-32\/#breadcrumb"},"inLanguage":"de","potentialAction":[{"@type":"ReadAction","target":["https:\/\/www.medianus.at\/bibel\/altes-testament\/3-mose-23-32\/"]}]},{"@type":"BreadcrumbList","@id":"https:\/\/www.medianus.at\/bibel\/altes-testament\/3-mose-23-32\/#breadcrumb","itemListElement":[{"@type":"ListItem","position":1,"name":"Startseite","item":"https:\/\/www.medianus.at\/bibel\/"},{"@type":"ListItem","position":2,"name":"Altes Testament","item":"https:\/\/www.medianus.at\/bibel\/altes-testament\/"},{"@type":"ListItem","position":3,"name":"3. Mose 23, 32"}]},{"@type":"WebSite","@id":"https:\/\/www.medianus.at\/bibel\/#website","url":"https:\/\/www.medianus.at\/bibel\/","name":"Medianus","description":"Endzeitbewu\u00dftsein","publisher":{"@id":"https:\/\/www.medianus.at\/bibel\/#\/schema\/person\/9813ce5b369f8452dc40ce133ead17a7"},"potentialAction":[{"@type":"SearchAction","target":{"@type":"EntryPoint","urlTemplate":"https:\/\/www.medianus.at\/bibel\/?s={search_term_string}"},"query-input":"required name=search_term_string"}],"inLanguage":"de"},{"@type":["Person","Organization"],"@id":"https:\/\/www.medianus.at\/bibel\/#\/schema\/person\/9813ce5b369f8452dc40ce133ead17a7","name":"Walter Panhuber","image":{"@type":"ImageObject","inLanguage":"de","@id":"https:\/\/www.medianus.at\/bibel\/#\/schema\/person\/image\/","url":"https:\/\/secure.gravatar.com\/avatar\/ff8326d54d16e623f9e2aeb12289ecab?s=96&d=mm&r=g","contentUrl":"https:\/\/secure.gravatar.com\/avatar\/ff8326d54d16e623f9e2aeb12289ecab?s=96&d=mm&r=g","caption":"Walter Panhuber"},"logo":{"@id":"https:\/\/www.medianus.at\/bibel\/#\/schema\/person\/image\/"}}]}},"_links":{"self":[{"href":"https:\/\/www.medianus.at\/bibel\/wp-json\/wp\/v2\/pages\/65"}],"collection":[{"href":"https:\/\/www.medianus.at\/bibel\/wp-json\/wp\/v2\/pages"}],"about":[{"href":"https:\/\/www.medianus.at\/bibel\/wp-json\/wp\/v2\/types\/page"}],"author":[{"embeddable":true,"href":"https:\/\/www.medianus.at\/bibel\/wp-json\/wp\/v2\/users\/1"}],"replies":[{"embeddable":true,"href":"https:\/\/www.medianus.at\/bibel\/wp-json\/wp\/v2\/comments?post=65"}],"version-history":[{"count":13,"href":"https:\/\/www.medianus.at\/bibel\/wp-json\/wp\/v2\/pages\/65\/revisions"}],"predecessor-version":[{"id":92,"href":"https:\/\/www.medianus.at\/bibel\/wp-json\/wp\/v2\/pages\/65\/revisions\/92"}],"up":[{"embeddable":true,"href":"https:\/\/www.medianus.at\/bibel\/wp-json\/wp\/v2\/pages\/22"}],"wp:attachment":[{"href":"https:\/\/www.medianus.at\/bibel\/wp-json\/wp\/v2\/media?parent=65"}],"curies":[{"name":"wp","href":"https:\/\/api.w.org\/{rel}","templated":true}]}}