{"id":61,"date":"2020-03-29T20:01:13","date_gmt":"2020-03-29T18:01:13","guid":{"rendered":"https:\/\/www.medianus.at\/bibel\/?page_id=61"},"modified":"2021-02-03T12:30:59","modified_gmt":"2021-02-03T11:30:59","slug":"roemer","status":"publish","type":"page","link":"https:\/\/www.medianus.at\/bibel\/neues-testament\/roemer\/","title":{"rendered":"R\u00f6mer"},"content":{"rendered":"\n<div class=\"wp-block-image\"><figure class=\"alignleft size-large is-resized\"><a href=\"https:\/\/de.wikipedia.org\/wiki\/Rom#Antike\" target=\"_blank\" rel=\"noreferrer noopener\"><img loading=\"lazy\" decoding=\"async\" src=\"https:\/\/upload.wikimedia.org\/wikipedia\/commons\/thumb\/d\/d8\/Colosseum_in_Rome-April_2007-1-_copie_2B.jpg\/1920px-Colosseum_in_Rome-April_2007-1-_copie_2B.jpg\" alt=\"\" width=\"362\" height=\"212\"\/><\/a><figcaption>Quelle: Wikipedia<\/figcaption><\/figure><\/div>\n\n\n\n<p> Im 1.\u00a0Jahrhundert n.\u00a0Chr. war Rom wohl bereits eine Millionenstadt und sowohl geografisches als auch politisches Zentrum des R\u00f6mischen Reiches.  Es verf\u00fcgte \u00fcber ein funktionierendes Frisch- und Abwassersystem, ein  ausgebautes Stra\u00dfennetz und funktionierende Bev\u00f6lkerungsschutzeinheiten (Vigiles), die als Feuerwehr mit Polizeibefugnissen ihren Dienst versahen. Der Ausbau Roms, der besonders unter Caesars Erbe Augustus, dem ersten Kaiser, forciert worden war, wurde durch einen gro\u00dfen Brand von Rom unter Nero im Jahr 64 vor\u00fcbergehend zur\u00fcckgeworfen. <\/p>\n\n\n\n<p>Der <strong><a href=\"https:\/\/de.wikipedia.org\/wiki\/Brief_des_Paulus_an_die_R%C3%B6mer\" target=\"_blank\" rel=\"noreferrer noopener\" aria-label=\"Brief des Paulus an die R\u00f6mer (\u00f6ffnet in neuem Tab)\">Brief des Paulus an die R\u00f6mer<\/a><\/strong> (kurz <strong>R\u00f6merbrief<\/strong>, abgek\u00fcrzt <strong>R\u00f6m<\/strong>) ist ein Buch des Neuen Testaments der christlichen Bibel. Verfasst wurde der Brief in Korinth von Paulus aus Tarsus. <\/p>\n\n\n\n<h4 class=\"wp-block-heading\">R\u00f6mer 1, 16<\/h4>\n\n\n\n<blockquote class=\"wp-block-quote is-layout-flow wp-block-quote-is-layout-flow\"><p>Denn ich sch\u00e4me mich des Evangeliums nicht; denn es ist Jahuwahs Kraft zur Rettung f\u00fcr jeden, der glaubt, zuerst f\u00fcr den Juden, dann auch f\u00fcr den Griechen;<\/p><cite>medianus 2019<\/cite><\/blockquote>\n\n\n\n<p>\u00c4nderung:<br>Denn ich sch\u00e4me mich des Evangeliums <strong>vom Maschiach<\/strong> nicht; denn es ist Jahuwahs Kraft zur Rettung f\u00fcr jeden, der glaubt, zuerst f\u00fcr den Juden, dann auch f\u00fcr den Griechen;<\/p>\n\n\n\n<h4 class=\"wp-block-heading\">R\u00f6mer 1, 29<\/h4>\n\n\n\n<blockquote class=\"wp-block-quote is-layout-flow wp-block-quote-is-layout-flow\"><p>als solche, die voll sind von aller Ungerechtigkeit, Schlechtigkeit, Habsucht, Bosheit; voll Neid, Mordlust, Zank, Trug und T\u00fccke,<\/p><cite>medianus 2019<\/cite><\/blockquote>\n\n\n\n<p>\u00c4nderung gem\u00e4\u00df Textus Receptus:<br>als solche, die voll sind von aller Ungerechtigkeit, <strong>Unzucht,<\/strong> Schlechtigkeit, Habsucht, Bosheit; voll Neid, Mordlust, Zank, Trug und T\u00fccke,<\/p>\n\n\n\n<h4 class=\"wp-block-heading\">R\u00f6mer 8, 1<\/h4>\n\n\n\n<blockquote class=\"wp-block-quote is-layout-flow wp-block-quote-is-layout-flow\"><p> So gibt es nun keine Verdammnis mehr f\u00fcr die, welche in Jahuschuah sind.<\/p><cite>medianus 2019<\/cite><\/blockquote>\n\n\n\n<p>\u00c4nderung:<br>So gibt es jetzt keine Verdammnis mehr f\u00fcr die, welche in  Jahuschuah, <strong>dem Maschiach, sind, die nicht gem\u00e4\u00df dem Fleisch wandeln, sondern gem\u00e4\u00df dem Geist.<\/strong><\/p>\n\n\n\n<h4 class=\"wp-block-heading\"> R\u00f6mer 9, 31<\/h4>\n\n\n\n<blockquote class=\"wp-block-quote is-layout-flow wp-block-quote-is-layout-flow\"><p>dass aber Israel, welches dem Gesetz der Gerechtigkeit nachjagte, dem Gesetz nicht nachgekommen ist.<\/p><cite>medianus 2019<\/cite><\/blockquote>\n\n\n\n<p>\u00c4nderung:<br>dass aber Israel, welches dem Gesetz der Gerechtigkeit nachjagte, dem Gesetz <strong>der Gerechtigkeit<\/strong> nicht nachgekommen ist.<\/p>\n\n\n\n<h4 class=\"wp-block-heading\">R\u00f6mer 9, 32<\/h4>\n\n\n\n<blockquote class=\"wp-block-quote is-layout-flow wp-block-quote-is-layout-flow\"><p>Warum? Weil es nicht aus Glauben geschah, sondern aus Werken. Sie haben sich gesto\u00dfen an dem Stein des Ansto\u00dfes,<\/p><cite>medianus 2019<\/cite><\/blockquote>\n\n\n\n<p>\u00c4nderung:<br>Warum? Weil es nicht aus Glauben geschah, sondern aus Werken <strong>des Gesetzes<\/strong>. Sie haben sich gesto\u00dfen an dem Stein des Ansto\u00dfes,<\/p>\n\n\n<p>\n<!--StartFragment--><\/p>\n\n\n<h4 class=\"wp-block-heading\">R\u00f6mer 13, 9<\/h4>\n\n\n\n<blockquote class=\"wp-block-quote is-layout-flow wp-block-quote-is-layout-flow\"><p>Denn die Forderung : \u00abDu sollst nicht ehebrechen, du sollst nicht t\u00f6ten, du sollst nicht stehlen, lass dich nicht gel\u00fcsten\u00bb (und welches andere Gebot noch sei), wird zusammen gefa\u00dft in diesem Wort: \u00abDu sollst deinen N\u00e4chsten lieben wie dich selbst!\u00bb<\/p><cite>medianus 2019<\/cite><\/blockquote>\n\n\n\n<p>\u00c4nderung:<br>Denn die Gebote: \u00bbDu sollst nicht ehebrechen, du sollst nicht t\u00f6ten,  du sollst nicht stehlen, du sollst nicht falsches Zeugnis ablegen, du  sollst nicht begehren\u00ab \u2013 und welches andere Gebot es noch gibt \u2013, werden  zusammengefa\u00dft in diesem Wort, n\u00e4mlich: \u00bbDu sollst deinen N\u00e4chsten  lieben wie dich selbst!\u00ab <\/p>\n\n\n\n<h4 class=\"wp-block-heading\">R\u00f6mer 14, 6<\/h4>\n\n\n\n<blockquote class=\"wp-block-quote is-layout-flow wp-block-quote-is-layout-flow\"><p>Wer auf den Tag schaut, schaut darauf f\u00fcr Jahuwah, und wer nicht auf den Tag schaut, schaut nicht darauf f\u00fcr Jahuwah. Und wer  Fleisch isst, tut es zur Ehre Jahuwahs; denn er dankt Gott dabei. Und wer kein Fleisch isst, unterl\u00e4sst es zur Ehre Jahuwahs und auch er dankt Gott.<\/p><cite>medianus 2019<\/cite><\/blockquote>\n\n\n\n<p>\u00c4nderung:<br>Wer auf den Tag schaut, schaut darauf f\u00fcr den Herrn, und wer nicht auf den  Tag schaut, schaut nicht darauf f\u00fcr den Herrn. Und wer  Fleisch isst, tut  es zur Ehre des Herrn; denn er dankt Jahuwah dabei. Und wer kein Fleisch  isst, unterl\u00e4sst es zur Ehre des Herrn und auch er dankt Jahuwah. <\/p>\n\n\n\n<h4 class=\"wp-block-heading\">R\u00f6mer 15, 29<\/h4>\n\n\n\n<blockquote class=\"wp-block-quote is-layout-flow wp-block-quote-is-layout-flow\"><p>Ich wei\u00df aber, dass, wenn ich zu euch komme, es in der F\u00fclle des Segens Jahuschuahs geschehen wird.<\/p><cite>medianus 2019<\/cite><\/blockquote>\n\n\n\n<p>\u00c4nderung:<br>Ich wei\u00df aber, da\u00df, wenn ich zu euch komme, ich mit der Segensf\u00fclle des Evangeliums vom Maschiach kommen werde. <\/p>\n\n\n\n<h4 class=\"wp-block-heading\">M\u00f6chtest Du mitarbeiten?<\/h4>\n\n\n\n<p>Kommentare und Vorschl\u00e4ge:<\/p>\n\n\n\n<figure class=\"wp-block-image size-large\"><img decoding=\"async\" src=\"https:\/\/www.medianus.at\/wp-content\/uploads\/bibelmail.png\" alt=\"\"\/><\/figure>\n\n\n<p><!--EndFragment--><\/p>","protected":false},"excerpt":{"rendered":"<p>Im 1.\u00a0Jahrhundert n.\u00a0Chr. war Rom wohl bereits eine Millionenstadt und sowohl geografisches als auch politisches Zentrum des R\u00f6mischen Reiches. Es verf\u00fcgte \u00fcber ein funktionierendes Frisch- und Abwassersystem, ein ausgebautes Stra\u00dfennetz und funktionierende Bev\u00f6lkerungsschutzeinheiten (Vigiles), die als Feuerwehr mit Polizeibefugnissen ihren Dienst versahen. Der Ausbau Roms, der besonders unter Caesars Erbe Augustus, dem ersten Kaiser, forciert &hellip; <a href=\"https:\/\/www.medianus.at\/bibel\/neues-testament\/roemer\/\" class=\"more-link\"><span class=\"screen-reader-text\">&#8222;R\u00f6mer&#8220; <\/span>weiterlesen<\/a><\/p>\n","protected":false},"author":1,"featured_media":0,"parent":31,"menu_order":0,"comment_status":"closed","ping_status":"closed","template":"","meta":{"footnotes":""},"class_list":["post-61","page","type-page","status-publish","hentry"],"yoast_head":"<!-- This site is optimized with the Yoast SEO plugin v22.9 - https:\/\/yoast.com\/wordpress\/plugins\/seo\/ -->\n<title>R\u00f6mer - Korrekturen zur Ausgabe medianus 2021<\/title>\n<meta name=\"description\" content=\"\u00c4nderungen der Briefe an die R\u00f6mer der Bibelausgabe medianus 2021 gegen\u00fcber der Ausgabe 2019. Die Medianus-Bibel-Redaktion.\" \/>\n<meta name=\"robots\" content=\"index, follow, max-snippet:-1, max-image-preview:large, max-video-preview:-1\" \/>\n<link rel=\"canonical\" href=\"https:\/\/www.medianus.at\/bibel\/neues-testament\/roemer\/\" \/>\n<meta property=\"og:locale\" content=\"de_DE\" \/>\n<meta property=\"og:type\" content=\"article\" \/>\n<meta property=\"og:title\" content=\"R\u00f6mer - Korrekturen zur Ausgabe medianus 2021\" \/>\n<meta property=\"og:description\" content=\"\u00c4nderungen der Briefe an die R\u00f6mer der Bibelausgabe medianus 2021 gegen\u00fcber der Ausgabe 2019. Die Medianus-Bibel-Redaktion.\" \/>\n<meta property=\"og:url\" content=\"https:\/\/www.medianus.at\/bibel\/neues-testament\/roemer\/\" \/>\n<meta property=\"og:site_name\" content=\"Medianus\" \/>\n<meta property=\"article:modified_time\" content=\"2021-02-03T11:30:59+00:00\" \/>\n<meta property=\"og:image\" content=\"https:\/\/upload.wikimedia.org\/wikipedia\/commons\/thumb\/d\/d8\/Colosseum_in_Rome-April_2007-1-_copie_2B.jpg\/1920px-Colosseum_in_Rome-April_2007-1-_copie_2B.jpg\" \/>\n<meta name=\"twitter:card\" content=\"summary_large_image\" \/>\n<meta name=\"twitter:label1\" content=\"Gesch\u00e4tzte Lesezeit\" \/>\n\t<meta name=\"twitter:data1\" content=\"3\u00a0Minuten\" \/>\n<script type=\"application\/ld+json\" class=\"yoast-schema-graph\">{\"@context\":\"https:\/\/schema.org\",\"@graph\":[{\"@type\":\"WebPage\",\"@id\":\"https:\/\/www.medianus.at\/bibel\/neues-testament\/roemer\/\",\"url\":\"https:\/\/www.medianus.at\/bibel\/neues-testament\/roemer\/\",\"name\":\"R\u00f6mer - Korrekturen zur Ausgabe medianus 2021\",\"isPartOf\":{\"@id\":\"https:\/\/www.medianus.at\/bibel\/#website\"},\"primaryImageOfPage\":{\"@id\":\"https:\/\/www.medianus.at\/bibel\/neues-testament\/roemer\/#primaryimage\"},\"image\":{\"@id\":\"https:\/\/www.medianus.at\/bibel\/neues-testament\/roemer\/#primaryimage\"},\"thumbnailUrl\":\"https:\/\/upload.wikimedia.org\/wikipedia\/commons\/thumb\/d\/d8\/Colosseum_in_Rome-April_2007-1-_copie_2B.jpg\/1920px-Colosseum_in_Rome-April_2007-1-_copie_2B.jpg\",\"datePublished\":\"2020-03-29T18:01:13+00:00\",\"dateModified\":\"2021-02-03T11:30:59+00:00\",\"description\":\"\u00c4nderungen der Briefe an die R\u00f6mer der Bibelausgabe medianus 2021 gegen\u00fcber der Ausgabe 2019. Die Medianus-Bibel-Redaktion.\",\"breadcrumb\":{\"@id\":\"https:\/\/www.medianus.at\/bibel\/neues-testament\/roemer\/#breadcrumb\"},\"inLanguage\":\"de\",\"potentialAction\":[{\"@type\":\"ReadAction\",\"target\":[\"https:\/\/www.medianus.at\/bibel\/neues-testament\/roemer\/\"]}]},{\"@type\":\"ImageObject\",\"inLanguage\":\"de\",\"@id\":\"https:\/\/www.medianus.at\/bibel\/neues-testament\/roemer\/#primaryimage\",\"url\":\"https:\/\/upload.wikimedia.org\/wikipedia\/commons\/thumb\/d\/d8\/Colosseum_in_Rome-April_2007-1-_copie_2B.jpg\/1920px-Colosseum_in_Rome-April_2007-1-_copie_2B.jpg\",\"contentUrl\":\"https:\/\/upload.wikimedia.org\/wikipedia\/commons\/thumb\/d\/d8\/Colosseum_in_Rome-April_2007-1-_copie_2B.jpg\/1920px-Colosseum_in_Rome-April_2007-1-_copie_2B.jpg\"},{\"@type\":\"BreadcrumbList\",\"@id\":\"https:\/\/www.medianus.at\/bibel\/neues-testament\/roemer\/#breadcrumb\",\"itemListElement\":[{\"@type\":\"ListItem\",\"position\":1,\"name\":\"Startseite\",\"item\":\"https:\/\/www.medianus.at\/bibel\/\"},{\"@type\":\"ListItem\",\"position\":2,\"name\":\"Neues Testament\",\"item\":\"https:\/\/www.medianus.at\/bibel\/neues-testament\/\"},{\"@type\":\"ListItem\",\"position\":3,\"name\":\"R\u00f6mer\"}]},{\"@type\":\"WebSite\",\"@id\":\"https:\/\/www.medianus.at\/bibel\/#website\",\"url\":\"https:\/\/www.medianus.at\/bibel\/\",\"name\":\"Medianus\",\"description\":\"Endzeitbewu\u00dftsein\",\"publisher\":{\"@id\":\"https:\/\/www.medianus.at\/bibel\/#\/schema\/person\/9813ce5b369f8452dc40ce133ead17a7\"},\"potentialAction\":[{\"@type\":\"SearchAction\",\"target\":{\"@type\":\"EntryPoint\",\"urlTemplate\":\"https:\/\/www.medianus.at\/bibel\/?s={search_term_string}\"},\"query-input\":\"required name=search_term_string\"}],\"inLanguage\":\"de\"},{\"@type\":[\"Person\",\"Organization\"],\"@id\":\"https:\/\/www.medianus.at\/bibel\/#\/schema\/person\/9813ce5b369f8452dc40ce133ead17a7\",\"name\":\"Walter Panhuber\",\"image\":{\"@type\":\"ImageObject\",\"inLanguage\":\"de\",\"@id\":\"https:\/\/www.medianus.at\/bibel\/#\/schema\/person\/image\/\",\"url\":\"https:\/\/secure.gravatar.com\/avatar\/ff8326d54d16e623f9e2aeb12289ecab?s=96&d=mm&r=g\",\"contentUrl\":\"https:\/\/secure.gravatar.com\/avatar\/ff8326d54d16e623f9e2aeb12289ecab?s=96&d=mm&r=g\",\"caption\":\"Walter Panhuber\"},\"logo\":{\"@id\":\"https:\/\/www.medianus.at\/bibel\/#\/schema\/person\/image\/\"}}]}<\/script>\n<!-- \/ Yoast SEO plugin. -->","yoast_head_json":{"title":"R\u00f6mer - Korrekturen zur Ausgabe medianus 2021","description":"\u00c4nderungen der Briefe an die R\u00f6mer der Bibelausgabe medianus 2021 gegen\u00fcber der Ausgabe 2019. Die Medianus-Bibel-Redaktion.","robots":{"index":"index","follow":"follow","max-snippet":"max-snippet:-1","max-image-preview":"max-image-preview:large","max-video-preview":"max-video-preview:-1"},"canonical":"https:\/\/www.medianus.at\/bibel\/neues-testament\/roemer\/","og_locale":"de_DE","og_type":"article","og_title":"R\u00f6mer - Korrekturen zur Ausgabe medianus 2021","og_description":"\u00c4nderungen der Briefe an die R\u00f6mer der Bibelausgabe medianus 2021 gegen\u00fcber der Ausgabe 2019. Die Medianus-Bibel-Redaktion.","og_url":"https:\/\/www.medianus.at\/bibel\/neues-testament\/roemer\/","og_site_name":"Medianus","article_modified_time":"2021-02-03T11:30:59+00:00","og_image":[{"url":"https:\/\/upload.wikimedia.org\/wikipedia\/commons\/thumb\/d\/d8\/Colosseum_in_Rome-April_2007-1-_copie_2B.jpg\/1920px-Colosseum_in_Rome-April_2007-1-_copie_2B.jpg"}],"twitter_card":"summary_large_image","twitter_misc":{"Gesch\u00e4tzte Lesezeit":"3\u00a0Minuten"},"schema":{"@context":"https:\/\/schema.org","@graph":[{"@type":"WebPage","@id":"https:\/\/www.medianus.at\/bibel\/neues-testament\/roemer\/","url":"https:\/\/www.medianus.at\/bibel\/neues-testament\/roemer\/","name":"R\u00f6mer - Korrekturen zur Ausgabe medianus 2021","isPartOf":{"@id":"https:\/\/www.medianus.at\/bibel\/#website"},"primaryImageOfPage":{"@id":"https:\/\/www.medianus.at\/bibel\/neues-testament\/roemer\/#primaryimage"},"image":{"@id":"https:\/\/www.medianus.at\/bibel\/neues-testament\/roemer\/#primaryimage"},"thumbnailUrl":"https:\/\/upload.wikimedia.org\/wikipedia\/commons\/thumb\/d\/d8\/Colosseum_in_Rome-April_2007-1-_copie_2B.jpg\/1920px-Colosseum_in_Rome-April_2007-1-_copie_2B.jpg","datePublished":"2020-03-29T18:01:13+00:00","dateModified":"2021-02-03T11:30:59+00:00","description":"\u00c4nderungen der Briefe an die R\u00f6mer der Bibelausgabe medianus 2021 gegen\u00fcber der Ausgabe 2019. Die Medianus-Bibel-Redaktion.","breadcrumb":{"@id":"https:\/\/www.medianus.at\/bibel\/neues-testament\/roemer\/#breadcrumb"},"inLanguage":"de","potentialAction":[{"@type":"ReadAction","target":["https:\/\/www.medianus.at\/bibel\/neues-testament\/roemer\/"]}]},{"@type":"ImageObject","inLanguage":"de","@id":"https:\/\/www.medianus.at\/bibel\/neues-testament\/roemer\/#primaryimage","url":"https:\/\/upload.wikimedia.org\/wikipedia\/commons\/thumb\/d\/d8\/Colosseum_in_Rome-April_2007-1-_copie_2B.jpg\/1920px-Colosseum_in_Rome-April_2007-1-_copie_2B.jpg","contentUrl":"https:\/\/upload.wikimedia.org\/wikipedia\/commons\/thumb\/d\/d8\/Colosseum_in_Rome-April_2007-1-_copie_2B.jpg\/1920px-Colosseum_in_Rome-April_2007-1-_copie_2B.jpg"},{"@type":"BreadcrumbList","@id":"https:\/\/www.medianus.at\/bibel\/neues-testament\/roemer\/#breadcrumb","itemListElement":[{"@type":"ListItem","position":1,"name":"Startseite","item":"https:\/\/www.medianus.at\/bibel\/"},{"@type":"ListItem","position":2,"name":"Neues Testament","item":"https:\/\/www.medianus.at\/bibel\/neues-testament\/"},{"@type":"ListItem","position":3,"name":"R\u00f6mer"}]},{"@type":"WebSite","@id":"https:\/\/www.medianus.at\/bibel\/#website","url":"https:\/\/www.medianus.at\/bibel\/","name":"Medianus","description":"Endzeitbewu\u00dftsein","publisher":{"@id":"https:\/\/www.medianus.at\/bibel\/#\/schema\/person\/9813ce5b369f8452dc40ce133ead17a7"},"potentialAction":[{"@type":"SearchAction","target":{"@type":"EntryPoint","urlTemplate":"https:\/\/www.medianus.at\/bibel\/?s={search_term_string}"},"query-input":"required name=search_term_string"}],"inLanguage":"de"},{"@type":["Person","Organization"],"@id":"https:\/\/www.medianus.at\/bibel\/#\/schema\/person\/9813ce5b369f8452dc40ce133ead17a7","name":"Walter Panhuber","image":{"@type":"ImageObject","inLanguage":"de","@id":"https:\/\/www.medianus.at\/bibel\/#\/schema\/person\/image\/","url":"https:\/\/secure.gravatar.com\/avatar\/ff8326d54d16e623f9e2aeb12289ecab?s=96&d=mm&r=g","contentUrl":"https:\/\/secure.gravatar.com\/avatar\/ff8326d54d16e623f9e2aeb12289ecab?s=96&d=mm&r=g","caption":"Walter Panhuber"},"logo":{"@id":"https:\/\/www.medianus.at\/bibel\/#\/schema\/person\/image\/"}}]}},"_links":{"self":[{"href":"https:\/\/www.medianus.at\/bibel\/wp-json\/wp\/v2\/pages\/61"}],"collection":[{"href":"https:\/\/www.medianus.at\/bibel\/wp-json\/wp\/v2\/pages"}],"about":[{"href":"https:\/\/www.medianus.at\/bibel\/wp-json\/wp\/v2\/types\/page"}],"author":[{"embeddable":true,"href":"https:\/\/www.medianus.at\/bibel\/wp-json\/wp\/v2\/users\/1"}],"replies":[{"embeddable":true,"href":"https:\/\/www.medianus.at\/bibel\/wp-json\/wp\/v2\/comments?post=61"}],"version-history":[{"count":8,"href":"https:\/\/www.medianus.at\/bibel\/wp-json\/wp\/v2\/pages\/61\/revisions"}],"predecessor-version":[{"id":664,"href":"https:\/\/www.medianus.at\/bibel\/wp-json\/wp\/v2\/pages\/61\/revisions\/664"}],"up":[{"embeddable":true,"href":"https:\/\/www.medianus.at\/bibel\/wp-json\/wp\/v2\/pages\/31"}],"wp:attachment":[{"href":"https:\/\/www.medianus.at\/bibel\/wp-json\/wp\/v2\/media?parent=61"}],"curies":[{"name":"wp","href":"https:\/\/api.w.org\/{rel}","templated":true}]}}