{"id":598,"date":"2021-01-28T11:37:59","date_gmt":"2021-01-28T10:37:59","guid":{"rendered":"https:\/\/www.medianus.at\/bibel\/?page_id=598"},"modified":"2021-01-28T14:36:31","modified_gmt":"2021-01-28T13:36:31","slug":"hebraeer","status":"publish","type":"page","link":"https:\/\/www.medianus.at\/bibel\/neues-testament\/hebraeer\/","title":{"rendered":"Hebr\u00e4er"},"content":{"rendered":"\n<div class=\"wp-block-image\"><figure class=\"alignleft size-large is-resized\"><a href=\"https:\/\/de.wikipedia.org\/wiki\/Jerusalemer_Urgemeinde\" target=\"_blank\" rel=\"noreferrer noopener\"><img loading=\"lazy\" decoding=\"async\" src=\"https:\/\/upload.wikimedia.org\/wikipedia\/commons\/thumb\/c\/cd\/Albrecht_D%C3%BCrer_021.jpg\/330px-Albrecht_D%C3%BCrer_021.jpg\" alt=\"\" width=\"239\" height=\"353\"\/><\/a><figcaption>Quelle: Wikipedia<\/figcaption><\/figure><\/div>\n\n\n\n<p> Die <strong>Jerusalemer Urgemeinde<\/strong> gilt als die erste Gemeinschaft des Urchristentums. Sie bildete sich nach der Kreuzigung Jesu in Jerusalem. Sie verk\u00fcndete den Israeliten und allen \u00fcbrigen V\u00f6lkern die Auferstehung Jesu Christi, Vergebung der S\u00fcnden und Jesu Gebote, sich auf seine Wiederkunft (Parusie) und das damit verbundene Weltende vorzubereiten. <\/p>\n\n\n\n<p> Der <strong><a rel=\"noreferrer noopener\" aria-label=\"Brief an die Hebr\u00e4er (\u00f6ffnet in neuem Tab)\" href=\"https:\/\/de.wikipedia.org\/wiki\/Brief_an_die_Hebr%C3%A4er\" target=\"_blank\">Brief an die Hebr\u00e4er<\/a><\/strong> ist ein Buch des Neuen Testaments,  es wird seit dem Mittelalter in 13 Kapitel eingeteilt. Obwohl \u00fcber  keine der literaturgeschichtlichen Fragen nach dem Verfasser, dem  Empf\u00e4ngerkreis, der Datierung oder selbst der literarischen Gattung der  mit \u03a0\u03c1\u1f78\u03c2 \u0388\u03b2\u03c1\u03b1\u03af\u03bf\u03c5\u03c2 betitelten Schrift auch nur ann\u00e4hernd ein  wissenschaftlicher Konsens besteht, lassen sich doch historische  Wahrscheinlichkeiten abw\u00e4gen und Gr\u00fcnde f\u00fcr die verschiedenen Hypothesen  anf\u00fchren. <\/p>\n\n\n\n<h4 class=\"wp-block-heading\">Hebr 1, 1-2<\/h4>\n\n\n\n<blockquote class=\"wp-block-quote is-layout-flow wp-block-quote-is-layout-flow\"><p>Nachdem Jahuwah vor Zeiten manchmal und auf mancherlei Weise zu den V\u00e4tern geredet hat durch die Propheten, hat er zuletzt in diesen Tagen zu uns geredet durch den Sohn, <sup>2<\/sup> welchen er zum Erben von allem eingesetzt, durch welchen er auch die Weltzeiten gemacht hat;<\/p><cite>medianus 2019<\/cite><\/blockquote>\n\n\n\n<p>\u00c4nderung: (nach Textus Receptus)<br>Nachdem Jahuwah in vergangenen Zeiten vielf\u00e4ltig und auf vielerlei Weise zu den V\u00e4tern geredet hat durch die Propheten, <sup>2<\/sup>  hat er in diesen letzten Tagen zu uns geredet durch den Sohn.  Ihn hat er eingesetzt zum Erben von allem, durch ihn hat er auch die Welten geschaffen; <\/p>\n\n\n\n<h4 class=\"wp-block-heading\">Hebr 2, 7<\/h4>\n\n\n\n<blockquote class=\"wp-block-quote is-layout-flow wp-block-quote-is-layout-flow\"><p>Du hast ihn ein wenig niedriger gemacht als die Engel, mit Herrlichkeit und Ehre hast du ihn gekr\u00f6nt; alles hast du unter seine F\u00fc\u00dfe getan.\u00bb <sup>8<\/sup> Indem er ihm aber alles unterworfen hat, hat er nichts \u00fcbrig gelassen, das ihm nicht unterworfen w\u00e4re. Jetzt aber sehen wir noch nicht, dass ihm alles unterworfen ist;<\/p><cite>medianus 2019<\/cite><\/blockquote>\n\n\n\n<p>\u00c4nderung:<br>Du hast ihn ein wenig  niedriger sein lassen als die Engel; mit Herrlichkeit und Ehre hast du  ihn gekr\u00f6nt und hast ihn gesetzt \u00fcber die Werke deiner H\u00e4nde;  <sup>8<\/sup>  alles hast du seinen F\u00fc\u00dfen unterworfen. \u00bb   Indem er ihm aber alles unterworfen hat, hat er nichts \u00fcbriggelassen,  das ihm nicht unterworfen w\u00e4re. Jetzt aber sehen wir noch nicht, da\u00df ihm  alles unterworfen ist; <\/p>\n\n\n\n<h4 class=\"wp-block-heading\">Hebr 3, 6<\/h4>\n\n\n\n<blockquote class=\"wp-block-quote is-layout-flow wp-block-quote-is-layout-flow\"><p>Jahuschuah aber als Sohn \u00fcber sein eigenes Haus; sein Haus sind wir, wenn wir die Freim\u00fctigkeit und den Ruhm der Hoffnung bis zum Ende fest behalten.<\/p><cite>medianus 2019<\/cite><\/blockquote>\n\n\n\n<p>\u00c4nderung:<br>Der Maschiach aber als Sohn \u00fcber sein eigenes Haus; sein Haus sind wir, wenn wir die Freim\u00fctigkeit und den Ruhm der Hoffnung  bis zum Ende standhaft festhalten.<\/p>\n\n\n\n<h4 class=\"wp-block-heading\">  Hebr 7, 21<\/h4>\n\n\n\n<blockquote class=\"wp-block-quote is-layout-flow wp-block-quote-is-layout-flow\"><p>dieser aber mit einem Eid durch den, der zu ihm sprach: \u00abDer Herr hat geschworen und es wird ihn nicht gereuen: Du bist Priester in Ewigkeit\u00bb;<\/p><cite>medianus 2019<\/cite><\/blockquote>\n\n\n\n<p>\u00c4nderung:<br>dieser aber mit einem Eid durch den, der zu ihm sprach: \u00abDer Herr hat geschworen und es wird ihn nicht gereuen: Du bist Priester in Ewigkeit  <strong>nach der Weise Melchisedeks<\/strong>\u00bb;<\/p>\n\n\n\n<h4 class=\"wp-block-heading\">Hebr 8, 12<\/h4>\n\n\n\n<blockquote class=\"wp-block-quote is-layout-flow wp-block-quote-is-layout-flow\"><p>denn ich werde gn\u00e4dig sein gegen ihre Ungerechtigkeiten und ihrer S\u00fcnden nicht mehr gedenken.\u00bb<\/p><cite>medianus 2019<\/cite><\/blockquote>\n\n\n\n<p>\u00c4nderung:<br>denn ich werde gn\u00e4dig sein gegen ihre Ungerechtigkeiten, und an ihre  S\u00fcnden <strong>und ihre Gesetzlosigkeiten<\/strong> werde ich nicht mehr gedenken.\u00bb<\/p>\n\n\n\n<h4 class=\"wp-block-heading\"> Hebr 10, 9<\/h4>\n\n\n\n<blockquote class=\"wp-block-quote is-layout-flow wp-block-quote-is-layout-flow\"><p>und dann fortf\u00e4hrt: \u00abSiehe, ich komme, zu tun deinen Willen\u00bb, hebt er das erstere auf, um das andere einzusetzen.<\/p><cite>medianus 2019<\/cite><\/blockquote>\n\n\n\n<p>\u00c4nderung:<br>und dann fortf\u00e4hrt: \u00abSiehe, ich komme, zu tun deinen Willen<strong>, o Jahuwah<\/strong>\u00bb, hebt er das erstere auf, um das andere einzusetzen.<\/p>\n\n\n\n<h4 class=\"wp-block-heading\">Hebr 10, 34<\/h4>\n\n\n\n<blockquote class=\"wp-block-quote is-layout-flow wp-block-quote-is-layout-flow\"><p>denn ihr habt den Gefangenen Teilnahme bewiesen und den Raub eurer G\u00fcter mit Freuden hingenommen, in der Erkenntnis, dass ihr selbst ein besseres und bleibendes Gut besitzt.<\/p><cite>medianus 2019<\/cite><\/blockquote>\n\n\n\n<p>\u00c4nderung:<br>denn ihr habt den Gefangenen Teilnahme bewiesen und den Raub eurer G\u00fcter  mit Freuden hingenommen, in der Erkenntnis, dass ihr selbst ein  besseres und bleibendes Gut <strong>in den Himmeln<\/strong> besitzt. <\/p>\n","protected":false},"excerpt":{"rendered":"<p>Die Jerusalemer Urgemeinde gilt als die erste Gemeinschaft des Urchristentums. Sie bildete sich nach der Kreuzigung Jesu in Jerusalem. Sie verk\u00fcndete den Israeliten und allen \u00fcbrigen V\u00f6lkern die Auferstehung Jesu Christi, Vergebung der S\u00fcnden und Jesu Gebote, sich auf seine Wiederkunft (Parusie) und das damit verbundene Weltende vorzubereiten. Der Brief an die Hebr\u00e4er ist ein &hellip; <a href=\"https:\/\/www.medianus.at\/bibel\/neues-testament\/hebraeer\/\" class=\"more-link\"><span class=\"screen-reader-text\">&#8222;Hebr\u00e4er&#8220; <\/span>weiterlesen<\/a><\/p>\n","protected":false},"author":1,"featured_media":0,"parent":31,"menu_order":0,"comment_status":"closed","ping_status":"closed","template":"","meta":{"footnotes":""},"class_list":["post-598","page","type-page","status-publish","hentry"],"yoast_head":"<!-- This site is optimized with the Yoast SEO plugin v22.9 - https:\/\/yoast.com\/wordpress\/plugins\/seo\/ -->\n<title>Hebr\u00e4er - Korrekturen zur Ausgabe medianus-bibel 2021<\/title>\n<meta name=\"description\" content=\"\u00c4nderungen des Hebr\u00e4er-Briefes der Bibelausgabe medianus 2021 gegen\u00fcber der Ausgabe 2019. Die Redaktion der Medianus Bibel.\" \/>\n<meta name=\"robots\" content=\"index, follow, max-snippet:-1, max-image-preview:large, max-video-preview:-1\" \/>\n<link rel=\"canonical\" href=\"https:\/\/www.medianus.at\/bibel\/neues-testament\/hebraeer\/\" \/>\n<meta property=\"og:locale\" content=\"de_DE\" \/>\n<meta property=\"og:type\" content=\"article\" \/>\n<meta property=\"og:title\" content=\"Hebr\u00e4er - Korrekturen zur Ausgabe medianus-bibel 2021\" \/>\n<meta property=\"og:description\" content=\"\u00c4nderungen des Hebr\u00e4er-Briefes der Bibelausgabe medianus 2021 gegen\u00fcber der Ausgabe 2019. Die Redaktion der Medianus Bibel.\" \/>\n<meta property=\"og:url\" content=\"https:\/\/www.medianus.at\/bibel\/neues-testament\/hebraeer\/\" \/>\n<meta property=\"og:site_name\" content=\"Medianus\" \/>\n<meta property=\"article:modified_time\" content=\"2021-01-28T13:36:31+00:00\" \/>\n<meta property=\"og:image\" content=\"https:\/\/upload.wikimedia.org\/wikipedia\/commons\/thumb\/c\/cd\/Albrecht_D%C3%BCrer_021.jpg\/330px-Albrecht_D%C3%BCrer_021.jpg\" \/>\n<meta name=\"twitter:card\" content=\"summary_large_image\" \/>\n<meta name=\"twitter:label1\" content=\"Gesch\u00e4tzte Lesezeit\" \/>\n\t<meta name=\"twitter:data1\" content=\"3\u00a0Minuten\" \/>\n<script type=\"application\/ld+json\" class=\"yoast-schema-graph\">{\"@context\":\"https:\/\/schema.org\",\"@graph\":[{\"@type\":\"WebPage\",\"@id\":\"https:\/\/www.medianus.at\/bibel\/neues-testament\/hebraeer\/\",\"url\":\"https:\/\/www.medianus.at\/bibel\/neues-testament\/hebraeer\/\",\"name\":\"Hebr\u00e4er - Korrekturen zur Ausgabe medianus-bibel 2021\",\"isPartOf\":{\"@id\":\"https:\/\/www.medianus.at\/bibel\/#website\"},\"primaryImageOfPage\":{\"@id\":\"https:\/\/www.medianus.at\/bibel\/neues-testament\/hebraeer\/#primaryimage\"},\"image\":{\"@id\":\"https:\/\/www.medianus.at\/bibel\/neues-testament\/hebraeer\/#primaryimage\"},\"thumbnailUrl\":\"https:\/\/upload.wikimedia.org\/wikipedia\/commons\/thumb\/c\/cd\/Albrecht_D%C3%BCrer_021.jpg\/330px-Albrecht_D%C3%BCrer_021.jpg\",\"datePublished\":\"2021-01-28T10:37:59+00:00\",\"dateModified\":\"2021-01-28T13:36:31+00:00\",\"description\":\"\u00c4nderungen des Hebr\u00e4er-Briefes der Bibelausgabe medianus 2021 gegen\u00fcber der Ausgabe 2019. Die Redaktion der Medianus Bibel.\",\"breadcrumb\":{\"@id\":\"https:\/\/www.medianus.at\/bibel\/neues-testament\/hebraeer\/#breadcrumb\"},\"inLanguage\":\"de\",\"potentialAction\":[{\"@type\":\"ReadAction\",\"target\":[\"https:\/\/www.medianus.at\/bibel\/neues-testament\/hebraeer\/\"]}]},{\"@type\":\"ImageObject\",\"inLanguage\":\"de\",\"@id\":\"https:\/\/www.medianus.at\/bibel\/neues-testament\/hebraeer\/#primaryimage\",\"url\":\"https:\/\/upload.wikimedia.org\/wikipedia\/commons\/thumb\/c\/cd\/Albrecht_D%C3%BCrer_021.jpg\/330px-Albrecht_D%C3%BCrer_021.jpg\",\"contentUrl\":\"https:\/\/upload.wikimedia.org\/wikipedia\/commons\/thumb\/c\/cd\/Albrecht_D%C3%BCrer_021.jpg\/330px-Albrecht_D%C3%BCrer_021.jpg\"},{\"@type\":\"BreadcrumbList\",\"@id\":\"https:\/\/www.medianus.at\/bibel\/neues-testament\/hebraeer\/#breadcrumb\",\"itemListElement\":[{\"@type\":\"ListItem\",\"position\":1,\"name\":\"Startseite\",\"item\":\"https:\/\/www.medianus.at\/bibel\/\"},{\"@type\":\"ListItem\",\"position\":2,\"name\":\"Neues Testament\",\"item\":\"https:\/\/www.medianus.at\/bibel\/neues-testament\/\"},{\"@type\":\"ListItem\",\"position\":3,\"name\":\"Hebr\u00e4er\"}]},{\"@type\":\"WebSite\",\"@id\":\"https:\/\/www.medianus.at\/bibel\/#website\",\"url\":\"https:\/\/www.medianus.at\/bibel\/\",\"name\":\"Medianus\",\"description\":\"Endzeitbewu\u00dftsein\",\"publisher\":{\"@id\":\"https:\/\/www.medianus.at\/bibel\/#\/schema\/person\/9813ce5b369f8452dc40ce133ead17a7\"},\"potentialAction\":[{\"@type\":\"SearchAction\",\"target\":{\"@type\":\"EntryPoint\",\"urlTemplate\":\"https:\/\/www.medianus.at\/bibel\/?s={search_term_string}\"},\"query-input\":\"required name=search_term_string\"}],\"inLanguage\":\"de\"},{\"@type\":[\"Person\",\"Organization\"],\"@id\":\"https:\/\/www.medianus.at\/bibel\/#\/schema\/person\/9813ce5b369f8452dc40ce133ead17a7\",\"name\":\"Walter Panhuber\",\"image\":{\"@type\":\"ImageObject\",\"inLanguage\":\"de\",\"@id\":\"https:\/\/www.medianus.at\/bibel\/#\/schema\/person\/image\/\",\"url\":\"https:\/\/secure.gravatar.com\/avatar\/ff8326d54d16e623f9e2aeb12289ecab?s=96&d=mm&r=g\",\"contentUrl\":\"https:\/\/secure.gravatar.com\/avatar\/ff8326d54d16e623f9e2aeb12289ecab?s=96&d=mm&r=g\",\"caption\":\"Walter Panhuber\"},\"logo\":{\"@id\":\"https:\/\/www.medianus.at\/bibel\/#\/schema\/person\/image\/\"}}]}<\/script>\n<!-- \/ Yoast SEO plugin. -->","yoast_head_json":{"title":"Hebr\u00e4er - Korrekturen zur Ausgabe medianus-bibel 2021","description":"\u00c4nderungen des Hebr\u00e4er-Briefes der Bibelausgabe medianus 2021 gegen\u00fcber der Ausgabe 2019. Die Redaktion der Medianus Bibel.","robots":{"index":"index","follow":"follow","max-snippet":"max-snippet:-1","max-image-preview":"max-image-preview:large","max-video-preview":"max-video-preview:-1"},"canonical":"https:\/\/www.medianus.at\/bibel\/neues-testament\/hebraeer\/","og_locale":"de_DE","og_type":"article","og_title":"Hebr\u00e4er - Korrekturen zur Ausgabe medianus-bibel 2021","og_description":"\u00c4nderungen des Hebr\u00e4er-Briefes der Bibelausgabe medianus 2021 gegen\u00fcber der Ausgabe 2019. Die Redaktion der Medianus Bibel.","og_url":"https:\/\/www.medianus.at\/bibel\/neues-testament\/hebraeer\/","og_site_name":"Medianus","article_modified_time":"2021-01-28T13:36:31+00:00","og_image":[{"url":"https:\/\/upload.wikimedia.org\/wikipedia\/commons\/thumb\/c\/cd\/Albrecht_D%C3%BCrer_021.jpg\/330px-Albrecht_D%C3%BCrer_021.jpg"}],"twitter_card":"summary_large_image","twitter_misc":{"Gesch\u00e4tzte Lesezeit":"3\u00a0Minuten"},"schema":{"@context":"https:\/\/schema.org","@graph":[{"@type":"WebPage","@id":"https:\/\/www.medianus.at\/bibel\/neues-testament\/hebraeer\/","url":"https:\/\/www.medianus.at\/bibel\/neues-testament\/hebraeer\/","name":"Hebr\u00e4er - Korrekturen zur Ausgabe medianus-bibel 2021","isPartOf":{"@id":"https:\/\/www.medianus.at\/bibel\/#website"},"primaryImageOfPage":{"@id":"https:\/\/www.medianus.at\/bibel\/neues-testament\/hebraeer\/#primaryimage"},"image":{"@id":"https:\/\/www.medianus.at\/bibel\/neues-testament\/hebraeer\/#primaryimage"},"thumbnailUrl":"https:\/\/upload.wikimedia.org\/wikipedia\/commons\/thumb\/c\/cd\/Albrecht_D%C3%BCrer_021.jpg\/330px-Albrecht_D%C3%BCrer_021.jpg","datePublished":"2021-01-28T10:37:59+00:00","dateModified":"2021-01-28T13:36:31+00:00","description":"\u00c4nderungen des Hebr\u00e4er-Briefes der Bibelausgabe medianus 2021 gegen\u00fcber der Ausgabe 2019. Die Redaktion der Medianus Bibel.","breadcrumb":{"@id":"https:\/\/www.medianus.at\/bibel\/neues-testament\/hebraeer\/#breadcrumb"},"inLanguage":"de","potentialAction":[{"@type":"ReadAction","target":["https:\/\/www.medianus.at\/bibel\/neues-testament\/hebraeer\/"]}]},{"@type":"ImageObject","inLanguage":"de","@id":"https:\/\/www.medianus.at\/bibel\/neues-testament\/hebraeer\/#primaryimage","url":"https:\/\/upload.wikimedia.org\/wikipedia\/commons\/thumb\/c\/cd\/Albrecht_D%C3%BCrer_021.jpg\/330px-Albrecht_D%C3%BCrer_021.jpg","contentUrl":"https:\/\/upload.wikimedia.org\/wikipedia\/commons\/thumb\/c\/cd\/Albrecht_D%C3%BCrer_021.jpg\/330px-Albrecht_D%C3%BCrer_021.jpg"},{"@type":"BreadcrumbList","@id":"https:\/\/www.medianus.at\/bibel\/neues-testament\/hebraeer\/#breadcrumb","itemListElement":[{"@type":"ListItem","position":1,"name":"Startseite","item":"https:\/\/www.medianus.at\/bibel\/"},{"@type":"ListItem","position":2,"name":"Neues Testament","item":"https:\/\/www.medianus.at\/bibel\/neues-testament\/"},{"@type":"ListItem","position":3,"name":"Hebr\u00e4er"}]},{"@type":"WebSite","@id":"https:\/\/www.medianus.at\/bibel\/#website","url":"https:\/\/www.medianus.at\/bibel\/","name":"Medianus","description":"Endzeitbewu\u00dftsein","publisher":{"@id":"https:\/\/www.medianus.at\/bibel\/#\/schema\/person\/9813ce5b369f8452dc40ce133ead17a7"},"potentialAction":[{"@type":"SearchAction","target":{"@type":"EntryPoint","urlTemplate":"https:\/\/www.medianus.at\/bibel\/?s={search_term_string}"},"query-input":"required name=search_term_string"}],"inLanguage":"de"},{"@type":["Person","Organization"],"@id":"https:\/\/www.medianus.at\/bibel\/#\/schema\/person\/9813ce5b369f8452dc40ce133ead17a7","name":"Walter Panhuber","image":{"@type":"ImageObject","inLanguage":"de","@id":"https:\/\/www.medianus.at\/bibel\/#\/schema\/person\/image\/","url":"https:\/\/secure.gravatar.com\/avatar\/ff8326d54d16e623f9e2aeb12289ecab?s=96&d=mm&r=g","contentUrl":"https:\/\/secure.gravatar.com\/avatar\/ff8326d54d16e623f9e2aeb12289ecab?s=96&d=mm&r=g","caption":"Walter Panhuber"},"logo":{"@id":"https:\/\/www.medianus.at\/bibel\/#\/schema\/person\/image\/"}}]}},"_links":{"self":[{"href":"https:\/\/www.medianus.at\/bibel\/wp-json\/wp\/v2\/pages\/598"}],"collection":[{"href":"https:\/\/www.medianus.at\/bibel\/wp-json\/wp\/v2\/pages"}],"about":[{"href":"https:\/\/www.medianus.at\/bibel\/wp-json\/wp\/v2\/types\/page"}],"author":[{"embeddable":true,"href":"https:\/\/www.medianus.at\/bibel\/wp-json\/wp\/v2\/users\/1"}],"replies":[{"embeddable":true,"href":"https:\/\/www.medianus.at\/bibel\/wp-json\/wp\/v2\/comments?post=598"}],"version-history":[{"count":3,"href":"https:\/\/www.medianus.at\/bibel\/wp-json\/wp\/v2\/pages\/598\/revisions"}],"predecessor-version":[{"id":603,"href":"https:\/\/www.medianus.at\/bibel\/wp-json\/wp\/v2\/pages\/598\/revisions\/603"}],"up":[{"embeddable":true,"href":"https:\/\/www.medianus.at\/bibel\/wp-json\/wp\/v2\/pages\/31"}],"wp:attachment":[{"href":"https:\/\/www.medianus.at\/bibel\/wp-json\/wp\/v2\/media?parent=598"}],"curies":[{"name":"wp","href":"https:\/\/api.w.org\/{rel}","templated":true}]}}