{"id":592,"date":"2021-01-27T22:08:58","date_gmt":"2021-01-27T21:08:58","guid":{"rendered":"https:\/\/www.medianus.at\/bibel\/?page_id=592"},"modified":"2021-02-03T12:43:59","modified_gmt":"2021-02-03T11:43:59","slug":"titus","status":"publish","type":"page","link":"https:\/\/www.medianus.at\/bibel\/neues-testament\/titus\/","title":{"rendered":"Titus"},"content":{"rendered":"\n<div class=\"wp-block-image\"><figure class=\"alignleft size-large is-resized\"><a href=\"https:\/\/de.wikipedia.org\/wiki\/Titus_(Bibel)\" target=\"_blank\" rel=\"noreferrer noopener\"><img loading=\"lazy\" decoding=\"async\" src=\"https:\/\/upload.wikimedia.org\/wikipedia\/commons\/thumb\/d\/da\/Saint_Titus_%28Kosovo%2C_14th_c._Pech_Patriarch.%2C_S._Nicholas_church%29.jpg\/383px-Saint_Titus_%28Kosovo%2C_14th_c._Pech_Patriarch.%2C_S._Nicholas_church%29.jpg\" alt=\"\" width=\"237\" height=\"282\"\/><\/a><figcaption>Quelle: Wikipedia<\/figcaption><\/figure><\/div>\n\n\n\n<p><strong>Titus<\/strong> (griechisch \u0386\u03b3\u03b9\u03bf\u03c2 \u03a4\u03af\u03c4\u03bf\u03c2 <em>\u00c1gios T\u00edtos<\/em> bzw. altgriechisch \u1f0d\u03b3\u03b9\u03bf\u03c2 \u03a4\u03af\u03c4\u03bf\u03c2 <em>H\u00e1gios T\u00edtos<\/em> = heiliger Titus); (* 10 oder 11, Geburtsort vermutlich Korinth; \u2020 105 auf Kreta), der im Neuen Testament als ein Sch\u00fcler des ApostelsPaulus bezeichnet wird, war der erste Bischof von Kreta und gilt als Schutzpatron der kretischen Kirche. Er wurde sp\u00e4ter zu den Siebzig J\u00fcngern   gez\u00e4hlt. Seine Lebensdaten sind unbekannt, der altkirchlichen Legende  nach starb er um 105 n. Chr. mit etwa 94 Jahren auf Kreta.<\/p>\n\n\n\n<p>Der <strong><a href=\"https:\/\/de.wikipedia.org\/wiki\/Brief_des_Paulus_an_Titus\" target=\"_blank\" rel=\"noreferrer noopener\" aria-label=\"Brief des Paulus an Titus (\u00f6ffnet in neuem Tab)\">Brief des Paulus an Titus<\/a><\/strong> ist ein Buch des Neuen Testaments der christlichen Bibel. Er wird seit dem Mittelalter in drei Kapitel unterteilt und ist eines der k\u00fcrzesten B\u00fccher der Bibel. Der Brief selbst gibt an, vom Apostel Paulus geschrieben worden zu sein. Der Adressat Titus war dessen langj\u00e4hriger Mitarbeiter. Die Verfasserschaft des Paulus wird heute vielfach bestritten<\/p>\n\n\n\n<h4 class=\"wp-block-heading\">Tit 2, 7-8<\/h4>\n\n\n\n<blockquote class=\"wp-block-quote is-layout-flow wp-block-quote-is-layout-flow\"><p>wobei du dich selbst in allem zum Vorbild guter Werke machen musst; <sup>8<\/sup> im Unterrichten zeige Unverf\u00e4lschtheit, W\u00fcrde, gesunde, untadelige Rede, damit der Widersacher besch\u00e4mt werde, weil er nichts Schlechtes von uns zu sagen wei\u00df.<\/p><cite>medianus 2019<\/cite><\/blockquote>\n\n\n\n<p>\u00c4nderung: (nach Textus Receptus)<br>In allem mache dich selbst zu einem Vorbild guter Werke. In der Lehre erweise Unverf\u00e4lschtheit, w\u00fcrdigen Ernst, Unverderbtheit, 8&nbsp;gesunde, untadelige Rede, damit der Gegner besch\u00e4mt wird, weil er nichts Schlechtes \u00fcber euch sagen kann.  <\/p>\n","protected":false},"excerpt":{"rendered":"<p>Titus (griechisch \u0386\u03b3\u03b9\u03bf\u03c2 \u03a4\u03af\u03c4\u03bf\u03c2 \u00c1gios T\u00edtos bzw. altgriechisch \u1f0d\u03b3\u03b9\u03bf\u03c2 \u03a4\u03af\u03c4\u03bf\u03c2 H\u00e1gios T\u00edtos = heiliger Titus); (* 10 oder 11, Geburtsort vermutlich Korinth; \u2020 105 auf Kreta), der im Neuen Testament als ein Sch\u00fcler des ApostelsPaulus bezeichnet wird, war der erste Bischof von Kreta und gilt als Schutzpatron der kretischen Kirche. Er wurde sp\u00e4ter zu den &hellip; <a href=\"https:\/\/www.medianus.at\/bibel\/neues-testament\/titus\/\" class=\"more-link\"><span class=\"screen-reader-text\">&#8222;Titus&#8220; <\/span>weiterlesen<\/a><\/p>\n","protected":false},"author":1,"featured_media":0,"parent":31,"menu_order":0,"comment_status":"closed","ping_status":"closed","template":"","meta":{"footnotes":""},"class_list":["post-592","page","type-page","status-publish","hentry"],"yoast_head":"<!-- This site is optimized with the Yoast SEO plugin v22.9 - https:\/\/yoast.com\/wordpress\/plugins\/seo\/ -->\n<title>Titus - Korrekturen zur Ausgabe medianus-bibel 2021<\/title>\n<meta name=\"description\" content=\"\u00c4nderungen in den Briefen an Titus der Bibelausgabe medianus 2021 gegen\u00fcber der Ausgabe 2019. Die Redaktion der Medianus Bibel\" \/>\n<meta name=\"robots\" content=\"index, follow, max-snippet:-1, max-image-preview:large, max-video-preview:-1\" \/>\n<link rel=\"canonical\" href=\"https:\/\/www.medianus.at\/bibel\/neues-testament\/titus\/\" \/>\n<meta property=\"og:locale\" content=\"de_DE\" \/>\n<meta property=\"og:type\" content=\"article\" \/>\n<meta property=\"og:title\" content=\"Titus - Korrekturen zur Ausgabe medianus-bibel 2021\" \/>\n<meta property=\"og:description\" content=\"\u00c4nderungen in den Briefen an Titus der Bibelausgabe medianus 2021 gegen\u00fcber der Ausgabe 2019. Die Redaktion der Medianus Bibel\" \/>\n<meta property=\"og:url\" content=\"https:\/\/www.medianus.at\/bibel\/neues-testament\/titus\/\" \/>\n<meta property=\"og:site_name\" content=\"Medianus\" \/>\n<meta property=\"article:modified_time\" content=\"2021-02-03T11:43:59+00:00\" \/>\n<meta property=\"og:image\" content=\"https:\/\/upload.wikimedia.org\/wikipedia\/commons\/thumb\/d\/da\/Saint_Titus_%28Kosovo%2C_14th_c._Pech_Patriarch.%2C_S._Nicholas_church%29.jpg\/383px-Saint_Titus_%28Kosovo%2C_14th_c._Pech_Patriarch.%2C_S._Nicholas_church%29.jpg\" \/>\n<meta name=\"twitter:card\" content=\"summary_large_image\" \/>\n<meta name=\"twitter:label1\" content=\"Gesch\u00e4tzte Lesezeit\" \/>\n\t<meta name=\"twitter:data1\" content=\"1\u00a0Minute\" \/>\n<script type=\"application\/ld+json\" class=\"yoast-schema-graph\">{\"@context\":\"https:\/\/schema.org\",\"@graph\":[{\"@type\":\"WebPage\",\"@id\":\"https:\/\/www.medianus.at\/bibel\/neues-testament\/titus\/\",\"url\":\"https:\/\/www.medianus.at\/bibel\/neues-testament\/titus\/\",\"name\":\"Titus - Korrekturen zur Ausgabe medianus-bibel 2021\",\"isPartOf\":{\"@id\":\"https:\/\/www.medianus.at\/bibel\/#website\"},\"primaryImageOfPage\":{\"@id\":\"https:\/\/www.medianus.at\/bibel\/neues-testament\/titus\/#primaryimage\"},\"image\":{\"@id\":\"https:\/\/www.medianus.at\/bibel\/neues-testament\/titus\/#primaryimage\"},\"thumbnailUrl\":\"https:\/\/upload.wikimedia.org\/wikipedia\/commons\/thumb\/d\/da\/Saint_Titus_%28Kosovo%2C_14th_c._Pech_Patriarch.%2C_S._Nicholas_church%29.jpg\/383px-Saint_Titus_%28Kosovo%2C_14th_c._Pech_Patriarch.%2C_S._Nicholas_church%29.jpg\",\"datePublished\":\"2021-01-27T21:08:58+00:00\",\"dateModified\":\"2021-02-03T11:43:59+00:00\",\"description\":\"\u00c4nderungen in den Briefen an Titus der Bibelausgabe medianus 2021 gegen\u00fcber der Ausgabe 2019. Die Redaktion der Medianus Bibel\",\"breadcrumb\":{\"@id\":\"https:\/\/www.medianus.at\/bibel\/neues-testament\/titus\/#breadcrumb\"},\"inLanguage\":\"de\",\"potentialAction\":[{\"@type\":\"ReadAction\",\"target\":[\"https:\/\/www.medianus.at\/bibel\/neues-testament\/titus\/\"]}]},{\"@type\":\"ImageObject\",\"inLanguage\":\"de\",\"@id\":\"https:\/\/www.medianus.at\/bibel\/neues-testament\/titus\/#primaryimage\",\"url\":\"https:\/\/upload.wikimedia.org\/wikipedia\/commons\/thumb\/d\/da\/Saint_Titus_%28Kosovo%2C_14th_c._Pech_Patriarch.%2C_S._Nicholas_church%29.jpg\/383px-Saint_Titus_%28Kosovo%2C_14th_c._Pech_Patriarch.%2C_S._Nicholas_church%29.jpg\",\"contentUrl\":\"https:\/\/upload.wikimedia.org\/wikipedia\/commons\/thumb\/d\/da\/Saint_Titus_%28Kosovo%2C_14th_c._Pech_Patriarch.%2C_S._Nicholas_church%29.jpg\/383px-Saint_Titus_%28Kosovo%2C_14th_c._Pech_Patriarch.%2C_S._Nicholas_church%29.jpg\"},{\"@type\":\"BreadcrumbList\",\"@id\":\"https:\/\/www.medianus.at\/bibel\/neues-testament\/titus\/#breadcrumb\",\"itemListElement\":[{\"@type\":\"ListItem\",\"position\":1,\"name\":\"Startseite\",\"item\":\"https:\/\/www.medianus.at\/bibel\/\"},{\"@type\":\"ListItem\",\"position\":2,\"name\":\"Neues Testament\",\"item\":\"https:\/\/www.medianus.at\/bibel\/neues-testament\/\"},{\"@type\":\"ListItem\",\"position\":3,\"name\":\"Titus\"}]},{\"@type\":\"WebSite\",\"@id\":\"https:\/\/www.medianus.at\/bibel\/#website\",\"url\":\"https:\/\/www.medianus.at\/bibel\/\",\"name\":\"Medianus\",\"description\":\"Endzeitbewu\u00dftsein\",\"publisher\":{\"@id\":\"https:\/\/www.medianus.at\/bibel\/#\/schema\/person\/9813ce5b369f8452dc40ce133ead17a7\"},\"potentialAction\":[{\"@type\":\"SearchAction\",\"target\":{\"@type\":\"EntryPoint\",\"urlTemplate\":\"https:\/\/www.medianus.at\/bibel\/?s={search_term_string}\"},\"query-input\":\"required name=search_term_string\"}],\"inLanguage\":\"de\"},{\"@type\":[\"Person\",\"Organization\"],\"@id\":\"https:\/\/www.medianus.at\/bibel\/#\/schema\/person\/9813ce5b369f8452dc40ce133ead17a7\",\"name\":\"Walter Panhuber\",\"image\":{\"@type\":\"ImageObject\",\"inLanguage\":\"de\",\"@id\":\"https:\/\/www.medianus.at\/bibel\/#\/schema\/person\/image\/\",\"url\":\"https:\/\/secure.gravatar.com\/avatar\/ff8326d54d16e623f9e2aeb12289ecab?s=96&d=mm&r=g\",\"contentUrl\":\"https:\/\/secure.gravatar.com\/avatar\/ff8326d54d16e623f9e2aeb12289ecab?s=96&d=mm&r=g\",\"caption\":\"Walter Panhuber\"},\"logo\":{\"@id\":\"https:\/\/www.medianus.at\/bibel\/#\/schema\/person\/image\/\"}}]}<\/script>\n<!-- \/ Yoast SEO plugin. -->","yoast_head_json":{"title":"Titus - Korrekturen zur Ausgabe medianus-bibel 2021","description":"\u00c4nderungen in den Briefen an Titus der Bibelausgabe medianus 2021 gegen\u00fcber der Ausgabe 2019. Die Redaktion der Medianus Bibel","robots":{"index":"index","follow":"follow","max-snippet":"max-snippet:-1","max-image-preview":"max-image-preview:large","max-video-preview":"max-video-preview:-1"},"canonical":"https:\/\/www.medianus.at\/bibel\/neues-testament\/titus\/","og_locale":"de_DE","og_type":"article","og_title":"Titus - Korrekturen zur Ausgabe medianus-bibel 2021","og_description":"\u00c4nderungen in den Briefen an Titus der Bibelausgabe medianus 2021 gegen\u00fcber der Ausgabe 2019. Die Redaktion der Medianus Bibel","og_url":"https:\/\/www.medianus.at\/bibel\/neues-testament\/titus\/","og_site_name":"Medianus","article_modified_time":"2021-02-03T11:43:59+00:00","og_image":[{"url":"https:\/\/upload.wikimedia.org\/wikipedia\/commons\/thumb\/d\/da\/Saint_Titus_%28Kosovo%2C_14th_c._Pech_Patriarch.%2C_S._Nicholas_church%29.jpg\/383px-Saint_Titus_%28Kosovo%2C_14th_c._Pech_Patriarch.%2C_S._Nicholas_church%29.jpg"}],"twitter_card":"summary_large_image","twitter_misc":{"Gesch\u00e4tzte Lesezeit":"1\u00a0Minute"},"schema":{"@context":"https:\/\/schema.org","@graph":[{"@type":"WebPage","@id":"https:\/\/www.medianus.at\/bibel\/neues-testament\/titus\/","url":"https:\/\/www.medianus.at\/bibel\/neues-testament\/titus\/","name":"Titus - Korrekturen zur Ausgabe medianus-bibel 2021","isPartOf":{"@id":"https:\/\/www.medianus.at\/bibel\/#website"},"primaryImageOfPage":{"@id":"https:\/\/www.medianus.at\/bibel\/neues-testament\/titus\/#primaryimage"},"image":{"@id":"https:\/\/www.medianus.at\/bibel\/neues-testament\/titus\/#primaryimage"},"thumbnailUrl":"https:\/\/upload.wikimedia.org\/wikipedia\/commons\/thumb\/d\/da\/Saint_Titus_%28Kosovo%2C_14th_c._Pech_Patriarch.%2C_S._Nicholas_church%29.jpg\/383px-Saint_Titus_%28Kosovo%2C_14th_c._Pech_Patriarch.%2C_S._Nicholas_church%29.jpg","datePublished":"2021-01-27T21:08:58+00:00","dateModified":"2021-02-03T11:43:59+00:00","description":"\u00c4nderungen in den Briefen an Titus der Bibelausgabe medianus 2021 gegen\u00fcber der Ausgabe 2019. Die Redaktion der Medianus Bibel","breadcrumb":{"@id":"https:\/\/www.medianus.at\/bibel\/neues-testament\/titus\/#breadcrumb"},"inLanguage":"de","potentialAction":[{"@type":"ReadAction","target":["https:\/\/www.medianus.at\/bibel\/neues-testament\/titus\/"]}]},{"@type":"ImageObject","inLanguage":"de","@id":"https:\/\/www.medianus.at\/bibel\/neues-testament\/titus\/#primaryimage","url":"https:\/\/upload.wikimedia.org\/wikipedia\/commons\/thumb\/d\/da\/Saint_Titus_%28Kosovo%2C_14th_c._Pech_Patriarch.%2C_S._Nicholas_church%29.jpg\/383px-Saint_Titus_%28Kosovo%2C_14th_c._Pech_Patriarch.%2C_S._Nicholas_church%29.jpg","contentUrl":"https:\/\/upload.wikimedia.org\/wikipedia\/commons\/thumb\/d\/da\/Saint_Titus_%28Kosovo%2C_14th_c._Pech_Patriarch.%2C_S._Nicholas_church%29.jpg\/383px-Saint_Titus_%28Kosovo%2C_14th_c._Pech_Patriarch.%2C_S._Nicholas_church%29.jpg"},{"@type":"BreadcrumbList","@id":"https:\/\/www.medianus.at\/bibel\/neues-testament\/titus\/#breadcrumb","itemListElement":[{"@type":"ListItem","position":1,"name":"Startseite","item":"https:\/\/www.medianus.at\/bibel\/"},{"@type":"ListItem","position":2,"name":"Neues Testament","item":"https:\/\/www.medianus.at\/bibel\/neues-testament\/"},{"@type":"ListItem","position":3,"name":"Titus"}]},{"@type":"WebSite","@id":"https:\/\/www.medianus.at\/bibel\/#website","url":"https:\/\/www.medianus.at\/bibel\/","name":"Medianus","description":"Endzeitbewu\u00dftsein","publisher":{"@id":"https:\/\/www.medianus.at\/bibel\/#\/schema\/person\/9813ce5b369f8452dc40ce133ead17a7"},"potentialAction":[{"@type":"SearchAction","target":{"@type":"EntryPoint","urlTemplate":"https:\/\/www.medianus.at\/bibel\/?s={search_term_string}"},"query-input":"required name=search_term_string"}],"inLanguage":"de"},{"@type":["Person","Organization"],"@id":"https:\/\/www.medianus.at\/bibel\/#\/schema\/person\/9813ce5b369f8452dc40ce133ead17a7","name":"Walter Panhuber","image":{"@type":"ImageObject","inLanguage":"de","@id":"https:\/\/www.medianus.at\/bibel\/#\/schema\/person\/image\/","url":"https:\/\/secure.gravatar.com\/avatar\/ff8326d54d16e623f9e2aeb12289ecab?s=96&d=mm&r=g","contentUrl":"https:\/\/secure.gravatar.com\/avatar\/ff8326d54d16e623f9e2aeb12289ecab?s=96&d=mm&r=g","caption":"Walter Panhuber"},"logo":{"@id":"https:\/\/www.medianus.at\/bibel\/#\/schema\/person\/image\/"}}]}},"_links":{"self":[{"href":"https:\/\/www.medianus.at\/bibel\/wp-json\/wp\/v2\/pages\/592"}],"collection":[{"href":"https:\/\/www.medianus.at\/bibel\/wp-json\/wp\/v2\/pages"}],"about":[{"href":"https:\/\/www.medianus.at\/bibel\/wp-json\/wp\/v2\/types\/page"}],"author":[{"embeddable":true,"href":"https:\/\/www.medianus.at\/bibel\/wp-json\/wp\/v2\/users\/1"}],"replies":[{"embeddable":true,"href":"https:\/\/www.medianus.at\/bibel\/wp-json\/wp\/v2\/comments?post=592"}],"version-history":[{"count":5,"href":"https:\/\/www.medianus.at\/bibel\/wp-json\/wp\/v2\/pages\/592\/revisions"}],"predecessor-version":[{"id":671,"href":"https:\/\/www.medianus.at\/bibel\/wp-json\/wp\/v2\/pages\/592\/revisions\/671"}],"up":[{"embeddable":true,"href":"https:\/\/www.medianus.at\/bibel\/wp-json\/wp\/v2\/pages\/31"}],"wp:attachment":[{"href":"https:\/\/www.medianus.at\/bibel\/wp-json\/wp\/v2\/media?parent=592"}],"curies":[{"name":"wp","href":"https:\/\/api.w.org\/{rel}","templated":true}]}}