{"id":574,"date":"2021-01-26T19:45:27","date_gmt":"2021-01-26T18:45:27","guid":{"rendered":"https:\/\/www.medianus.at\/bibel\/?page_id=574"},"modified":"2021-01-28T14:39:57","modified_gmt":"2021-01-28T13:39:57","slug":"paulus","status":"publish","type":"page","link":"https:\/\/www.medianus.at\/bibel\/neues-testament\/paulus\/","title":{"rendered":"Paulus"},"content":{"rendered":"\n<div class=\"wp-block-image\"><figure class=\"alignleft size-large\"><a href=\"https:\/\/de.wikipedia.org\/wiki\/Paulus_von_Tarsus\" target=\"_blank\" rel=\"noreferrer noopener\"><img decoding=\"async\" src=\"https:\/\/upload.wikimedia.org\/wikipedia\/commons\/thumb\/e\/ee\/Bartolomeo_Montagna_-_Saint_Paul_-_Google_Art_Project.jpg\/255px-Bartolomeo_Montagna_-_Saint_Paul_-_Google_Art_Project.jpg\" alt=\"\"\/><\/a><figcaption>Quelle: Wikipedia<\/figcaption><\/figure><\/div>\n\n\n\n<p><strong>Paulus von Tarsus<\/strong> (griechisch \u03a0\u03b1\u1fe6\u03bb\u03bf\u03c2 <em>Pa\u00fblos<\/em>, hebr\u00e4ischer Name \u05e9\u05b8\u05c1\u05d0\u05d5\u05bc\u05dc <em>Scha\u2019ul (Saul)<\/em>, lateinisch <em>Paulus<\/em>; * vermutlich vor dem Jahr 10 in Tarsus\/Kilikien; \u2020 nach 60, vermutlich in Rom) war nach dem Neuen Testament (NT) ein erfolgreicher Missionar des Urchristentums und einer der ersten christlichen Theologen. Seine Historizit\u00e4t gilt den allermeisten Forschern als gesichert. <br>Als griechisch gebildeter Jude und gesetzestreuer Pharis\u00e4er mit r\u00f6mischem B\u00fcrgerrecht verfolgte Paulus zun\u00e4chst die Anh\u00e4nger des Maschiach, dem er, abgesehen von dessen Erscheinung bei seiner Bekehrung, nie begegnet war. Seit der Bekehrung verstand er sich jedoch als von Gott berufener Apostel des Evangeliums f\u00fcr die V\u00f6lker (Gal 1,15). Als solcher verk\u00fcndete er vor allem Nichtjuden den auferstandenen Maschiach. Dazu bereiste er den \u00f6stlichen Mittelmeerraum  und gr\u00fcndete dort einige christliche Gemeinden. Durch seine Briefe  blieb er mit ihnen in Kontakt. Diese \u00e4ltesten erhaltenen urchristlichen  Schriften bilden als so genannte Paulusbriefe einen wesentlichen Teil des sp\u00e4teren NT. <\/p>\n\n\n\n<h4 class=\"wp-block-heading\">Paulus Briefe<\/h4>\n\n\n\n<p><a href=\"https:\/\/www.medianus.at\/bibel\/neues-testament\/korinther\/\">Korinther<\/a><br><a href=\"https:\/\/www.medianus.at\/bibel\/neues-testament\/roemer\/\">R\u00f6mer<\/a><br><a href=\"https:\/\/www.medianus.at\/bibel\/neues-testament\/epheser\/\">Epheser<\/a><br><a href=\"https:\/\/www.medianus.at\/bibel\/neues-testament\/korinther\/\">Korinther<\/a><br>Galater<br><a href=\"https:\/\/www.medianus.at\/bibel\/neues-testament\/philipper\/\">Philipper<\/a><br><a href=\"https:\/\/www.medianus.at\/bibel\/neues-testament\/kolosser\/\">Kolosser<\/a><br><a href=\"https:\/\/www.medianus.at\/bibel\/neues-testament\/thessalonicher\/\">Thessalonicher<\/a><br><a href=\"https:\/\/www.medianus.at\/bibel\/neues-testament\/timotheus\/\">Timotheus<\/a><br><a href=\"https:\/\/www.medianus.at\/bibel\/neues-testament\/titus\/\">Titus<\/a><br>Philemon<br><a href=\"https:\/\/www.medianus.at\/bibel\/neues-testament\/hebraeer\/\">Hebr\u00e4er<\/a><\/p>\n","protected":false},"excerpt":{"rendered":"<p>Paulus von Tarsus (griechisch \u03a0\u03b1\u1fe6\u03bb\u03bf\u03c2 Pa\u00fblos, hebr\u00e4ischer Name \u05e9\u05b8\u05c1\u05d0\u05d5\u05bc\u05dc Scha\u2019ul (Saul), lateinisch Paulus; * vermutlich vor dem Jahr 10 in Tarsus\/Kilikien; \u2020 nach 60, vermutlich in Rom) war nach dem Neuen Testament (NT) ein erfolgreicher Missionar des Urchristentums und einer der ersten christlichen Theologen. Seine Historizit\u00e4t gilt den allermeisten Forschern als gesichert. Als griechisch gebildeter &hellip; <a href=\"https:\/\/www.medianus.at\/bibel\/neues-testament\/paulus\/\" class=\"more-link\"><span class=\"screen-reader-text\">&#8222;Paulus&#8220; <\/span>weiterlesen<\/a><\/p>\n","protected":false},"author":1,"featured_media":0,"parent":31,"menu_order":0,"comment_status":"closed","ping_status":"closed","template":"","meta":{"footnotes":""},"class_list":["post-574","page","type-page","status-publish","hentry"],"yoast_head":"<!-- This site is optimized with the Yoast SEO plugin v22.9 - https:\/\/yoast.com\/wordpress\/plugins\/seo\/ -->\n<title>Paulus - Medianus<\/title>\n<meta name=\"description\" content=\"Diese Website dient als Redaktionsplattform f\u00fcr die Medianus-Bibel.\" \/>\n<meta name=\"robots\" content=\"index, follow, max-snippet:-1, max-image-preview:large, max-video-preview:-1\" \/>\n<link rel=\"canonical\" href=\"https:\/\/www.medianus.at\/bibel\/neues-testament\/paulus\/\" \/>\n<meta property=\"og:locale\" content=\"de_DE\" \/>\n<meta property=\"og:type\" content=\"article\" \/>\n<meta property=\"og:title\" content=\"Paulus - Medianus\" \/>\n<meta property=\"og:description\" content=\"Diese Website dient als Redaktionsplattform f\u00fcr die Medianus-Bibel.\" \/>\n<meta property=\"og:url\" content=\"https:\/\/www.medianus.at\/bibel\/neues-testament\/paulus\/\" \/>\n<meta property=\"og:site_name\" content=\"Medianus\" \/>\n<meta property=\"article:modified_time\" content=\"2021-01-28T13:39:57+00:00\" \/>\n<meta property=\"og:image\" content=\"https:\/\/upload.wikimedia.org\/wikipedia\/commons\/thumb\/e\/ee\/Bartolomeo_Montagna_-_Saint_Paul_-_Google_Art_Project.jpg\/255px-Bartolomeo_Montagna_-_Saint_Paul_-_Google_Art_Project.jpg\" \/>\n<meta name=\"twitter:card\" content=\"summary_large_image\" \/>\n<meta name=\"twitter:label1\" content=\"Gesch\u00e4tzte Lesezeit\" \/>\n\t<meta name=\"twitter:data1\" content=\"1\u00a0Minute\" \/>\n<script type=\"application\/ld+json\" class=\"yoast-schema-graph\">{\"@context\":\"https:\/\/schema.org\",\"@graph\":[{\"@type\":\"WebPage\",\"@id\":\"https:\/\/www.medianus.at\/bibel\/neues-testament\/paulus\/\",\"url\":\"https:\/\/www.medianus.at\/bibel\/neues-testament\/paulus\/\",\"name\":\"Paulus - Medianus\",\"isPartOf\":{\"@id\":\"https:\/\/www.medianus.at\/bibel\/#website\"},\"primaryImageOfPage\":{\"@id\":\"https:\/\/www.medianus.at\/bibel\/neues-testament\/paulus\/#primaryimage\"},\"image\":{\"@id\":\"https:\/\/www.medianus.at\/bibel\/neues-testament\/paulus\/#primaryimage\"},\"thumbnailUrl\":\"https:\/\/upload.wikimedia.org\/wikipedia\/commons\/thumb\/e\/ee\/Bartolomeo_Montagna_-_Saint_Paul_-_Google_Art_Project.jpg\/255px-Bartolomeo_Montagna_-_Saint_Paul_-_Google_Art_Project.jpg\",\"datePublished\":\"2021-01-26T18:45:27+00:00\",\"dateModified\":\"2021-01-28T13:39:57+00:00\",\"description\":\"Diese Website dient als Redaktionsplattform f\u00fcr die Medianus-Bibel.\",\"breadcrumb\":{\"@id\":\"https:\/\/www.medianus.at\/bibel\/neues-testament\/paulus\/#breadcrumb\"},\"inLanguage\":\"de\",\"potentialAction\":[{\"@type\":\"ReadAction\",\"target\":[\"https:\/\/www.medianus.at\/bibel\/neues-testament\/paulus\/\"]}]},{\"@type\":\"ImageObject\",\"inLanguage\":\"de\",\"@id\":\"https:\/\/www.medianus.at\/bibel\/neues-testament\/paulus\/#primaryimage\",\"url\":\"https:\/\/upload.wikimedia.org\/wikipedia\/commons\/thumb\/e\/ee\/Bartolomeo_Montagna_-_Saint_Paul_-_Google_Art_Project.jpg\/255px-Bartolomeo_Montagna_-_Saint_Paul_-_Google_Art_Project.jpg\",\"contentUrl\":\"https:\/\/upload.wikimedia.org\/wikipedia\/commons\/thumb\/e\/ee\/Bartolomeo_Montagna_-_Saint_Paul_-_Google_Art_Project.jpg\/255px-Bartolomeo_Montagna_-_Saint_Paul_-_Google_Art_Project.jpg\"},{\"@type\":\"BreadcrumbList\",\"@id\":\"https:\/\/www.medianus.at\/bibel\/neues-testament\/paulus\/#breadcrumb\",\"itemListElement\":[{\"@type\":\"ListItem\",\"position\":1,\"name\":\"Startseite\",\"item\":\"https:\/\/www.medianus.at\/bibel\/\"},{\"@type\":\"ListItem\",\"position\":2,\"name\":\"Neues Testament\",\"item\":\"https:\/\/www.medianus.at\/bibel\/neues-testament\/\"},{\"@type\":\"ListItem\",\"position\":3,\"name\":\"Paulus\"}]},{\"@type\":\"WebSite\",\"@id\":\"https:\/\/www.medianus.at\/bibel\/#website\",\"url\":\"https:\/\/www.medianus.at\/bibel\/\",\"name\":\"Medianus\",\"description\":\"Endzeitbewu\u00dftsein\",\"publisher\":{\"@id\":\"https:\/\/www.medianus.at\/bibel\/#\/schema\/person\/9813ce5b369f8452dc40ce133ead17a7\"},\"potentialAction\":[{\"@type\":\"SearchAction\",\"target\":{\"@type\":\"EntryPoint\",\"urlTemplate\":\"https:\/\/www.medianus.at\/bibel\/?s={search_term_string}\"},\"query-input\":\"required name=search_term_string\"}],\"inLanguage\":\"de\"},{\"@type\":[\"Person\",\"Organization\"],\"@id\":\"https:\/\/www.medianus.at\/bibel\/#\/schema\/person\/9813ce5b369f8452dc40ce133ead17a7\",\"name\":\"Walter Panhuber\",\"image\":{\"@type\":\"ImageObject\",\"inLanguage\":\"de\",\"@id\":\"https:\/\/www.medianus.at\/bibel\/#\/schema\/person\/image\/\",\"url\":\"https:\/\/secure.gravatar.com\/avatar\/ff8326d54d16e623f9e2aeb12289ecab?s=96&d=mm&r=g\",\"contentUrl\":\"https:\/\/secure.gravatar.com\/avatar\/ff8326d54d16e623f9e2aeb12289ecab?s=96&d=mm&r=g\",\"caption\":\"Walter Panhuber\"},\"logo\":{\"@id\":\"https:\/\/www.medianus.at\/bibel\/#\/schema\/person\/image\/\"}}]}<\/script>\n<!-- \/ Yoast SEO plugin. -->","yoast_head_json":{"title":"Paulus - Medianus","description":"Diese Website dient als Redaktionsplattform f\u00fcr die Medianus-Bibel.","robots":{"index":"index","follow":"follow","max-snippet":"max-snippet:-1","max-image-preview":"max-image-preview:large","max-video-preview":"max-video-preview:-1"},"canonical":"https:\/\/www.medianus.at\/bibel\/neues-testament\/paulus\/","og_locale":"de_DE","og_type":"article","og_title":"Paulus - Medianus","og_description":"Diese Website dient als Redaktionsplattform f\u00fcr die Medianus-Bibel.","og_url":"https:\/\/www.medianus.at\/bibel\/neues-testament\/paulus\/","og_site_name":"Medianus","article_modified_time":"2021-01-28T13:39:57+00:00","og_image":[{"url":"https:\/\/upload.wikimedia.org\/wikipedia\/commons\/thumb\/e\/ee\/Bartolomeo_Montagna_-_Saint_Paul_-_Google_Art_Project.jpg\/255px-Bartolomeo_Montagna_-_Saint_Paul_-_Google_Art_Project.jpg"}],"twitter_card":"summary_large_image","twitter_misc":{"Gesch\u00e4tzte Lesezeit":"1\u00a0Minute"},"schema":{"@context":"https:\/\/schema.org","@graph":[{"@type":"WebPage","@id":"https:\/\/www.medianus.at\/bibel\/neues-testament\/paulus\/","url":"https:\/\/www.medianus.at\/bibel\/neues-testament\/paulus\/","name":"Paulus - Medianus","isPartOf":{"@id":"https:\/\/www.medianus.at\/bibel\/#website"},"primaryImageOfPage":{"@id":"https:\/\/www.medianus.at\/bibel\/neues-testament\/paulus\/#primaryimage"},"image":{"@id":"https:\/\/www.medianus.at\/bibel\/neues-testament\/paulus\/#primaryimage"},"thumbnailUrl":"https:\/\/upload.wikimedia.org\/wikipedia\/commons\/thumb\/e\/ee\/Bartolomeo_Montagna_-_Saint_Paul_-_Google_Art_Project.jpg\/255px-Bartolomeo_Montagna_-_Saint_Paul_-_Google_Art_Project.jpg","datePublished":"2021-01-26T18:45:27+00:00","dateModified":"2021-01-28T13:39:57+00:00","description":"Diese Website dient als Redaktionsplattform f\u00fcr die Medianus-Bibel.","breadcrumb":{"@id":"https:\/\/www.medianus.at\/bibel\/neues-testament\/paulus\/#breadcrumb"},"inLanguage":"de","potentialAction":[{"@type":"ReadAction","target":["https:\/\/www.medianus.at\/bibel\/neues-testament\/paulus\/"]}]},{"@type":"ImageObject","inLanguage":"de","@id":"https:\/\/www.medianus.at\/bibel\/neues-testament\/paulus\/#primaryimage","url":"https:\/\/upload.wikimedia.org\/wikipedia\/commons\/thumb\/e\/ee\/Bartolomeo_Montagna_-_Saint_Paul_-_Google_Art_Project.jpg\/255px-Bartolomeo_Montagna_-_Saint_Paul_-_Google_Art_Project.jpg","contentUrl":"https:\/\/upload.wikimedia.org\/wikipedia\/commons\/thumb\/e\/ee\/Bartolomeo_Montagna_-_Saint_Paul_-_Google_Art_Project.jpg\/255px-Bartolomeo_Montagna_-_Saint_Paul_-_Google_Art_Project.jpg"},{"@type":"BreadcrumbList","@id":"https:\/\/www.medianus.at\/bibel\/neues-testament\/paulus\/#breadcrumb","itemListElement":[{"@type":"ListItem","position":1,"name":"Startseite","item":"https:\/\/www.medianus.at\/bibel\/"},{"@type":"ListItem","position":2,"name":"Neues Testament","item":"https:\/\/www.medianus.at\/bibel\/neues-testament\/"},{"@type":"ListItem","position":3,"name":"Paulus"}]},{"@type":"WebSite","@id":"https:\/\/www.medianus.at\/bibel\/#website","url":"https:\/\/www.medianus.at\/bibel\/","name":"Medianus","description":"Endzeitbewu\u00dftsein","publisher":{"@id":"https:\/\/www.medianus.at\/bibel\/#\/schema\/person\/9813ce5b369f8452dc40ce133ead17a7"},"potentialAction":[{"@type":"SearchAction","target":{"@type":"EntryPoint","urlTemplate":"https:\/\/www.medianus.at\/bibel\/?s={search_term_string}"},"query-input":"required name=search_term_string"}],"inLanguage":"de"},{"@type":["Person","Organization"],"@id":"https:\/\/www.medianus.at\/bibel\/#\/schema\/person\/9813ce5b369f8452dc40ce133ead17a7","name":"Walter Panhuber","image":{"@type":"ImageObject","inLanguage":"de","@id":"https:\/\/www.medianus.at\/bibel\/#\/schema\/person\/image\/","url":"https:\/\/secure.gravatar.com\/avatar\/ff8326d54d16e623f9e2aeb12289ecab?s=96&d=mm&r=g","contentUrl":"https:\/\/secure.gravatar.com\/avatar\/ff8326d54d16e623f9e2aeb12289ecab?s=96&d=mm&r=g","caption":"Walter Panhuber"},"logo":{"@id":"https:\/\/www.medianus.at\/bibel\/#\/schema\/person\/image\/"}}]}},"_links":{"self":[{"href":"https:\/\/www.medianus.at\/bibel\/wp-json\/wp\/v2\/pages\/574"}],"collection":[{"href":"https:\/\/www.medianus.at\/bibel\/wp-json\/wp\/v2\/pages"}],"about":[{"href":"https:\/\/www.medianus.at\/bibel\/wp-json\/wp\/v2\/types\/page"}],"author":[{"embeddable":true,"href":"https:\/\/www.medianus.at\/bibel\/wp-json\/wp\/v2\/users\/1"}],"replies":[{"embeddable":true,"href":"https:\/\/www.medianus.at\/bibel\/wp-json\/wp\/v2\/comments?post=574"}],"version-history":[{"count":8,"href":"https:\/\/www.medianus.at\/bibel\/wp-json\/wp\/v2\/pages\/574\/revisions"}],"predecessor-version":[{"id":605,"href":"https:\/\/www.medianus.at\/bibel\/wp-json\/wp\/v2\/pages\/574\/revisions\/605"}],"up":[{"embeddable":true,"href":"https:\/\/www.medianus.at\/bibel\/wp-json\/wp\/v2\/pages\/31"}],"wp:attachment":[{"href":"https:\/\/www.medianus.at\/bibel\/wp-json\/wp\/v2\/media?parent=574"}],"curies":[{"name":"wp","href":"https:\/\/api.w.org\/{rel}","templated":true}]}}