{"id":567,"date":"2021-01-23T16:28:55","date_gmt":"2021-01-23T15:28:55","guid":{"rendered":"https:\/\/www.medianus.at\/bibel\/?page_id=567"},"modified":"2021-02-03T12:38:27","modified_gmt":"2021-02-03T11:38:27","slug":"thessalonicher","status":"publish","type":"page","link":"https:\/\/www.medianus.at\/bibel\/neues-testament\/thessalonicher\/","title":{"rendered":"Thessalonicher"},"content":{"rendered":"\n<div class=\"wp-block-image\"><figure class=\"alignleft size-large\"><a href=\"https:\/\/de.wikipedia.org\/wiki\/Thessaloniki\" target=\"_blank\" rel=\"noreferrer noopener\"><img decoding=\"async\" src=\"https:\/\/upload.wikimedia.org\/wikipedia\/commons\/thumb\/9\/9e\/White_Tower_of_Thessaloniki_%282007-06-15%29.jpg\/255px-White_Tower_of_Thessaloniki_%282007-06-15%29.jpg\" alt=\"\"\/><\/a><\/figure><\/div>\n\n\n\n<p><strong>Thessaloniki<\/strong> (griechisch \u0398\u03b5\u03c3\u03c3\u03b1\u03bb\u03bf\u03bd\u03af\u03ba\u03b7  [\u03b8\u025bsal\u0254\u02c8nik\u02b2i], kurz auch <strong>Saloniki<\/strong> \u03a3\u03b1\u03bb\u03bf\u03bd\u03af\u03ba\u03b7, t\u00fcrkisch <em>Sel\u00e2nik<\/em>, Ladino <em>Salonika<\/em> oder <em>Selanik<\/em>, in s\u00fcdlichen west- sowie allen s\u00fcdslawischen Sprachen <strong>Solun<\/strong> <em>(\u0421\u043e\u043b\u0443\u043d)<\/em>; im biblischen Zusammenhang verwendeter deutscher Name <em>Thessalonich<\/em>) ist mit 325.182 (2011) Einwohnern die zweitgr\u00f6\u00dfte Stadt Griechenlands, Hauptstadt der Verwaltungsregion Zentralmakedonien und wirtschaftliches und kulturelles Zentrum der gesamten griechischen Region Makedonien. <br>Die Stadt liegt an den nordwestlichen Ausl\u00e4ufern des 1201 Meter hohen Chortiatis und grenzt an den Thermaischen Golf.   Das  Wahrzeichen Thessalonikis ist der von dem osmanischen Architekten Sinan gebaute <em>Lefk\u00f3s P\u00fdrgos<\/em> (\u039b\u03b5\u03c5\u03ba\u03cc\u03c2 \u03a0\u03cd\u03c1\u03b3\u03bf\u03c2 \u201awei\u00dfer Turm\u2018). <\/p>\n\n\n\n<p>Der <strong><a href=\"https:\/\/de.wikipedia.org\/wiki\/1._Brief_des_Paulus_an_die_Thessalonicher\" target=\"_blank\" rel=\"noreferrer noopener\" aria-label=\"1. Brief des Paulus an die Thessalonicher (\u00f6ffnet in neuem Tab)\">1. Brief des Paulus an die Thessalonicher<\/a><\/strong> ist ein Buch des Neuen Testaments und eines der fr\u00fchesten erhaltenen schriftlichen Dokumente des Christentums. Seit dem Mittelalter wird er in 5 Kapitel unterteilt. <\/p>\n\n\n\n<h4 class=\"wp-block-heading\">2.Th 2, 2<\/h4>\n\n\n\n<blockquote class=\"wp-block-quote is-layout-flow wp-block-quote-is-layout-flow\"><p>Lasset euch nicht so schnell aus der Fassung bringen oder gar in Schrecken jagen, weder durch einen Geist, noch durch eine Rede, noch durch einen angeblich von uns stammenden Brief, als w\u00e4re der Tag des Herrn Jahuschuah schon da.<\/p><cite>medianus 2019<\/cite><\/blockquote>\n\n\n\n<p>\u00c4nderung:<br>Lasset euch nicht so schnell aus der Fassung bringen oder gar in Schrecken jagen, weder durch einen Geist, noch durch eine Rede, noch durch einen angeblich von uns stammenden Brief, als w\u00e4re der Tag <strong>des Maschiach <\/strong>schon da.<\/p>\n\n\n\n<h4 class=\"wp-block-heading\">2.Th 2, 4<\/h4>\n\n\n\n<blockquote class=\"wp-block-quote is-layout-flow wp-block-quote-is-layout-flow\"><p>geoffenbart werden, der Widersacher, der sich \u00fcber alles erhebt, was Jahuwah oder Gegenstand der Verehrung hei\u00dft, so dass er sich in den Tempel Jahuwahs setzt und sich selbst zum Gott erkl\u00e4rt.<\/p><cite>medianus 2019<\/cite><\/blockquote>\n\n\n\n<p>\u00c4nderung:<br>geoffenbart werden, der Widersacher, der sich \u00fcber alles erhebt, was Jahuwah oder Gegenstand der Verehrung hei\u00dft, so dass er sich in den Tempel Jahuwahs setzt <strong>als ein Gott<\/strong> und sich selbst zum Gott erkl\u00e4rt.<\/p>\n","protected":false},"excerpt":{"rendered":"<p>Thessaloniki (griechisch \u0398\u03b5\u03c3\u03c3\u03b1\u03bb\u03bf\u03bd\u03af\u03ba\u03b7 [\u03b8\u025bsal\u0254\u02c8nik\u02b2i], kurz auch Saloniki \u03a3\u03b1\u03bb\u03bf\u03bd\u03af\u03ba\u03b7, t\u00fcrkisch Sel\u00e2nik, Ladino Salonika oder Selanik, in s\u00fcdlichen west- sowie allen s\u00fcdslawischen Sprachen Solun (\u0421\u043e\u043b\u0443\u043d); im biblischen Zusammenhang verwendeter deutscher Name Thessalonich) ist mit 325.182 (2011) Einwohnern die zweitgr\u00f6\u00dfte Stadt Griechenlands, Hauptstadt der Verwaltungsregion Zentralmakedonien und wirtschaftliches und kulturelles Zentrum der gesamten griechischen Region Makedonien. Die Stadt &hellip; <a href=\"https:\/\/www.medianus.at\/bibel\/neues-testament\/thessalonicher\/\" class=\"more-link\"><span class=\"screen-reader-text\">&#8222;Thessalonicher&#8220; <\/span>weiterlesen<\/a><\/p>\n","protected":false},"author":1,"featured_media":0,"parent":31,"menu_order":0,"comment_status":"closed","ping_status":"closed","template":"","meta":{"footnotes":""},"class_list":["post-567","page","type-page","status-publish","hentry"],"yoast_head":"<!-- This site is optimized with the Yoast SEO plugin v22.9 - https:\/\/yoast.com\/wordpress\/plugins\/seo\/ -->\n<title>Thessalonicher - Korrekturen zur Ausgabe medianus 2021<\/title>\n<meta name=\"description\" content=\"\u00c4nderungen der Briefe an die Thessalonicher der Bibelausgabe medianus 2021 gegen\u00fcber der Ausgabe 2019. Die Medianus-Bibel-Redaktion.\" \/>\n<meta name=\"robots\" content=\"index, follow, max-snippet:-1, max-image-preview:large, max-video-preview:-1\" \/>\n<link rel=\"canonical\" href=\"https:\/\/www.medianus.at\/bibel\/neues-testament\/thessalonicher\/\" \/>\n<meta property=\"og:locale\" content=\"de_DE\" \/>\n<meta property=\"og:type\" content=\"article\" \/>\n<meta property=\"og:title\" content=\"Thessalonicher - Korrekturen zur Ausgabe medianus 2021\" \/>\n<meta property=\"og:description\" content=\"\u00c4nderungen der Briefe an die Thessalonicher der Bibelausgabe medianus 2021 gegen\u00fcber der Ausgabe 2019. Die Medianus-Bibel-Redaktion.\" \/>\n<meta property=\"og:url\" content=\"https:\/\/www.medianus.at\/bibel\/neues-testament\/thessalonicher\/\" \/>\n<meta property=\"og:site_name\" content=\"Medianus\" \/>\n<meta property=\"article:modified_time\" content=\"2021-02-03T11:38:27+00:00\" \/>\n<meta property=\"og:image\" content=\"https:\/\/upload.wikimedia.org\/wikipedia\/commons\/thumb\/9\/9e\/White_Tower_of_Thessaloniki_%282007-06-15%29.jpg\/255px-White_Tower_of_Thessaloniki_%282007-06-15%29.jpg\" \/>\n<meta name=\"twitter:card\" content=\"summary_large_image\" \/>\n<meta name=\"twitter:label1\" content=\"Gesch\u00e4tzte Lesezeit\" \/>\n\t<meta name=\"twitter:data1\" content=\"1\u00a0Minute\" \/>\n<script type=\"application\/ld+json\" class=\"yoast-schema-graph\">{\"@context\":\"https:\/\/schema.org\",\"@graph\":[{\"@type\":\"WebPage\",\"@id\":\"https:\/\/www.medianus.at\/bibel\/neues-testament\/thessalonicher\/\",\"url\":\"https:\/\/www.medianus.at\/bibel\/neues-testament\/thessalonicher\/\",\"name\":\"Thessalonicher - Korrekturen zur Ausgabe medianus 2021\",\"isPartOf\":{\"@id\":\"https:\/\/www.medianus.at\/bibel\/#website\"},\"primaryImageOfPage\":{\"@id\":\"https:\/\/www.medianus.at\/bibel\/neues-testament\/thessalonicher\/#primaryimage\"},\"image\":{\"@id\":\"https:\/\/www.medianus.at\/bibel\/neues-testament\/thessalonicher\/#primaryimage\"},\"thumbnailUrl\":\"https:\/\/upload.wikimedia.org\/wikipedia\/commons\/thumb\/9\/9e\/White_Tower_of_Thessaloniki_%282007-06-15%29.jpg\/255px-White_Tower_of_Thessaloniki_%282007-06-15%29.jpg\",\"datePublished\":\"2021-01-23T15:28:55+00:00\",\"dateModified\":\"2021-02-03T11:38:27+00:00\",\"description\":\"\u00c4nderungen der Briefe an die Thessalonicher der Bibelausgabe medianus 2021 gegen\u00fcber der Ausgabe 2019. Die Medianus-Bibel-Redaktion.\",\"breadcrumb\":{\"@id\":\"https:\/\/www.medianus.at\/bibel\/neues-testament\/thessalonicher\/#breadcrumb\"},\"inLanguage\":\"de\",\"potentialAction\":[{\"@type\":\"ReadAction\",\"target\":[\"https:\/\/www.medianus.at\/bibel\/neues-testament\/thessalonicher\/\"]}]},{\"@type\":\"ImageObject\",\"inLanguage\":\"de\",\"@id\":\"https:\/\/www.medianus.at\/bibel\/neues-testament\/thessalonicher\/#primaryimage\",\"url\":\"https:\/\/upload.wikimedia.org\/wikipedia\/commons\/thumb\/9\/9e\/White_Tower_of_Thessaloniki_%282007-06-15%29.jpg\/255px-White_Tower_of_Thessaloniki_%282007-06-15%29.jpg\",\"contentUrl\":\"https:\/\/upload.wikimedia.org\/wikipedia\/commons\/thumb\/9\/9e\/White_Tower_of_Thessaloniki_%282007-06-15%29.jpg\/255px-White_Tower_of_Thessaloniki_%282007-06-15%29.jpg\"},{\"@type\":\"BreadcrumbList\",\"@id\":\"https:\/\/www.medianus.at\/bibel\/neues-testament\/thessalonicher\/#breadcrumb\",\"itemListElement\":[{\"@type\":\"ListItem\",\"position\":1,\"name\":\"Startseite\",\"item\":\"https:\/\/www.medianus.at\/bibel\/\"},{\"@type\":\"ListItem\",\"position\":2,\"name\":\"Neues Testament\",\"item\":\"https:\/\/www.medianus.at\/bibel\/neues-testament\/\"},{\"@type\":\"ListItem\",\"position\":3,\"name\":\"Thessalonicher\"}]},{\"@type\":\"WebSite\",\"@id\":\"https:\/\/www.medianus.at\/bibel\/#website\",\"url\":\"https:\/\/www.medianus.at\/bibel\/\",\"name\":\"Medianus\",\"description\":\"Endzeitbewu\u00dftsein\",\"publisher\":{\"@id\":\"https:\/\/www.medianus.at\/bibel\/#\/schema\/person\/9813ce5b369f8452dc40ce133ead17a7\"},\"potentialAction\":[{\"@type\":\"SearchAction\",\"target\":{\"@type\":\"EntryPoint\",\"urlTemplate\":\"https:\/\/www.medianus.at\/bibel\/?s={search_term_string}\"},\"query-input\":\"required name=search_term_string\"}],\"inLanguage\":\"de\"},{\"@type\":[\"Person\",\"Organization\"],\"@id\":\"https:\/\/www.medianus.at\/bibel\/#\/schema\/person\/9813ce5b369f8452dc40ce133ead17a7\",\"name\":\"Walter Panhuber\",\"image\":{\"@type\":\"ImageObject\",\"inLanguage\":\"de\",\"@id\":\"https:\/\/www.medianus.at\/bibel\/#\/schema\/person\/image\/\",\"url\":\"https:\/\/secure.gravatar.com\/avatar\/ff8326d54d16e623f9e2aeb12289ecab?s=96&d=mm&r=g\",\"contentUrl\":\"https:\/\/secure.gravatar.com\/avatar\/ff8326d54d16e623f9e2aeb12289ecab?s=96&d=mm&r=g\",\"caption\":\"Walter Panhuber\"},\"logo\":{\"@id\":\"https:\/\/www.medianus.at\/bibel\/#\/schema\/person\/image\/\"}}]}<\/script>\n<!-- \/ Yoast SEO plugin. -->","yoast_head_json":{"title":"Thessalonicher - Korrekturen zur Ausgabe medianus 2021","description":"\u00c4nderungen der Briefe an die Thessalonicher der Bibelausgabe medianus 2021 gegen\u00fcber der Ausgabe 2019. Die Medianus-Bibel-Redaktion.","robots":{"index":"index","follow":"follow","max-snippet":"max-snippet:-1","max-image-preview":"max-image-preview:large","max-video-preview":"max-video-preview:-1"},"canonical":"https:\/\/www.medianus.at\/bibel\/neues-testament\/thessalonicher\/","og_locale":"de_DE","og_type":"article","og_title":"Thessalonicher - Korrekturen zur Ausgabe medianus 2021","og_description":"\u00c4nderungen der Briefe an die Thessalonicher der Bibelausgabe medianus 2021 gegen\u00fcber der Ausgabe 2019. Die Medianus-Bibel-Redaktion.","og_url":"https:\/\/www.medianus.at\/bibel\/neues-testament\/thessalonicher\/","og_site_name":"Medianus","article_modified_time":"2021-02-03T11:38:27+00:00","og_image":[{"url":"https:\/\/upload.wikimedia.org\/wikipedia\/commons\/thumb\/9\/9e\/White_Tower_of_Thessaloniki_%282007-06-15%29.jpg\/255px-White_Tower_of_Thessaloniki_%282007-06-15%29.jpg"}],"twitter_card":"summary_large_image","twitter_misc":{"Gesch\u00e4tzte Lesezeit":"1\u00a0Minute"},"schema":{"@context":"https:\/\/schema.org","@graph":[{"@type":"WebPage","@id":"https:\/\/www.medianus.at\/bibel\/neues-testament\/thessalonicher\/","url":"https:\/\/www.medianus.at\/bibel\/neues-testament\/thessalonicher\/","name":"Thessalonicher - Korrekturen zur Ausgabe medianus 2021","isPartOf":{"@id":"https:\/\/www.medianus.at\/bibel\/#website"},"primaryImageOfPage":{"@id":"https:\/\/www.medianus.at\/bibel\/neues-testament\/thessalonicher\/#primaryimage"},"image":{"@id":"https:\/\/www.medianus.at\/bibel\/neues-testament\/thessalonicher\/#primaryimage"},"thumbnailUrl":"https:\/\/upload.wikimedia.org\/wikipedia\/commons\/thumb\/9\/9e\/White_Tower_of_Thessaloniki_%282007-06-15%29.jpg\/255px-White_Tower_of_Thessaloniki_%282007-06-15%29.jpg","datePublished":"2021-01-23T15:28:55+00:00","dateModified":"2021-02-03T11:38:27+00:00","description":"\u00c4nderungen der Briefe an die Thessalonicher der Bibelausgabe medianus 2021 gegen\u00fcber der Ausgabe 2019. Die Medianus-Bibel-Redaktion.","breadcrumb":{"@id":"https:\/\/www.medianus.at\/bibel\/neues-testament\/thessalonicher\/#breadcrumb"},"inLanguage":"de","potentialAction":[{"@type":"ReadAction","target":["https:\/\/www.medianus.at\/bibel\/neues-testament\/thessalonicher\/"]}]},{"@type":"ImageObject","inLanguage":"de","@id":"https:\/\/www.medianus.at\/bibel\/neues-testament\/thessalonicher\/#primaryimage","url":"https:\/\/upload.wikimedia.org\/wikipedia\/commons\/thumb\/9\/9e\/White_Tower_of_Thessaloniki_%282007-06-15%29.jpg\/255px-White_Tower_of_Thessaloniki_%282007-06-15%29.jpg","contentUrl":"https:\/\/upload.wikimedia.org\/wikipedia\/commons\/thumb\/9\/9e\/White_Tower_of_Thessaloniki_%282007-06-15%29.jpg\/255px-White_Tower_of_Thessaloniki_%282007-06-15%29.jpg"},{"@type":"BreadcrumbList","@id":"https:\/\/www.medianus.at\/bibel\/neues-testament\/thessalonicher\/#breadcrumb","itemListElement":[{"@type":"ListItem","position":1,"name":"Startseite","item":"https:\/\/www.medianus.at\/bibel\/"},{"@type":"ListItem","position":2,"name":"Neues Testament","item":"https:\/\/www.medianus.at\/bibel\/neues-testament\/"},{"@type":"ListItem","position":3,"name":"Thessalonicher"}]},{"@type":"WebSite","@id":"https:\/\/www.medianus.at\/bibel\/#website","url":"https:\/\/www.medianus.at\/bibel\/","name":"Medianus","description":"Endzeitbewu\u00dftsein","publisher":{"@id":"https:\/\/www.medianus.at\/bibel\/#\/schema\/person\/9813ce5b369f8452dc40ce133ead17a7"},"potentialAction":[{"@type":"SearchAction","target":{"@type":"EntryPoint","urlTemplate":"https:\/\/www.medianus.at\/bibel\/?s={search_term_string}"},"query-input":"required name=search_term_string"}],"inLanguage":"de"},{"@type":["Person","Organization"],"@id":"https:\/\/www.medianus.at\/bibel\/#\/schema\/person\/9813ce5b369f8452dc40ce133ead17a7","name":"Walter Panhuber","image":{"@type":"ImageObject","inLanguage":"de","@id":"https:\/\/www.medianus.at\/bibel\/#\/schema\/person\/image\/","url":"https:\/\/secure.gravatar.com\/avatar\/ff8326d54d16e623f9e2aeb12289ecab?s=96&d=mm&r=g","contentUrl":"https:\/\/secure.gravatar.com\/avatar\/ff8326d54d16e623f9e2aeb12289ecab?s=96&d=mm&r=g","caption":"Walter Panhuber"},"logo":{"@id":"https:\/\/www.medianus.at\/bibel\/#\/schema\/person\/image\/"}}]}},"_links":{"self":[{"href":"https:\/\/www.medianus.at\/bibel\/wp-json\/wp\/v2\/pages\/567"}],"collection":[{"href":"https:\/\/www.medianus.at\/bibel\/wp-json\/wp\/v2\/pages"}],"about":[{"href":"https:\/\/www.medianus.at\/bibel\/wp-json\/wp\/v2\/types\/page"}],"author":[{"embeddable":true,"href":"https:\/\/www.medianus.at\/bibel\/wp-json\/wp\/v2\/users\/1"}],"replies":[{"embeddable":true,"href":"https:\/\/www.medianus.at\/bibel\/wp-json\/wp\/v2\/comments?post=567"}],"version-history":[{"count":5,"href":"https:\/\/www.medianus.at\/bibel\/wp-json\/wp\/v2\/pages\/567\/revisions"}],"predecessor-version":[{"id":668,"href":"https:\/\/www.medianus.at\/bibel\/wp-json\/wp\/v2\/pages\/567\/revisions\/668"}],"up":[{"embeddable":true,"href":"https:\/\/www.medianus.at\/bibel\/wp-json\/wp\/v2\/pages\/31"}],"wp:attachment":[{"href":"https:\/\/www.medianus.at\/bibel\/wp-json\/wp\/v2\/media?parent=567"}],"curies":[{"name":"wp","href":"https:\/\/api.w.org\/{rel}","templated":true}]}}