{"id":559,"date":"2021-01-23T15:36:48","date_gmt":"2021-01-23T14:36:48","guid":{"rendered":"https:\/\/www.medianus.at\/bibel\/?page_id=559"},"modified":"2021-02-03T12:35:41","modified_gmt":"2021-02-03T11:35:41","slug":"kolosser","status":"publish","type":"page","link":"https:\/\/www.medianus.at\/bibel\/neues-testament\/kolosser\/","title":{"rendered":"Kolosser"},"content":{"rendered":"\n<div class=\"wp-block-image\"><figure class=\"alignleft size-large is-resized\"><a href=\"https:\/\/de.wikipedia.org\/wiki\/Kolossai\" target=\"_blank\" rel=\"noreferrer noopener\"><img loading=\"lazy\" decoding=\"async\" src=\"https:\/\/upload.wikimedia.org\/wikipedia\/commons\/thumb\/4\/4e\/TR_Colossae_site_asv2020-02_img08.jpg\/1280px-TR_Colossae_site_asv2020-02_img08.jpg\" alt=\"\" width=\"360\" height=\"225\"\/><\/a><figcaption>Quelle: Wikpedia<\/figcaption><\/figure><\/div>\n\n\n\n<p><strong>Kolossai<\/strong> (altgriechisch \u039a\u03bf\u03bb\u03bf\u03c3\u03c3\u03b1\u03af, lateinische Namensform <strong>Colossae<\/strong>) war in der Antike eine Stadt in der kleinasiatischen Landschaft Phrygien. Der Ort liegt vier Kilometer n\u00f6rdlich von Honaz (Chonai), 20\u00a0km \u00f6stlich von Denizli. <br>Kolossai liegt im oberen Lykostal (heutige West-T\u00fcrkei); Nachbarst\u00e4dte waren Laodikeia am Lykos und Hierapolis. Die Stadt lag an einer Handelsstra\u00dfe, die nach Ephesos und Milet f\u00fchrte. <br>Die Stadt war schon bedeutend im 5. Jahrhundert v.\u00a0Chr. Der Zug der Zehntausend (Anabasis, 401\u2013399 v.\u00a0Chr.) passierte die Stadt vermutlich 401 (Xenophon). M\u00fcnzen  sind seit sp\u00e4thellenistischer Zeit nachgewiesen. In der Kaiserzeit  spielte sie jedoch keine besondere Rolle und stand ganz im Schatten des  wichtigeren Laodikeia.<\/p>\n\n\n\n<p>Der <strong><a href=\"https:\/\/de.wikipedia.org\/wiki\/Brief_des_Paulus_an_die_Kolosser\" target=\"_blank\" rel=\"noreferrer noopener\" aria-label=\"Brief des Paulus an die Kolosser (\u00f6ffnet in neuem Tab)\">Brief des Paulus an die Kolosser<\/a><\/strong> (lateinisch: <em>Pauli epistula ad Colossenses<\/em>) ist ein Buch des Neuen Testaments der christlichen Bibel. Er wird seit dem Mittelalter in vier Kapitel unterteilt. <\/p>\n\n\n\n<h4 class=\"wp-block-heading\">  Kol 1, 2<\/h4>\n\n\n\n<blockquote class=\"wp-block-quote is-layout-flow wp-block-quote-is-layout-flow\"><p>an die Heiligen in Koloss\u00e4 und gl\u00e4ubigen Br\u00fcder in Jahuschuah: Gnade widerfahre euch und Friede von Jahuwah, unsrem Vater und dem Herrn Jahuschuah.<\/p><cite>medianus 2019<\/cite><\/blockquote>\n\n\n\n<p>\u00c4nderung:<br>an die Heiligen in Koloss\u00e4 und gl\u00e4ubigen Br\u00fcder in Jahuschuah: Gnade widerfahre euch und Friede von Jahuwah, unsrem Vater und dem Herrn <strong>Maschiach<\/strong> Jahuschuah.<\/p>\n\n\n\n<h4 class=\"wp-block-heading\">Kol 2, 2<\/h4>\n\n\n\n<blockquote class=\"wp-block-quote is-layout-flow wp-block-quote-is-layout-flow\"><p>damit ihre Herzen ermahnt, in Liebe zusammengeschlossen und mit v\u00f6lliger Gewissheit bereichert werden, zur Erkenntnis des Geheimnisses Jahuwahs, welches ist Jahuschuah,<\/p><cite>medianus 2019<\/cite><\/blockquote>\n\n\n\n<p>\u00c4nderung:<br>damit ihre Herzen ermahnt, in Liebe zusammengeschlossen und mit v\u00f6lliger Gewissheit bereichert werden, zur Erkenntnis des Geheimnisses Jahuwahs, <strong>des Vaters, und des Maschiach<\/strong> Jahuschuah,<\/p>\n\n\n\n<h4 class=\"wp-block-heading\">Kol 2, 11<\/h4>\n\n\n\n<blockquote class=\"wp-block-quote is-layout-flow wp-block-quote-is-layout-flow\"><p>In ihm seid ihr auch beschnitten mit einer Beschneidung, die ohne H\u00e4nde geschehen ist, durch das Ablegen des fleischlichen Leibes, in der Beschneidung Jahuschuahs,<\/p><cite>medianus 2019<\/cite><\/blockquote>\n\n\n\n<p>\u00c4nderung:<br>In ihm seid ihr auch beschnitten mit einer Beschneidung, die ohne H\u00e4nde geschehen ist, durch das Ablegen des fleischlichen Leibes <strong>der S\u00fcnden<\/strong>, in der Beschneidung <strong>des Maschiach<\/strong>,<\/p>\n\n\n<p>\n<!--StartFragment--><\/p>\n\n\n<h4 class=\"wp-block-heading\">M\u00f6chtest Du mitarbeiten?<\/h4>\n\n\n\n<p>Kommentare und Vorschl\u00e4ge:<\/p>\n\n\n\n<figure class=\"wp-block-image size-large\"><img decoding=\"async\" src=\"https:\/\/www.medianus.at\/wp-content\/uploads\/bibelmail.png\" alt=\"\"\/><\/figure>\n\n\n<p><!--EndFragment--><\/p>","protected":false},"excerpt":{"rendered":"<p>Kolossai (altgriechisch \u039a\u03bf\u03bb\u03bf\u03c3\u03c3\u03b1\u03af, lateinische Namensform Colossae) war in der Antike eine Stadt in der kleinasiatischen Landschaft Phrygien. Der Ort liegt vier Kilometer n\u00f6rdlich von Honaz (Chonai), 20\u00a0km \u00f6stlich von Denizli. Kolossai liegt im oberen Lykostal (heutige West-T\u00fcrkei); Nachbarst\u00e4dte waren Laodikeia am Lykos und Hierapolis. Die Stadt lag an einer Handelsstra\u00dfe, die nach Ephesos und Milet &hellip; <a href=\"https:\/\/www.medianus.at\/bibel\/neues-testament\/kolosser\/\" class=\"more-link\"><span class=\"screen-reader-text\">&#8222;Kolosser&#8220; <\/span>weiterlesen<\/a><\/p>\n","protected":false},"author":1,"featured_media":0,"parent":31,"menu_order":0,"comment_status":"closed","ping_status":"closed","template":"","meta":{"footnotes":""},"class_list":["post-559","page","type-page","status-publish","hentry"],"yoast_head":"<!-- This site is optimized with the Yoast SEO plugin v22.9 - https:\/\/yoast.com\/wordpress\/plugins\/seo\/ -->\n<title>Kolosser - Korrekturen zur Ausgabe medianus 2021<\/title>\n<meta name=\"description\" content=\"\u00c4nderungen in den Briefen an die Kolosser der Bibelausgabe medianus 2021 gegen\u00fcber der Ausgabe 2019. Die Medianus-Bibel-Redaktion.\" \/>\n<meta name=\"robots\" content=\"index, follow, max-snippet:-1, max-image-preview:large, max-video-preview:-1\" \/>\n<link rel=\"canonical\" href=\"https:\/\/www.medianus.at\/bibel\/neues-testament\/kolosser\/\" \/>\n<meta property=\"og:locale\" content=\"de_DE\" \/>\n<meta property=\"og:type\" content=\"article\" \/>\n<meta property=\"og:title\" content=\"Kolosser - Korrekturen zur Ausgabe medianus 2021\" \/>\n<meta property=\"og:description\" content=\"\u00c4nderungen in den Briefen an die Kolosser der Bibelausgabe medianus 2021 gegen\u00fcber der Ausgabe 2019. Die Medianus-Bibel-Redaktion.\" \/>\n<meta property=\"og:url\" content=\"https:\/\/www.medianus.at\/bibel\/neues-testament\/kolosser\/\" \/>\n<meta property=\"og:site_name\" content=\"Medianus\" \/>\n<meta property=\"article:modified_time\" content=\"2021-02-03T11:35:41+00:00\" \/>\n<meta property=\"og:image\" content=\"https:\/\/upload.wikimedia.org\/wikipedia\/commons\/thumb\/4\/4e\/TR_Colossae_site_asv2020-02_img08.jpg\/1280px-TR_Colossae_site_asv2020-02_img08.jpg\" \/>\n<meta name=\"twitter:card\" content=\"summary_large_image\" \/>\n<meta name=\"twitter:label1\" content=\"Gesch\u00e4tzte Lesezeit\" \/>\n\t<meta name=\"twitter:data1\" content=\"2\u00a0Minuten\" \/>\n<script type=\"application\/ld+json\" class=\"yoast-schema-graph\">{\"@context\":\"https:\/\/schema.org\",\"@graph\":[{\"@type\":\"WebPage\",\"@id\":\"https:\/\/www.medianus.at\/bibel\/neues-testament\/kolosser\/\",\"url\":\"https:\/\/www.medianus.at\/bibel\/neues-testament\/kolosser\/\",\"name\":\"Kolosser - Korrekturen zur Ausgabe medianus 2021\",\"isPartOf\":{\"@id\":\"https:\/\/www.medianus.at\/bibel\/#website\"},\"primaryImageOfPage\":{\"@id\":\"https:\/\/www.medianus.at\/bibel\/neues-testament\/kolosser\/#primaryimage\"},\"image\":{\"@id\":\"https:\/\/www.medianus.at\/bibel\/neues-testament\/kolosser\/#primaryimage\"},\"thumbnailUrl\":\"https:\/\/upload.wikimedia.org\/wikipedia\/commons\/thumb\/4\/4e\/TR_Colossae_site_asv2020-02_img08.jpg\/1280px-TR_Colossae_site_asv2020-02_img08.jpg\",\"datePublished\":\"2021-01-23T14:36:48+00:00\",\"dateModified\":\"2021-02-03T11:35:41+00:00\",\"description\":\"\u00c4nderungen in den Briefen an die Kolosser der Bibelausgabe medianus 2021 gegen\u00fcber der Ausgabe 2019. Die Medianus-Bibel-Redaktion.\",\"breadcrumb\":{\"@id\":\"https:\/\/www.medianus.at\/bibel\/neues-testament\/kolosser\/#breadcrumb\"},\"inLanguage\":\"de\",\"potentialAction\":[{\"@type\":\"ReadAction\",\"target\":[\"https:\/\/www.medianus.at\/bibel\/neues-testament\/kolosser\/\"]}]},{\"@type\":\"ImageObject\",\"inLanguage\":\"de\",\"@id\":\"https:\/\/www.medianus.at\/bibel\/neues-testament\/kolosser\/#primaryimage\",\"url\":\"https:\/\/upload.wikimedia.org\/wikipedia\/commons\/thumb\/4\/4e\/TR_Colossae_site_asv2020-02_img08.jpg\/1280px-TR_Colossae_site_asv2020-02_img08.jpg\",\"contentUrl\":\"https:\/\/upload.wikimedia.org\/wikipedia\/commons\/thumb\/4\/4e\/TR_Colossae_site_asv2020-02_img08.jpg\/1280px-TR_Colossae_site_asv2020-02_img08.jpg\"},{\"@type\":\"BreadcrumbList\",\"@id\":\"https:\/\/www.medianus.at\/bibel\/neues-testament\/kolosser\/#breadcrumb\",\"itemListElement\":[{\"@type\":\"ListItem\",\"position\":1,\"name\":\"Startseite\",\"item\":\"https:\/\/www.medianus.at\/bibel\/\"},{\"@type\":\"ListItem\",\"position\":2,\"name\":\"Neues Testament\",\"item\":\"https:\/\/www.medianus.at\/bibel\/neues-testament\/\"},{\"@type\":\"ListItem\",\"position\":3,\"name\":\"Kolosser\"}]},{\"@type\":\"WebSite\",\"@id\":\"https:\/\/www.medianus.at\/bibel\/#website\",\"url\":\"https:\/\/www.medianus.at\/bibel\/\",\"name\":\"Medianus\",\"description\":\"Endzeitbewu\u00dftsein\",\"publisher\":{\"@id\":\"https:\/\/www.medianus.at\/bibel\/#\/schema\/person\/9813ce5b369f8452dc40ce133ead17a7\"},\"potentialAction\":[{\"@type\":\"SearchAction\",\"target\":{\"@type\":\"EntryPoint\",\"urlTemplate\":\"https:\/\/www.medianus.at\/bibel\/?s={search_term_string}\"},\"query-input\":\"required name=search_term_string\"}],\"inLanguage\":\"de\"},{\"@type\":[\"Person\",\"Organization\"],\"@id\":\"https:\/\/www.medianus.at\/bibel\/#\/schema\/person\/9813ce5b369f8452dc40ce133ead17a7\",\"name\":\"Walter Panhuber\",\"image\":{\"@type\":\"ImageObject\",\"inLanguage\":\"de\",\"@id\":\"https:\/\/www.medianus.at\/bibel\/#\/schema\/person\/image\/\",\"url\":\"https:\/\/secure.gravatar.com\/avatar\/ff8326d54d16e623f9e2aeb12289ecab?s=96&d=mm&r=g\",\"contentUrl\":\"https:\/\/secure.gravatar.com\/avatar\/ff8326d54d16e623f9e2aeb12289ecab?s=96&d=mm&r=g\",\"caption\":\"Walter Panhuber\"},\"logo\":{\"@id\":\"https:\/\/www.medianus.at\/bibel\/#\/schema\/person\/image\/\"}}]}<\/script>\n<!-- \/ Yoast SEO plugin. -->","yoast_head_json":{"title":"Kolosser - Korrekturen zur Ausgabe medianus 2021","description":"\u00c4nderungen in den Briefen an die Kolosser der Bibelausgabe medianus 2021 gegen\u00fcber der Ausgabe 2019. Die Medianus-Bibel-Redaktion.","robots":{"index":"index","follow":"follow","max-snippet":"max-snippet:-1","max-image-preview":"max-image-preview:large","max-video-preview":"max-video-preview:-1"},"canonical":"https:\/\/www.medianus.at\/bibel\/neues-testament\/kolosser\/","og_locale":"de_DE","og_type":"article","og_title":"Kolosser - Korrekturen zur Ausgabe medianus 2021","og_description":"\u00c4nderungen in den Briefen an die Kolosser der Bibelausgabe medianus 2021 gegen\u00fcber der Ausgabe 2019. Die Medianus-Bibel-Redaktion.","og_url":"https:\/\/www.medianus.at\/bibel\/neues-testament\/kolosser\/","og_site_name":"Medianus","article_modified_time":"2021-02-03T11:35:41+00:00","og_image":[{"url":"https:\/\/upload.wikimedia.org\/wikipedia\/commons\/thumb\/4\/4e\/TR_Colossae_site_asv2020-02_img08.jpg\/1280px-TR_Colossae_site_asv2020-02_img08.jpg"}],"twitter_card":"summary_large_image","twitter_misc":{"Gesch\u00e4tzte Lesezeit":"2\u00a0Minuten"},"schema":{"@context":"https:\/\/schema.org","@graph":[{"@type":"WebPage","@id":"https:\/\/www.medianus.at\/bibel\/neues-testament\/kolosser\/","url":"https:\/\/www.medianus.at\/bibel\/neues-testament\/kolosser\/","name":"Kolosser - Korrekturen zur Ausgabe medianus 2021","isPartOf":{"@id":"https:\/\/www.medianus.at\/bibel\/#website"},"primaryImageOfPage":{"@id":"https:\/\/www.medianus.at\/bibel\/neues-testament\/kolosser\/#primaryimage"},"image":{"@id":"https:\/\/www.medianus.at\/bibel\/neues-testament\/kolosser\/#primaryimage"},"thumbnailUrl":"https:\/\/upload.wikimedia.org\/wikipedia\/commons\/thumb\/4\/4e\/TR_Colossae_site_asv2020-02_img08.jpg\/1280px-TR_Colossae_site_asv2020-02_img08.jpg","datePublished":"2021-01-23T14:36:48+00:00","dateModified":"2021-02-03T11:35:41+00:00","description":"\u00c4nderungen in den Briefen an die Kolosser der Bibelausgabe medianus 2021 gegen\u00fcber der Ausgabe 2019. Die Medianus-Bibel-Redaktion.","breadcrumb":{"@id":"https:\/\/www.medianus.at\/bibel\/neues-testament\/kolosser\/#breadcrumb"},"inLanguage":"de","potentialAction":[{"@type":"ReadAction","target":["https:\/\/www.medianus.at\/bibel\/neues-testament\/kolosser\/"]}]},{"@type":"ImageObject","inLanguage":"de","@id":"https:\/\/www.medianus.at\/bibel\/neues-testament\/kolosser\/#primaryimage","url":"https:\/\/upload.wikimedia.org\/wikipedia\/commons\/thumb\/4\/4e\/TR_Colossae_site_asv2020-02_img08.jpg\/1280px-TR_Colossae_site_asv2020-02_img08.jpg","contentUrl":"https:\/\/upload.wikimedia.org\/wikipedia\/commons\/thumb\/4\/4e\/TR_Colossae_site_asv2020-02_img08.jpg\/1280px-TR_Colossae_site_asv2020-02_img08.jpg"},{"@type":"BreadcrumbList","@id":"https:\/\/www.medianus.at\/bibel\/neues-testament\/kolosser\/#breadcrumb","itemListElement":[{"@type":"ListItem","position":1,"name":"Startseite","item":"https:\/\/www.medianus.at\/bibel\/"},{"@type":"ListItem","position":2,"name":"Neues Testament","item":"https:\/\/www.medianus.at\/bibel\/neues-testament\/"},{"@type":"ListItem","position":3,"name":"Kolosser"}]},{"@type":"WebSite","@id":"https:\/\/www.medianus.at\/bibel\/#website","url":"https:\/\/www.medianus.at\/bibel\/","name":"Medianus","description":"Endzeitbewu\u00dftsein","publisher":{"@id":"https:\/\/www.medianus.at\/bibel\/#\/schema\/person\/9813ce5b369f8452dc40ce133ead17a7"},"potentialAction":[{"@type":"SearchAction","target":{"@type":"EntryPoint","urlTemplate":"https:\/\/www.medianus.at\/bibel\/?s={search_term_string}"},"query-input":"required name=search_term_string"}],"inLanguage":"de"},{"@type":["Person","Organization"],"@id":"https:\/\/www.medianus.at\/bibel\/#\/schema\/person\/9813ce5b369f8452dc40ce133ead17a7","name":"Walter Panhuber","image":{"@type":"ImageObject","inLanguage":"de","@id":"https:\/\/www.medianus.at\/bibel\/#\/schema\/person\/image\/","url":"https:\/\/secure.gravatar.com\/avatar\/ff8326d54d16e623f9e2aeb12289ecab?s=96&d=mm&r=g","contentUrl":"https:\/\/secure.gravatar.com\/avatar\/ff8326d54d16e623f9e2aeb12289ecab?s=96&d=mm&r=g","caption":"Walter Panhuber"},"logo":{"@id":"https:\/\/www.medianus.at\/bibel\/#\/schema\/person\/image\/"}}]}},"_links":{"self":[{"href":"https:\/\/www.medianus.at\/bibel\/wp-json\/wp\/v2\/pages\/559"}],"collection":[{"href":"https:\/\/www.medianus.at\/bibel\/wp-json\/wp\/v2\/pages"}],"about":[{"href":"https:\/\/www.medianus.at\/bibel\/wp-json\/wp\/v2\/types\/page"}],"author":[{"embeddable":true,"href":"https:\/\/www.medianus.at\/bibel\/wp-json\/wp\/v2\/users\/1"}],"replies":[{"embeddable":true,"href":"https:\/\/www.medianus.at\/bibel\/wp-json\/wp\/v2\/comments?post=559"}],"version-history":[{"count":4,"href":"https:\/\/www.medianus.at\/bibel\/wp-json\/wp\/v2\/pages\/559\/revisions"}],"predecessor-version":[{"id":666,"href":"https:\/\/www.medianus.at\/bibel\/wp-json\/wp\/v2\/pages\/559\/revisions\/666"}],"up":[{"embeddable":true,"href":"https:\/\/www.medianus.at\/bibel\/wp-json\/wp\/v2\/pages\/31"}],"wp:attachment":[{"href":"https:\/\/www.medianus.at\/bibel\/wp-json\/wp\/v2\/media?parent=559"}],"curies":[{"name":"wp","href":"https:\/\/api.w.org\/{rel}","templated":true}]}}