{"id":400,"date":"2020-12-30T20:48:34","date_gmt":"2020-12-30T19:48:34","guid":{"rendered":"https:\/\/www.medianus.at\/bibel\/?page_id=400"},"modified":"2022-04-02T19:02:34","modified_gmt":"2022-04-02T17:02:34","slug":"paulus-und-luther","status":"publish","type":"page","link":"https:\/\/www.medianus.at\/bibel\/paulus-und-luther\/","title":{"rendered":"Paulus und Luther"},"content":{"rendered":"\n<div class=\"wp-block-image\"><figure class=\"alignleft size-large is-resized\"><a href=\"https:\/\/de.wikipedia.org\/wiki\/Paulus_von_Tarsus\" target=\"_blank\" rel=\"noreferrer noopener\"><img loading=\"lazy\" decoding=\"async\" src=\"https:\/\/upload.wikimedia.org\/wikipedia\/commons\/thumb\/e\/ee\/Bartolomeo_Montagna_-_Saint_Paul_-_Google_Art_Project.jpg\/255px-Bartolomeo_Montagna_-_Saint_Paul_-_Google_Art_Project.jpg\" alt=\"\" width=\"137\" height=\"302\"\/><\/a><\/figure><\/div>\n\n\n\n<p>Der Mann war ein j\u00fcdischer Pharis\u00e4er mit dem Namen Saulus. Er verfolgte die J\u00fcnger Jahuschuahs und lieferte sie an die jud\u00e4ische Obrigkeit aus. Noch bei der Hinrichtung des Stephanus war er eifriger Bef\u00fcrworter der Strafe und pers\u00f6nlich anwesend.<\/p>\n\n\n\n<p>Auf dem Weg nach Damaskus hatte Saulus eine Vision, welche ihn erblinden lie\u00df. Daraufhin wandelte sich Saulus zu Paulus, der danach der eifrigste Missionar Jahuschuahs wurde.<\/p>\n\n\n\n<h2 class=\"wp-block-heading\">Was verbindet Luther mit Paulus?<\/h2>\n\n\n\n<div class=\"wp-block-image\"><figure class=\"alignleft size-large is-resized\"><a href=\"https:\/\/de.wikipedia.org\/wiki\/Martin_Luther\" target=\"_blank\" rel=\"noreferrer noopener\"><img loading=\"lazy\" decoding=\"async\" src=\"https:\/\/upload.wikimedia.org\/wikipedia\/commons\/thumb\/b\/bc\/Lucas_Cranach_d.%C3%84._%28Werkst.%29_-_Portr%C3%A4t_des_Martin_Luther_%28Lutherhaus_Wittenberg%29.jpg\/330px-Lucas_Cranach_d.%C3%84._%28Werkst.%29_-_Portr%C3%A4t_des_Martin_Luther_%28Lutherhaus_Wittenberg%29.jpg\" alt=\"\" width=\"181\" height=\"264\"\/><\/a><\/figure><\/div>\n\n\n\n<blockquote class=\"wp-block-quote is-layout-flow wp-block-quote-is-layout-flow\"><p> <strong>Martin Luther<\/strong> (* 10. November 1483 in Eisleben, Grafschaft Mansfeld; \u2020 18. Februar 1546 ebenda), ein Augustinerm\u00f6nch und Theologieprofessor, war der Initiator der Reformation. Er fand in Gottes Gnadenzusage und der Rechtfertigung durch Jesus Christus allein das Wesen des christlichen Glaubens. Auf dieser Basis wollte er damalige Fehlentwicklungen der R\u00f6misch-katholischen Kirche beseitigen und sie in ihrer urspr\u00fcnglichen evangelischen Gestalt wiederherstellen (\u201ere-formieren\u201c). Entgegen Luthers Absicht kam es zu einer Kirchenspaltung, aus der evangelisch-lutherische Kirchen und im Lauf der Reformation weitere Konfessionen des Protestantismus entstanden.  <\/p><cite>Wikipedia<\/cite><\/blockquote>\n\n\n\n<p>Was sowohl Wikipedia, als auch die offizielle Geschichtsschreibung verschweigt, ist die dunkle Seite Martin Luthers. Diese offenbart einen Luther, der das genaue Gegenteil des Apostel Paulus ist.<\/p>\n\n\n\n<p>Bei genauer Betrachtung ging Luther den umgekehrten Weg von Paulus. Er war am Ende seines Lebens v\u00f6llig dem Satan verfallen. Diese Spiegelung ist sehr wichtig und auch bei anderen Pers\u00f6nlichkeiten zu beobachten.<\/p>\n\n\n\n<figure class=\"wp-block-embed-youtube wp-block-embed is-type-video is-provider-youtube wp-embed-aspect-16-9 wp-has-aspect-ratio\"><div class=\"wp-block-embed__wrapper\">\n<iframe loading=\"lazy\" title=\"Die dunkle Seite Martin Luthers - Luther einmal anders - Dokumentation\" width=\"840\" height=\"473\" src=\"https:\/\/www.youtube.com\/embed\/VDpzzz-ECc8?feature=oembed\" frameborder=\"0\" allow=\"accelerometer; autoplay; clipboard-write; encrypted-media; gyroscope; picture-in-picture\" allowfullscreen><\/iframe>\n<\/div><\/figure>\n\n\n\n<p>N\u00e4chste Seite: <a href=\"https:\/\/www.medianus.at\/bibel\/faelschungen-in-der-bibel\/\">Bibelf\u00e4lschungen<\/a><br> <a href=\"https:\/\/www.medianus.at\/bibel\/grundlagen\/\">Grundlagen<\/a> <\/p>\n","protected":false},"excerpt":{"rendered":"<p>Der Mann war ein j\u00fcdischer Pharis\u00e4er mit dem Namen Saulus. Er verfolgte die J\u00fcnger Jahuschuahs und lieferte sie an die jud\u00e4ische Obrigkeit aus. Noch bei der Hinrichtung des Stephanus war er eifriger Bef\u00fcrworter der Strafe und pers\u00f6nlich anwesend. Auf dem Weg nach Damaskus hatte Saulus eine Vision, welche ihn erblinden lie\u00df. Daraufhin wandelte sich Saulus &hellip; <a href=\"https:\/\/www.medianus.at\/bibel\/paulus-und-luther\/\" class=\"more-link\"><span class=\"screen-reader-text\">&#8222;Paulus und Luther&#8220; <\/span>weiterlesen<\/a><\/p>\n","protected":false},"author":1,"featured_media":0,"parent":0,"menu_order":0,"comment_status":"closed","ping_status":"closed","template":"","meta":{"footnotes":""},"class_list":["post-400","page","type-page","status-publish","hentry"],"yoast_head":"<!-- This site is optimized with the Yoast SEO plugin v22.9 - https:\/\/yoast.com\/wordpress\/plugins\/seo\/ -->\n<title>Paulus und Luther - Was verbindet diese beiden Kirchenm\u00e4nner<\/title>\n<meta name=\"description\" content=\"Bei genauer Betrachtung ging Luther den umgekehrten Weg von Paulus. Er war am Ende seines Lebens v\u00f6llig dem Satan verfallen.\" \/>\n<meta name=\"robots\" content=\"index, follow, max-snippet:-1, max-image-preview:large, max-video-preview:-1\" \/>\n<link rel=\"canonical\" href=\"https:\/\/www.medianus.at\/bibel\/paulus-und-luther\/\" \/>\n<meta property=\"og:locale\" content=\"de_DE\" \/>\n<meta property=\"og:type\" content=\"article\" \/>\n<meta property=\"og:title\" content=\"Paulus und Luther - Was verbindet diese beiden Kirchenm\u00e4nner\" \/>\n<meta property=\"og:description\" content=\"Bei genauer Betrachtung ging Luther den umgekehrten Weg von Paulus. Er war am Ende seines Lebens v\u00f6llig dem Satan verfallen.\" \/>\n<meta property=\"og:url\" content=\"https:\/\/www.medianus.at\/bibel\/paulus-und-luther\/\" \/>\n<meta property=\"og:site_name\" content=\"Medianus\" \/>\n<meta property=\"article:modified_time\" content=\"2022-04-02T17:02:34+00:00\" \/>\n<meta property=\"og:image\" content=\"https:\/\/upload.wikimedia.org\/wikipedia\/commons\/thumb\/e\/ee\/Bartolomeo_Montagna_-_Saint_Paul_-_Google_Art_Project.jpg\/255px-Bartolomeo_Montagna_-_Saint_Paul_-_Google_Art_Project.jpg\" \/>\n<meta name=\"twitter:card\" content=\"summary_large_image\" \/>\n<meta name=\"twitter:label1\" content=\"Gesch\u00e4tzte Lesezeit\" \/>\n\t<meta name=\"twitter:data1\" content=\"1\u00a0Minute\" \/>\n<script type=\"application\/ld+json\" class=\"yoast-schema-graph\">{\"@context\":\"https:\/\/schema.org\",\"@graph\":[{\"@type\":\"WebPage\",\"@id\":\"https:\/\/www.medianus.at\/bibel\/paulus-und-luther\/\",\"url\":\"https:\/\/www.medianus.at\/bibel\/paulus-und-luther\/\",\"name\":\"Paulus und Luther - Was verbindet diese beiden Kirchenm\u00e4nner\",\"isPartOf\":{\"@id\":\"https:\/\/www.medianus.at\/bibel\/#website\"},\"primaryImageOfPage\":{\"@id\":\"https:\/\/www.medianus.at\/bibel\/paulus-und-luther\/#primaryimage\"},\"image\":{\"@id\":\"https:\/\/www.medianus.at\/bibel\/paulus-und-luther\/#primaryimage\"},\"thumbnailUrl\":\"https:\/\/upload.wikimedia.org\/wikipedia\/commons\/thumb\/e\/ee\/Bartolomeo_Montagna_-_Saint_Paul_-_Google_Art_Project.jpg\/255px-Bartolomeo_Montagna_-_Saint_Paul_-_Google_Art_Project.jpg\",\"datePublished\":\"2020-12-30T19:48:34+00:00\",\"dateModified\":\"2022-04-02T17:02:34+00:00\",\"description\":\"Bei genauer Betrachtung ging Luther den umgekehrten Weg von Paulus. Er war am Ende seines Lebens v\u00f6llig dem Satan verfallen.\",\"breadcrumb\":{\"@id\":\"https:\/\/www.medianus.at\/bibel\/paulus-und-luther\/#breadcrumb\"},\"inLanguage\":\"de\",\"potentialAction\":[{\"@type\":\"ReadAction\",\"target\":[\"https:\/\/www.medianus.at\/bibel\/paulus-und-luther\/\"]}]},{\"@type\":\"ImageObject\",\"inLanguage\":\"de\",\"@id\":\"https:\/\/www.medianus.at\/bibel\/paulus-und-luther\/#primaryimage\",\"url\":\"https:\/\/upload.wikimedia.org\/wikipedia\/commons\/thumb\/e\/ee\/Bartolomeo_Montagna_-_Saint_Paul_-_Google_Art_Project.jpg\/255px-Bartolomeo_Montagna_-_Saint_Paul_-_Google_Art_Project.jpg\",\"contentUrl\":\"https:\/\/upload.wikimedia.org\/wikipedia\/commons\/thumb\/e\/ee\/Bartolomeo_Montagna_-_Saint_Paul_-_Google_Art_Project.jpg\/255px-Bartolomeo_Montagna_-_Saint_Paul_-_Google_Art_Project.jpg\"},{\"@type\":\"BreadcrumbList\",\"@id\":\"https:\/\/www.medianus.at\/bibel\/paulus-und-luther\/#breadcrumb\",\"itemListElement\":[{\"@type\":\"ListItem\",\"position\":1,\"name\":\"Startseite\",\"item\":\"https:\/\/www.medianus.at\/bibel\/\"},{\"@type\":\"ListItem\",\"position\":2,\"name\":\"Paulus und Luther\"}]},{\"@type\":\"WebSite\",\"@id\":\"https:\/\/www.medianus.at\/bibel\/#website\",\"url\":\"https:\/\/www.medianus.at\/bibel\/\",\"name\":\"Medianus\",\"description\":\"Endzeitbewu\u00dftsein\",\"publisher\":{\"@id\":\"https:\/\/www.medianus.at\/bibel\/#\/schema\/person\/9813ce5b369f8452dc40ce133ead17a7\"},\"potentialAction\":[{\"@type\":\"SearchAction\",\"target\":{\"@type\":\"EntryPoint\",\"urlTemplate\":\"https:\/\/www.medianus.at\/bibel\/?s={search_term_string}\"},\"query-input\":\"required name=search_term_string\"}],\"inLanguage\":\"de\"},{\"@type\":[\"Person\",\"Organization\"],\"@id\":\"https:\/\/www.medianus.at\/bibel\/#\/schema\/person\/9813ce5b369f8452dc40ce133ead17a7\",\"name\":\"Walter Panhuber\",\"image\":{\"@type\":\"ImageObject\",\"inLanguage\":\"de\",\"@id\":\"https:\/\/www.medianus.at\/bibel\/#\/schema\/person\/image\/\",\"url\":\"https:\/\/secure.gravatar.com\/avatar\/ff8326d54d16e623f9e2aeb12289ecab?s=96&d=mm&r=g\",\"contentUrl\":\"https:\/\/secure.gravatar.com\/avatar\/ff8326d54d16e623f9e2aeb12289ecab?s=96&d=mm&r=g\",\"caption\":\"Walter Panhuber\"},\"logo\":{\"@id\":\"https:\/\/www.medianus.at\/bibel\/#\/schema\/person\/image\/\"}}]}<\/script>\n<!-- \/ Yoast SEO plugin. -->","yoast_head_json":{"title":"Paulus und Luther - Was verbindet diese beiden Kirchenm\u00e4nner","description":"Bei genauer Betrachtung ging Luther den umgekehrten Weg von Paulus. Er war am Ende seines Lebens v\u00f6llig dem Satan verfallen.","robots":{"index":"index","follow":"follow","max-snippet":"max-snippet:-1","max-image-preview":"max-image-preview:large","max-video-preview":"max-video-preview:-1"},"canonical":"https:\/\/www.medianus.at\/bibel\/paulus-und-luther\/","og_locale":"de_DE","og_type":"article","og_title":"Paulus und Luther - Was verbindet diese beiden Kirchenm\u00e4nner","og_description":"Bei genauer Betrachtung ging Luther den umgekehrten Weg von Paulus. Er war am Ende seines Lebens v\u00f6llig dem Satan verfallen.","og_url":"https:\/\/www.medianus.at\/bibel\/paulus-und-luther\/","og_site_name":"Medianus","article_modified_time":"2022-04-02T17:02:34+00:00","og_image":[{"url":"https:\/\/upload.wikimedia.org\/wikipedia\/commons\/thumb\/e\/ee\/Bartolomeo_Montagna_-_Saint_Paul_-_Google_Art_Project.jpg\/255px-Bartolomeo_Montagna_-_Saint_Paul_-_Google_Art_Project.jpg"}],"twitter_card":"summary_large_image","twitter_misc":{"Gesch\u00e4tzte Lesezeit":"1\u00a0Minute"},"schema":{"@context":"https:\/\/schema.org","@graph":[{"@type":"WebPage","@id":"https:\/\/www.medianus.at\/bibel\/paulus-und-luther\/","url":"https:\/\/www.medianus.at\/bibel\/paulus-und-luther\/","name":"Paulus und Luther - Was verbindet diese beiden Kirchenm\u00e4nner","isPartOf":{"@id":"https:\/\/www.medianus.at\/bibel\/#website"},"primaryImageOfPage":{"@id":"https:\/\/www.medianus.at\/bibel\/paulus-und-luther\/#primaryimage"},"image":{"@id":"https:\/\/www.medianus.at\/bibel\/paulus-und-luther\/#primaryimage"},"thumbnailUrl":"https:\/\/upload.wikimedia.org\/wikipedia\/commons\/thumb\/e\/ee\/Bartolomeo_Montagna_-_Saint_Paul_-_Google_Art_Project.jpg\/255px-Bartolomeo_Montagna_-_Saint_Paul_-_Google_Art_Project.jpg","datePublished":"2020-12-30T19:48:34+00:00","dateModified":"2022-04-02T17:02:34+00:00","description":"Bei genauer Betrachtung ging Luther den umgekehrten Weg von Paulus. Er war am Ende seines Lebens v\u00f6llig dem Satan verfallen.","breadcrumb":{"@id":"https:\/\/www.medianus.at\/bibel\/paulus-und-luther\/#breadcrumb"},"inLanguage":"de","potentialAction":[{"@type":"ReadAction","target":["https:\/\/www.medianus.at\/bibel\/paulus-und-luther\/"]}]},{"@type":"ImageObject","inLanguage":"de","@id":"https:\/\/www.medianus.at\/bibel\/paulus-und-luther\/#primaryimage","url":"https:\/\/upload.wikimedia.org\/wikipedia\/commons\/thumb\/e\/ee\/Bartolomeo_Montagna_-_Saint_Paul_-_Google_Art_Project.jpg\/255px-Bartolomeo_Montagna_-_Saint_Paul_-_Google_Art_Project.jpg","contentUrl":"https:\/\/upload.wikimedia.org\/wikipedia\/commons\/thumb\/e\/ee\/Bartolomeo_Montagna_-_Saint_Paul_-_Google_Art_Project.jpg\/255px-Bartolomeo_Montagna_-_Saint_Paul_-_Google_Art_Project.jpg"},{"@type":"BreadcrumbList","@id":"https:\/\/www.medianus.at\/bibel\/paulus-und-luther\/#breadcrumb","itemListElement":[{"@type":"ListItem","position":1,"name":"Startseite","item":"https:\/\/www.medianus.at\/bibel\/"},{"@type":"ListItem","position":2,"name":"Paulus und Luther"}]},{"@type":"WebSite","@id":"https:\/\/www.medianus.at\/bibel\/#website","url":"https:\/\/www.medianus.at\/bibel\/","name":"Medianus","description":"Endzeitbewu\u00dftsein","publisher":{"@id":"https:\/\/www.medianus.at\/bibel\/#\/schema\/person\/9813ce5b369f8452dc40ce133ead17a7"},"potentialAction":[{"@type":"SearchAction","target":{"@type":"EntryPoint","urlTemplate":"https:\/\/www.medianus.at\/bibel\/?s={search_term_string}"},"query-input":"required name=search_term_string"}],"inLanguage":"de"},{"@type":["Person","Organization"],"@id":"https:\/\/www.medianus.at\/bibel\/#\/schema\/person\/9813ce5b369f8452dc40ce133ead17a7","name":"Walter Panhuber","image":{"@type":"ImageObject","inLanguage":"de","@id":"https:\/\/www.medianus.at\/bibel\/#\/schema\/person\/image\/","url":"https:\/\/secure.gravatar.com\/avatar\/ff8326d54d16e623f9e2aeb12289ecab?s=96&d=mm&r=g","contentUrl":"https:\/\/secure.gravatar.com\/avatar\/ff8326d54d16e623f9e2aeb12289ecab?s=96&d=mm&r=g","caption":"Walter Panhuber"},"logo":{"@id":"https:\/\/www.medianus.at\/bibel\/#\/schema\/person\/image\/"}}]}},"_links":{"self":[{"href":"https:\/\/www.medianus.at\/bibel\/wp-json\/wp\/v2\/pages\/400"}],"collection":[{"href":"https:\/\/www.medianus.at\/bibel\/wp-json\/wp\/v2\/pages"}],"about":[{"href":"https:\/\/www.medianus.at\/bibel\/wp-json\/wp\/v2\/types\/page"}],"author":[{"embeddable":true,"href":"https:\/\/www.medianus.at\/bibel\/wp-json\/wp\/v2\/users\/1"}],"replies":[{"embeddable":true,"href":"https:\/\/www.medianus.at\/bibel\/wp-json\/wp\/v2\/comments?post=400"}],"version-history":[{"count":7,"href":"https:\/\/www.medianus.at\/bibel\/wp-json\/wp\/v2\/pages\/400\/revisions"}],"predecessor-version":[{"id":1137,"href":"https:\/\/www.medianus.at\/bibel\/wp-json\/wp\/v2\/pages\/400\/revisions\/1137"}],"wp:attachment":[{"href":"https:\/\/www.medianus.at\/bibel\/wp-json\/wp\/v2\/media?parent=400"}],"curies":[{"name":"wp","href":"https:\/\/api.w.org\/{rel}","templated":true}]}}