{"id":34,"date":"2020-03-29T16:32:44","date_gmt":"2020-03-29T14:32:44","guid":{"rendered":"https:\/\/www.medianus.at\/bibel\/?page_id=34"},"modified":"2021-04-05T20:52:37","modified_gmt":"2021-04-05T18:52:37","slug":"bestaendige-ordnung","status":"publish","type":"page","link":"https:\/\/www.medianus.at\/bibel\/bestaendige-ordnung\/","title":{"rendered":"Best\u00e4ndige Ordnung"},"content":{"rendered":"\n<p>Die best\u00e4ndige Ordung Jahuwahs dr\u00fcckt sich vor allem durch seinen Kalender aus. Dieser Kalender ging dem Volk Israel verloren, als es in \u00c4gypten versklavt wurde.<\/p>\n\n\n\n<p>Beim Auszug aus \u00c4gypten wurde dieser Kalender wieder hergestellt. Im 2. Jahrhundert nach der Geburt Jahuschuahs ging dieser Kalender wieder verloren.<\/p>\n\n\n\n<p>Ebenso wird diese best\u00e4ndige Ordnung vor der Wiederkunft des Messias wieder hergestellt. In dieser Zeit befinden wir uns jetzt. Diese Website ist eine Website, die an der Widerherstellung der best\u00e4ndigen Ordnung mitarbeitet.<\/p>\n\n\n\n<p><a href=\"https:\/\/www.medianus.at\/bibel\/gods-calendar\/\">Kalender Gottes<\/a><br><a href=\"https:\/\/www.medianus.at\/bibel\/gods-clock\/\">Uhr Gottes<\/a><\/p>\n\n\n\n<p><a href=\"https:\/\/www.medianus.at\/bibel\/\">Home<\/a><\/p>\n","protected":false},"excerpt":{"rendered":"<p>Die best\u00e4ndige Ordung Jahuwahs dr\u00fcckt sich vor allem durch seinen Kalender aus. Dieser Kalender ging dem Volk Israel verloren, als es in \u00c4gypten versklavt wurde. Beim Auszug aus \u00c4gypten wurde dieser Kalender wieder hergestellt. Im 2. Jahrhundert nach der Geburt Jahuschuahs ging dieser Kalender wieder verloren. Ebenso wird diese best\u00e4ndige Ordnung vor der Wiederkunft des &hellip; <a href=\"https:\/\/www.medianus.at\/bibel\/bestaendige-ordnung\/\" class=\"more-link\"><span class=\"screen-reader-text\">&#8222;Best\u00e4ndige Ordnung&#8220; <\/span>weiterlesen<\/a><\/p>\n","protected":false},"author":1,"featured_media":0,"parent":0,"menu_order":0,"comment_status":"closed","ping_status":"closed","template":"","meta":{"footnotes":""},"class_list":["post-34","page","type-page","status-publish","hentry"],"yoast_head":"<!-- This site is optimized with the Yoast SEO plugin v22.9 - https:\/\/yoast.com\/wordpress\/plugins\/seo\/ -->\n<title>Best\u00e4ndige Ordnung - Medianus<\/title>\n<meta name=\"description\" content=\"Diese Website dient als Redaktionsplattform f\u00fcr die Medianus-Bibel.\" \/>\n<meta name=\"robots\" content=\"index, follow, max-snippet:-1, max-image-preview:large, max-video-preview:-1\" \/>\n<link rel=\"canonical\" href=\"https:\/\/www.medianus.at\/bibel\/bestaendige-ordnung\/\" \/>\n<meta property=\"og:locale\" content=\"de_DE\" \/>\n<meta property=\"og:type\" content=\"article\" \/>\n<meta property=\"og:title\" content=\"Best\u00e4ndige Ordnung - Medianus\" \/>\n<meta property=\"og:description\" content=\"Diese Website dient als Redaktionsplattform f\u00fcr die Medianus-Bibel.\" \/>\n<meta property=\"og:url\" content=\"https:\/\/www.medianus.at\/bibel\/bestaendige-ordnung\/\" \/>\n<meta property=\"og:site_name\" content=\"Medianus\" \/>\n<meta property=\"article:modified_time\" content=\"2021-04-05T18:52:37+00:00\" \/>\n<meta name=\"twitter:card\" content=\"summary_large_image\" \/>\n<script type=\"application\/ld+json\" class=\"yoast-schema-graph\">{\"@context\":\"https:\/\/schema.org\",\"@graph\":[{\"@type\":\"WebPage\",\"@id\":\"https:\/\/www.medianus.at\/bibel\/bestaendige-ordnung\/\",\"url\":\"https:\/\/www.medianus.at\/bibel\/bestaendige-ordnung\/\",\"name\":\"Best\u00e4ndige Ordnung - Medianus\",\"isPartOf\":{\"@id\":\"https:\/\/www.medianus.at\/bibel\/#website\"},\"datePublished\":\"2020-03-29T14:32:44+00:00\",\"dateModified\":\"2021-04-05T18:52:37+00:00\",\"description\":\"Diese Website dient als Redaktionsplattform f\u00fcr die Medianus-Bibel.\",\"breadcrumb\":{\"@id\":\"https:\/\/www.medianus.at\/bibel\/bestaendige-ordnung\/#breadcrumb\"},\"inLanguage\":\"de\",\"potentialAction\":[{\"@type\":\"ReadAction\",\"target\":[\"https:\/\/www.medianus.at\/bibel\/bestaendige-ordnung\/\"]}]},{\"@type\":\"BreadcrumbList\",\"@id\":\"https:\/\/www.medianus.at\/bibel\/bestaendige-ordnung\/#breadcrumb\",\"itemListElement\":[{\"@type\":\"ListItem\",\"position\":1,\"name\":\"Startseite\",\"item\":\"https:\/\/www.medianus.at\/bibel\/\"},{\"@type\":\"ListItem\",\"position\":2,\"name\":\"Best\u00e4ndige Ordnung\"}]},{\"@type\":\"WebSite\",\"@id\":\"https:\/\/www.medianus.at\/bibel\/#website\",\"url\":\"https:\/\/www.medianus.at\/bibel\/\",\"name\":\"Medianus\",\"description\":\"Endzeitbewu\u00dftsein\",\"publisher\":{\"@id\":\"https:\/\/www.medianus.at\/bibel\/#\/schema\/person\/9813ce5b369f8452dc40ce133ead17a7\"},\"potentialAction\":[{\"@type\":\"SearchAction\",\"target\":{\"@type\":\"EntryPoint\",\"urlTemplate\":\"https:\/\/www.medianus.at\/bibel\/?s={search_term_string}\"},\"query-input\":\"required name=search_term_string\"}],\"inLanguage\":\"de\"},{\"@type\":[\"Person\",\"Organization\"],\"@id\":\"https:\/\/www.medianus.at\/bibel\/#\/schema\/person\/9813ce5b369f8452dc40ce133ead17a7\",\"name\":\"Walter Panhuber\",\"image\":{\"@type\":\"ImageObject\",\"inLanguage\":\"de\",\"@id\":\"https:\/\/www.medianus.at\/bibel\/#\/schema\/person\/image\/\",\"url\":\"https:\/\/secure.gravatar.com\/avatar\/ff8326d54d16e623f9e2aeb12289ecab?s=96&d=mm&r=g\",\"contentUrl\":\"https:\/\/secure.gravatar.com\/avatar\/ff8326d54d16e623f9e2aeb12289ecab?s=96&d=mm&r=g\",\"caption\":\"Walter Panhuber\"},\"logo\":{\"@id\":\"https:\/\/www.medianus.at\/bibel\/#\/schema\/person\/image\/\"}}]}<\/script>\n<!-- \/ Yoast SEO plugin. -->","yoast_head_json":{"title":"Best\u00e4ndige Ordnung - Medianus","description":"Diese Website dient als Redaktionsplattform f\u00fcr die Medianus-Bibel.","robots":{"index":"index","follow":"follow","max-snippet":"max-snippet:-1","max-image-preview":"max-image-preview:large","max-video-preview":"max-video-preview:-1"},"canonical":"https:\/\/www.medianus.at\/bibel\/bestaendige-ordnung\/","og_locale":"de_DE","og_type":"article","og_title":"Best\u00e4ndige Ordnung - Medianus","og_description":"Diese Website dient als Redaktionsplattform f\u00fcr die Medianus-Bibel.","og_url":"https:\/\/www.medianus.at\/bibel\/bestaendige-ordnung\/","og_site_name":"Medianus","article_modified_time":"2021-04-05T18:52:37+00:00","twitter_card":"summary_large_image","schema":{"@context":"https:\/\/schema.org","@graph":[{"@type":"WebPage","@id":"https:\/\/www.medianus.at\/bibel\/bestaendige-ordnung\/","url":"https:\/\/www.medianus.at\/bibel\/bestaendige-ordnung\/","name":"Best\u00e4ndige Ordnung - Medianus","isPartOf":{"@id":"https:\/\/www.medianus.at\/bibel\/#website"},"datePublished":"2020-03-29T14:32:44+00:00","dateModified":"2021-04-05T18:52:37+00:00","description":"Diese Website dient als Redaktionsplattform f\u00fcr die Medianus-Bibel.","breadcrumb":{"@id":"https:\/\/www.medianus.at\/bibel\/bestaendige-ordnung\/#breadcrumb"},"inLanguage":"de","potentialAction":[{"@type":"ReadAction","target":["https:\/\/www.medianus.at\/bibel\/bestaendige-ordnung\/"]}]},{"@type":"BreadcrumbList","@id":"https:\/\/www.medianus.at\/bibel\/bestaendige-ordnung\/#breadcrumb","itemListElement":[{"@type":"ListItem","position":1,"name":"Startseite","item":"https:\/\/www.medianus.at\/bibel\/"},{"@type":"ListItem","position":2,"name":"Best\u00e4ndige Ordnung"}]},{"@type":"WebSite","@id":"https:\/\/www.medianus.at\/bibel\/#website","url":"https:\/\/www.medianus.at\/bibel\/","name":"Medianus","description":"Endzeitbewu\u00dftsein","publisher":{"@id":"https:\/\/www.medianus.at\/bibel\/#\/schema\/person\/9813ce5b369f8452dc40ce133ead17a7"},"potentialAction":[{"@type":"SearchAction","target":{"@type":"EntryPoint","urlTemplate":"https:\/\/www.medianus.at\/bibel\/?s={search_term_string}"},"query-input":"required name=search_term_string"}],"inLanguage":"de"},{"@type":["Person","Organization"],"@id":"https:\/\/www.medianus.at\/bibel\/#\/schema\/person\/9813ce5b369f8452dc40ce133ead17a7","name":"Walter Panhuber","image":{"@type":"ImageObject","inLanguage":"de","@id":"https:\/\/www.medianus.at\/bibel\/#\/schema\/person\/image\/","url":"https:\/\/secure.gravatar.com\/avatar\/ff8326d54d16e623f9e2aeb12289ecab?s=96&d=mm&r=g","contentUrl":"https:\/\/secure.gravatar.com\/avatar\/ff8326d54d16e623f9e2aeb12289ecab?s=96&d=mm&r=g","caption":"Walter Panhuber"},"logo":{"@id":"https:\/\/www.medianus.at\/bibel\/#\/schema\/person\/image\/"}}]}},"_links":{"self":[{"href":"https:\/\/www.medianus.at\/bibel\/wp-json\/wp\/v2\/pages\/34"}],"collection":[{"href":"https:\/\/www.medianus.at\/bibel\/wp-json\/wp\/v2\/pages"}],"about":[{"href":"https:\/\/www.medianus.at\/bibel\/wp-json\/wp\/v2\/types\/page"}],"author":[{"embeddable":true,"href":"https:\/\/www.medianus.at\/bibel\/wp-json\/wp\/v2\/users\/1"}],"replies":[{"embeddable":true,"href":"https:\/\/www.medianus.at\/bibel\/wp-json\/wp\/v2\/comments?post=34"}],"version-history":[{"count":5,"href":"https:\/\/www.medianus.at\/bibel\/wp-json\/wp\/v2\/pages\/34\/revisions"}],"predecessor-version":[{"id":753,"href":"https:\/\/www.medianus.at\/bibel\/wp-json\/wp\/v2\/pages\/34\/revisions\/753"}],"wp:attachment":[{"href":"https:\/\/www.medianus.at\/bibel\/wp-json\/wp\/v2\/media?parent=34"}],"curies":[{"name":"wp","href":"https:\/\/api.w.org\/{rel}","templated":true}]}}