{"id":331,"date":"2020-12-18T13:52:15","date_gmt":"2020-12-18T12:52:15","guid":{"rendered":"https:\/\/www.medianus.at\/bibel\/?page_id=331"},"modified":"2022-08-10T15:55:51","modified_gmt":"2022-08-10T13:55:51","slug":"prophetie-in-der-bibel","status":"publish","type":"page","link":"https:\/\/www.medianus.at\/bibel\/prophetie-in-der-bibel\/","title":{"rendered":"Prophetie in der Bibel"},"content":{"rendered":"\n<p>Schon in alter Zeit war die Prophetie ein sehr wesentliches Werkzeug Gottes, um den Gl\u00e4ubigen zu zeigen, wer es ist, dem es geb\u00fchrt, ihn anzubeten.<\/p>\n\n\n\n<blockquote class=\"wp-block-quote is-layout-flow wp-block-quote-is-layout-flow\"><p>Das Fr\u00fchere, siehe, es ist eingetroffen, und Neues verk\u00fcndige ich; ehe es hervorspro\u00dft, lasse ich es euch h\u00f6ren.<\/p><cite>Elberfelder 1905, Jesaja 42,9<\/cite><\/blockquote>\n\n\n\n<p>Die Prophhetie der Bibel dient weniger zur Spekulation auf zuk\u00fcnftige Ereignisse, sondern viel mehr zur Festigung des Glaubens.<\/p>\n\n\n\n<blockquote class=\"wp-block-quote is-layout-flow wp-block-quote-is-layout-flow\"><p>Und so besitzen wir das prophetische Wort befestigt, auf welches zu achten ihr wohl tut, als auf eine Lampe, welche an einem dunklen Orte leuchtet, bis der Tag anbreche und der Morgenstern aufgehe in euren Herzen; indem ihr dies zuerst wisset, da\u00df keine Weissagung der Schrift von eigener Auslegung ist. Denn die Weissagung wurde niemals durch den Willen des Menschen hervorgebracht, sondern heilige M\u00e4nner Gottes redeten, getrieben vom Heiligen Geiste.<\/p><cite>Elberfelder 1905, 2. Petrus 1,19<\/cite><\/blockquote>\n\n\n\n<p>Auch Johannes wiederholt die Worte des Propheten Jesaia ganz \u00e4hnlich.<\/p>\n\n\n\n<blockquote class=\"wp-block-quote is-layout-flow wp-block-quote-is-layout-flow\"><p>Und jetzt habe ich es euch gesagt, ehe es geschieht, auf da\u00df, wenn es geschieht, ihr glaubet.<\/p><cite>Elberfelder 1905, Johannes 14,29<\/cite><\/blockquote>\n\n\n\n<p>F\u00fcr unsere Zeit ist die Offenbarung sehr relevant. Dazu geh\u00f6rt auch das Buch David, das in der Offenbarung erw\u00e4hnt wird. Nachfolgend die gesamte Offenbarung auf einem Blatt im PDF-Format. Dadurch kann man dieses Buch nicht nur Kapitel nach Kapitel lesen, sondern auch quer nach der Schl\u00fcsselzahl &#8222;7&#8220; durchgehen. Das Prinzip &#8222;4&#215;7=28&#8220; findet man auch im Kalender Gottes wieder.<\/p>\n\n\n<p>Offenbarung des Johannes im PDF-Format DIN A0 (alles auf einem Blatt)<br><a href=\"https:\/\/www.medianus.at\/bibel\/wp-content\/uploads\/2022\/03\/Apokalypse.pdf\">Apokalypse<\/a><\/p>\n<p><\/p>\n\n\n<div class=\"wp-block-image\"><figure class=\"alignleft size-large is-resized\"><a href=\"https:\/\/www.amazon.de\/JAHUWAH-Neues-Licht-f%C3%BCr-Jungfrauen\/dp\/B0B8BJZ91T\/ref=sr_1_2?crid=3GMYV2FCMDEQK&amp;keywords=jahuwah&amp;qid=1660133350&amp;s=books&amp;sprefix=Jahu%2Cstripbooks%2C173&amp;sr=1-2\" target=\"_blank\" rel=\"noreferrer noopener\"><img loading=\"lazy\" decoding=\"async\" src=\"https:\/\/m.media-amazon.com\/images\/I\/71Wb1Dhpz+L._AC_UY327_QL65_.jpg\" alt=\"\" width=\"129\" height=\"198\"\/><\/a><figcaption>Deutsch<\/figcaption><\/figure><\/div>\n\n\n\n<p>Das Studieren der Prophetie in der Bibel ist sehr zeitaufw\u00e4ndig, daher sollte man Sekund\u00e4rliteratur verwenden. Dadurch l\u00e4sst sich der Zeitaufwand erheblich reduzieren, weil man von Gedanken fr\u00fcherer Forscher profitiert.<\/p>\n\n\n\n<p> Dieses Buch befasst sich sehr ausf\u00fchrlich mit der Prophetie in der Bibel. <\/p>\n\n\n\n<p> Dieses Buch begleitet den Leser, der die Bibel und den GOTT der  Bibel, Jahuwah, neu entdeckt. Durch die Erkl\u00e4rung der wichtigsten  prophetischen Zusammenh\u00e4nge erh\u00e4lt der Leser sehr schnell einen  geeigneten Zugang zum spannendsten Teil der Bibel. Ein weiterer Teil  befasst sich mit der best\u00e4ndigen Ordnung, die sich im Kalender von  JAHUWAH offenbart. Dieser urspr\u00fcngliche Kalender wurde beim Auszug des  Volkes Israel aus \u00c4gypten vollst\u00e4ndig wieder hergestellt. Dabei wird  sehr deutlich, dass der Julianische Kalender und auch der heutige  Gregorianische Kalender Machwerke des Widersachers sind. Ein wichtiger  Teil befasst sich mit den Gemeinden der Gl\u00e4ubigen. Sowohl die Gemeinde  JAHUSCHUAHS als auch die Gemeinde SATANS werden geschichtlich  durchleuchtet. Ein weiterer Teil ist eine Entdeckungsreise ins Weltbild  der Bibel. Zuvor werden die wissenschaftlichen Weltbilder kurz  beleuchtet. Zum Schluss wird der Leser, mit seinem neuen Wissen,  nochmals in die spannende Prophetie der Endzeit gef\u00fchrt. Vorwiegend in  die Offenbarung, die Apokalypse, aber auch in die B\u00fccher Daniel und  Sacharja. <\/p>\n\n\n\n<div class=\"wp-block-image\"><figure class=\"alignleft size-large is-resized\"><a href=\"https:\/\/www.amazon.de\/YAHUWAH-New-light-virgins-medianus\/dp\/B0B8BDFD86\/ref=sr_1_1?__mk_de_DE=%C3%85M%C3%85%C5%BD%C3%95%C3%91&amp;crid=1Z56JJQ2AK510&amp;keywords=yahuwah&amp;qid=1660133620&amp;s=books&amp;sprefix=yahuwah%2Cstripbooks%2C148&amp;sr=1-1\" target=\"_blank\" rel=\"noreferrer noopener\"><img loading=\"lazy\" decoding=\"async\" src=\"https:\/\/m.media-amazon.com\/images\/I\/71eSj5JrWEL._AC_UY327_QL65_.jpg\" alt=\"\" width=\"131\" height=\"201\"\/><\/a><figcaption>English<\/figcaption><\/figure><\/div>\n\n\n\n<p>Die neue Fassung ist  nun auch in der englischen Sprache verf\u00fcgbar.<\/p>\n\n\n\n<p>Yahuwah is the correct transliteration of the name of God into the  English language. This book accompanies the reader who discovers the  Bible and the GOD of the Bible, Yahuwah, anew. By the explanation of the  most important prophetic connections the reader receives very fast a  suitable access to the most exciting part of the Bible. Another part  deals with the constant order which is revealed in the calendar of  Yahuwah. This original calendar was completely restored when the people  of Israel left Egypt. Thereby it becomes very clear that the Julian  calendar and also the Gregorian calendar of today are machinations of  the adversary. An important part deals with the churches of the  believers. Both the congregation of Yahushuah and the congregation of  SATAN are examined historically. Another part is a journey of discovery  into the worldview of the Bible. Before that the scientific world views  are briefly illuminated. At the end the reader, with his new knowledge,  is led once again into the exciting prophecy of the end times. Mainly in  the Revelation, the Apocalypse, but also in the books of Daniel and  Zechariah. <\/p>\n\n\n\n<p>N\u00e4chste Seite: <a href=\"https:\/\/www.medianus.at\/bibel\/das-ende-der-luegen\/\">Das Ende der L\u00fcgen<\/a><br> <a href=\"https:\/\/www.medianus.at\/bibel\/grundlagen\/\">Grundlagen<\/a> <\/p>\n","protected":false},"excerpt":{"rendered":"<p>Schon in alter Zeit war die Prophetie ein sehr wesentliches Werkzeug Gottes, um den Gl\u00e4ubigen zu zeigen, wer es ist, dem es geb\u00fchrt, ihn anzubeten. Das Fr\u00fchere, siehe, es ist eingetroffen, und Neues verk\u00fcndige ich; ehe es hervorspro\u00dft, lasse ich es euch h\u00f6ren. Elberfelder 1905, Jesaja 42,9 Die Prophhetie der Bibel dient weniger zur Spekulation &hellip; <a href=\"https:\/\/www.medianus.at\/bibel\/prophetie-in-der-bibel\/\" class=\"more-link\"><span class=\"screen-reader-text\">&#8222;Prophetie in der Bibel&#8220; <\/span>weiterlesen<\/a><\/p>\n","protected":false},"author":1,"featured_media":0,"parent":0,"menu_order":0,"comment_status":"closed","ping_status":"closed","template":"","meta":{"footnotes":""},"class_list":["post-331","page","type-page","status-publish","hentry"],"yoast_head":"<!-- This site is optimized with the Yoast SEO plugin v22.9 - https:\/\/yoast.com\/wordpress\/plugins\/seo\/ -->\n<title>Prophetie in der Bibel - Zur Festigung des Glaubens<\/title>\n<meta name=\"description\" content=\"Schon in alter Zeit war die Prophetie ein sehr wesentliches Werkzeug Gottes, um den Gl\u00e4ubigen zu zeigen, wer es ist, dem es geb\u00fchrt, ihn anzubeten.\" \/>\n<meta name=\"robots\" content=\"index, follow, max-snippet:-1, max-image-preview:large, max-video-preview:-1\" \/>\n<link rel=\"canonical\" href=\"https:\/\/www.medianus.at\/bibel\/prophetie-in-der-bibel\/\" \/>\n<meta property=\"og:locale\" content=\"de_DE\" \/>\n<meta property=\"og:type\" content=\"article\" \/>\n<meta property=\"og:title\" content=\"Prophetie in der Bibel - Zur Festigung des Glaubens\" \/>\n<meta property=\"og:description\" content=\"Schon in alter Zeit war die Prophetie ein sehr wesentliches Werkzeug Gottes, um den Gl\u00e4ubigen zu zeigen, wer es ist, dem es geb\u00fchrt, ihn anzubeten.\" \/>\n<meta property=\"og:url\" content=\"https:\/\/www.medianus.at\/bibel\/prophetie-in-der-bibel\/\" \/>\n<meta property=\"og:site_name\" content=\"Medianus\" \/>\n<meta property=\"article:modified_time\" content=\"2022-08-10T13:55:51+00:00\" \/>\n<meta property=\"og:image\" content=\"https:\/\/m.media-amazon.com\/images\/I\/71Wb1Dhpz+L._AC_UY327_QL65_.jpg\" \/>\n<meta name=\"twitter:card\" content=\"summary_large_image\" \/>\n<meta name=\"twitter:label1\" content=\"Gesch\u00e4tzte Lesezeit\" \/>\n\t<meta name=\"twitter:data1\" content=\"3\u00a0Minuten\" \/>\n<script type=\"application\/ld+json\" class=\"yoast-schema-graph\">{\"@context\":\"https:\/\/schema.org\",\"@graph\":[{\"@type\":\"WebPage\",\"@id\":\"https:\/\/www.medianus.at\/bibel\/prophetie-in-der-bibel\/\",\"url\":\"https:\/\/www.medianus.at\/bibel\/prophetie-in-der-bibel\/\",\"name\":\"Prophetie in der Bibel - Zur Festigung des Glaubens\",\"isPartOf\":{\"@id\":\"https:\/\/www.medianus.at\/bibel\/#website\"},\"primaryImageOfPage\":{\"@id\":\"https:\/\/www.medianus.at\/bibel\/prophetie-in-der-bibel\/#primaryimage\"},\"image\":{\"@id\":\"https:\/\/www.medianus.at\/bibel\/prophetie-in-der-bibel\/#primaryimage\"},\"thumbnailUrl\":\"https:\/\/m.media-amazon.com\/images\/I\/71Wb1Dhpz+L._AC_UY327_QL65_.jpg\",\"datePublished\":\"2020-12-18T12:52:15+00:00\",\"dateModified\":\"2022-08-10T13:55:51+00:00\",\"description\":\"Schon in alter Zeit war die Prophetie ein sehr wesentliches Werkzeug Gottes, um den Gl\u00e4ubigen zu zeigen, wer es ist, dem es geb\u00fchrt, ihn anzubeten.\",\"breadcrumb\":{\"@id\":\"https:\/\/www.medianus.at\/bibel\/prophetie-in-der-bibel\/#breadcrumb\"},\"inLanguage\":\"de\",\"potentialAction\":[{\"@type\":\"ReadAction\",\"target\":[\"https:\/\/www.medianus.at\/bibel\/prophetie-in-der-bibel\/\"]}]},{\"@type\":\"ImageObject\",\"inLanguage\":\"de\",\"@id\":\"https:\/\/www.medianus.at\/bibel\/prophetie-in-der-bibel\/#primaryimage\",\"url\":\"https:\/\/m.media-amazon.com\/images\/I\/71Wb1Dhpz+L._AC_UY327_QL65_.jpg\",\"contentUrl\":\"https:\/\/m.media-amazon.com\/images\/I\/71Wb1Dhpz+L._AC_UY327_QL65_.jpg\"},{\"@type\":\"BreadcrumbList\",\"@id\":\"https:\/\/www.medianus.at\/bibel\/prophetie-in-der-bibel\/#breadcrumb\",\"itemListElement\":[{\"@type\":\"ListItem\",\"position\":1,\"name\":\"Startseite\",\"item\":\"https:\/\/www.medianus.at\/bibel\/\"},{\"@type\":\"ListItem\",\"position\":2,\"name\":\"Prophetie in der Bibel\"}]},{\"@type\":\"WebSite\",\"@id\":\"https:\/\/www.medianus.at\/bibel\/#website\",\"url\":\"https:\/\/www.medianus.at\/bibel\/\",\"name\":\"Medianus\",\"description\":\"Endzeitbewu\u00dftsein\",\"publisher\":{\"@id\":\"https:\/\/www.medianus.at\/bibel\/#\/schema\/person\/9813ce5b369f8452dc40ce133ead17a7\"},\"potentialAction\":[{\"@type\":\"SearchAction\",\"target\":{\"@type\":\"EntryPoint\",\"urlTemplate\":\"https:\/\/www.medianus.at\/bibel\/?s={search_term_string}\"},\"query-input\":\"required name=search_term_string\"}],\"inLanguage\":\"de\"},{\"@type\":[\"Person\",\"Organization\"],\"@id\":\"https:\/\/www.medianus.at\/bibel\/#\/schema\/person\/9813ce5b369f8452dc40ce133ead17a7\",\"name\":\"Walter Panhuber\",\"image\":{\"@type\":\"ImageObject\",\"inLanguage\":\"de\",\"@id\":\"https:\/\/www.medianus.at\/bibel\/#\/schema\/person\/image\/\",\"url\":\"https:\/\/secure.gravatar.com\/avatar\/ff8326d54d16e623f9e2aeb12289ecab?s=96&d=mm&r=g\",\"contentUrl\":\"https:\/\/secure.gravatar.com\/avatar\/ff8326d54d16e623f9e2aeb12289ecab?s=96&d=mm&r=g\",\"caption\":\"Walter Panhuber\"},\"logo\":{\"@id\":\"https:\/\/www.medianus.at\/bibel\/#\/schema\/person\/image\/\"}}]}<\/script>\n<!-- \/ Yoast SEO plugin. -->","yoast_head_json":{"title":"Prophetie in der Bibel - Zur Festigung des Glaubens","description":"Schon in alter Zeit war die Prophetie ein sehr wesentliches Werkzeug Gottes, um den Gl\u00e4ubigen zu zeigen, wer es ist, dem es geb\u00fchrt, ihn anzubeten.","robots":{"index":"index","follow":"follow","max-snippet":"max-snippet:-1","max-image-preview":"max-image-preview:large","max-video-preview":"max-video-preview:-1"},"canonical":"https:\/\/www.medianus.at\/bibel\/prophetie-in-der-bibel\/","og_locale":"de_DE","og_type":"article","og_title":"Prophetie in der Bibel - Zur Festigung des Glaubens","og_description":"Schon in alter Zeit war die Prophetie ein sehr wesentliches Werkzeug Gottes, um den Gl\u00e4ubigen zu zeigen, wer es ist, dem es geb\u00fchrt, ihn anzubeten.","og_url":"https:\/\/www.medianus.at\/bibel\/prophetie-in-der-bibel\/","og_site_name":"Medianus","article_modified_time":"2022-08-10T13:55:51+00:00","og_image":[{"url":"https:\/\/m.media-amazon.com\/images\/I\/71Wb1Dhpz+L._AC_UY327_QL65_.jpg"}],"twitter_card":"summary_large_image","twitter_misc":{"Gesch\u00e4tzte Lesezeit":"3\u00a0Minuten"},"schema":{"@context":"https:\/\/schema.org","@graph":[{"@type":"WebPage","@id":"https:\/\/www.medianus.at\/bibel\/prophetie-in-der-bibel\/","url":"https:\/\/www.medianus.at\/bibel\/prophetie-in-der-bibel\/","name":"Prophetie in der Bibel - Zur Festigung des Glaubens","isPartOf":{"@id":"https:\/\/www.medianus.at\/bibel\/#website"},"primaryImageOfPage":{"@id":"https:\/\/www.medianus.at\/bibel\/prophetie-in-der-bibel\/#primaryimage"},"image":{"@id":"https:\/\/www.medianus.at\/bibel\/prophetie-in-der-bibel\/#primaryimage"},"thumbnailUrl":"https:\/\/m.media-amazon.com\/images\/I\/71Wb1Dhpz+L._AC_UY327_QL65_.jpg","datePublished":"2020-12-18T12:52:15+00:00","dateModified":"2022-08-10T13:55:51+00:00","description":"Schon in alter Zeit war die Prophetie ein sehr wesentliches Werkzeug Gottes, um den Gl\u00e4ubigen zu zeigen, wer es ist, dem es geb\u00fchrt, ihn anzubeten.","breadcrumb":{"@id":"https:\/\/www.medianus.at\/bibel\/prophetie-in-der-bibel\/#breadcrumb"},"inLanguage":"de","potentialAction":[{"@type":"ReadAction","target":["https:\/\/www.medianus.at\/bibel\/prophetie-in-der-bibel\/"]}]},{"@type":"ImageObject","inLanguage":"de","@id":"https:\/\/www.medianus.at\/bibel\/prophetie-in-der-bibel\/#primaryimage","url":"https:\/\/m.media-amazon.com\/images\/I\/71Wb1Dhpz+L._AC_UY327_QL65_.jpg","contentUrl":"https:\/\/m.media-amazon.com\/images\/I\/71Wb1Dhpz+L._AC_UY327_QL65_.jpg"},{"@type":"BreadcrumbList","@id":"https:\/\/www.medianus.at\/bibel\/prophetie-in-der-bibel\/#breadcrumb","itemListElement":[{"@type":"ListItem","position":1,"name":"Startseite","item":"https:\/\/www.medianus.at\/bibel\/"},{"@type":"ListItem","position":2,"name":"Prophetie in der Bibel"}]},{"@type":"WebSite","@id":"https:\/\/www.medianus.at\/bibel\/#website","url":"https:\/\/www.medianus.at\/bibel\/","name":"Medianus","description":"Endzeitbewu\u00dftsein","publisher":{"@id":"https:\/\/www.medianus.at\/bibel\/#\/schema\/person\/9813ce5b369f8452dc40ce133ead17a7"},"potentialAction":[{"@type":"SearchAction","target":{"@type":"EntryPoint","urlTemplate":"https:\/\/www.medianus.at\/bibel\/?s={search_term_string}"},"query-input":"required name=search_term_string"}],"inLanguage":"de"},{"@type":["Person","Organization"],"@id":"https:\/\/www.medianus.at\/bibel\/#\/schema\/person\/9813ce5b369f8452dc40ce133ead17a7","name":"Walter Panhuber","image":{"@type":"ImageObject","inLanguage":"de","@id":"https:\/\/www.medianus.at\/bibel\/#\/schema\/person\/image\/","url":"https:\/\/secure.gravatar.com\/avatar\/ff8326d54d16e623f9e2aeb12289ecab?s=96&d=mm&r=g","contentUrl":"https:\/\/secure.gravatar.com\/avatar\/ff8326d54d16e623f9e2aeb12289ecab?s=96&d=mm&r=g","caption":"Walter Panhuber"},"logo":{"@id":"https:\/\/www.medianus.at\/bibel\/#\/schema\/person\/image\/"}}]}},"_links":{"self":[{"href":"https:\/\/www.medianus.at\/bibel\/wp-json\/wp\/v2\/pages\/331"}],"collection":[{"href":"https:\/\/www.medianus.at\/bibel\/wp-json\/wp\/v2\/pages"}],"about":[{"href":"https:\/\/www.medianus.at\/bibel\/wp-json\/wp\/v2\/types\/page"}],"author":[{"embeddable":true,"href":"https:\/\/www.medianus.at\/bibel\/wp-json\/wp\/v2\/users\/1"}],"replies":[{"embeddable":true,"href":"https:\/\/www.medianus.at\/bibel\/wp-json\/wp\/v2\/comments?post=331"}],"version-history":[{"count":15,"href":"https:\/\/www.medianus.at\/bibel\/wp-json\/wp\/v2\/pages\/331\/revisions"}],"predecessor-version":[{"id":1204,"href":"https:\/\/www.medianus.at\/bibel\/wp-json\/wp\/v2\/pages\/331\/revisions\/1204"}],"wp:attachment":[{"href":"https:\/\/www.medianus.at\/bibel\/wp-json\/wp\/v2\/media?parent=331"}],"curies":[{"name":"wp","href":"https:\/\/api.w.org\/{rel}","templated":true}]}}