{"id":310,"date":"2020-12-17T12:36:18","date_gmt":"2020-12-17T11:36:18","guid":{"rendered":"https:\/\/www.medianus.at\/bibel\/?page_id=310"},"modified":"2024-02-20T08:04:14","modified_gmt":"2024-02-20T07:04:14","slug":"wahrheit","status":"publish","type":"page","link":"https:\/\/www.medianus.at\/bibel\/wahrheit\/","title":{"rendered":"Wahrheit und Wahrhaftigkeit"},"content":{"rendered":"\n<figure class=\"wp-block-audio\"><audio controls src=\"https:\/\/www.medianus.at\/bibel\/wp-content\/uploads\/2024\/02\/2021_10_10_Vorwort.mp3\"><\/audio><figcaption>Vorwort des Wahrheitsj\u00e4ger<\/figcaption><\/figure>\n\n\n\n<p>Anfangs war es ein kleiner Bibelkreis in dem der Wahrheitsj\u00e4ger lehrte. Wahrheitsj\u00e4ger  nannte er sich erst, als seine Postcasts einem gr\u00f6\u00dferen Publikum zug\u00e4nglich gemacht wurden.<br><a href=\"https:\/\/www.medianus.at\/bibel\/wahrheitsjaeger\/\">Zu den weiteren Postcasts des Wahrheitsj\u00e4gers<\/a><\/p>\n\n\n\n<div class=\"wp-block-image\"><figure class=\"alignleft size-large is-resized\"><a href=\"https:\/\/www.bibel-offenbarung.org\/bibelischer-glaube\/was-ist-wahrheit-biblisch-hebraeisches-denken.html\" target=\"_blank\" rel=\"noreferrer noopener\"><img loading=\"lazy\" decoding=\"async\" src=\"https:\/\/www.bibel-offenbarung.org\/images\/stories\/Was_ist_Wahrheit.jpg\" alt=\"\" width=\"204\" height=\"271\"\/><\/a><\/figure><\/div>\n\n\n\n<p>Wahrheit wird heute mit bewiesenen Fakten gleichgesetzt. Die Bibel versteht jedoch etwas anderes unter Wahrheit, darum braucht man ein Verst\u00e4ndnis des hebr\u00e4ischen Wahrheitsbegriff, bevor man die Bibel richtig verstehen kann.<\/p>\n\n\n\n<p>Es liegt jedoch nicht nur an der langen Zeit, die seit dem Niederschreiben der Bibeltexte vergangen ist. Es war bereits zu Zeiten des Messias ein gro\u00dfes Unverst\u00e4ndnis f\u00fcr die urspr\u00fcngliche Wahrheit vorhanden.<\/p>\n\n\n\n<blockquote class=\"wp-block-quote is-layout-flow wp-block-quote-is-layout-flow\"><p>W\u00e4hrend n\u00e4mlich die Juden ein Zeichen fordern und die Griechen Weisheit  verlangen, verk\u00fcndigen wir den Messias den Gekreuzigten, den Juden ein  \u00c4rgernis, den Griechen eine Torheit; denen aber, die berufen sind,  sowohl Juden als auch Griechen, verk\u00fcndigen wir den Messias, Gottes  Kraft und Gottes Weisheit. <\/p><cite>1. Korinther 1,22-24  (Medianus 2021)<\/cite><\/blockquote>\n\n\n\n<h3 class=\"wp-block-heading\">Griechische Logik und Wahrheit<\/h3>\n\n\n\n<p>Das griechische Denken versucht mit logischen Denken kausale Zusammenh\u00e4nge zu verstehen. &#8222;Verstehen&#8220; ist in diesem Zusammenhang der Schl\u00fcssel, denn im metaphysischen Bereich funktioniert dies oft nur mit Ausdr\u00fccken, die als Symbol gebraucht werden. Man spricht dann vom &#8222;\u00dcbertragenen Sinn&#8220;, weil man ein Wort aus der bekannten Welt benutzt, um etwas Unbekanntes zu benennen. In diesen Moment spricht man jedoch nicht mehr von &#8222;Verstehen&#8220;, sondern von &#8222;Begreifen&#8220;, weil man quasi an einem bekannten Ausdruch gedankliche &#8222;Griffe&#8220; angelegt hat, um diese gedanklich begreifen zu k\u00f6nnen. Man hat einen Begriff geschaffen.<\/p>\n\n\n\n<p>Der menschliche Verstand ist jedoch nur zum &#8222;Verstehen&#8220; konzipiert. Die Welt des Begreifen erfordert h\u00f6here F\u00e4higkeiten. Genau diese F\u00e4higkeiten sollen wir nicht benutzen um die g\u00f6ttliche Wahrheit zu erforschen. Genau deshalb gibt es das 2. Gebot Gottes:<\/p>\n\n\n\n<blockquote class=\"wp-block-quote is-layout-flow wp-block-quote-is-layout-flow\"><p>Du sollst dir kein Bildnis noch irgend ein Gleichnis machen, weder von  dem, was oben im Himmel, noch von dem, was unten auf Erden, noch von  dem, was in den Wassern, unter der Erde ist. &nbsp;Bete sie nicht an und diene ihnen nicht! Denn ich, der Herr,  dein Gott, bin ein eifers\u00fcchtiger Gott, der die Schuld der V\u00e4ter  heimsucht an den Kindern bis in das dritte und vierte Glied derer, die  mich hassen, der aber Gnade erweist an vielen Tausenden, die mich lieben und meine Gebote halten.  <\/p><cite>2. Mose 20, 4-6 (Schlachter 2000)<\/cite><\/blockquote>\n\n\n\n<h4 class=\"wp-block-heading\">Absolute Wahrheit<\/h4>\n\n\n\n<p>Da der griechische Denker dieses Gebot mi\u00dfachtet, gibt es f\u00fcr ihn keine absolute Wahrheit. Anstatt jenes, das er weder &#8222;Verstehen&#8220; noch &#8222;Begreifen&#8220; kann, seinem Sch\u00f6pfer ganz simpel zu glauben, konstruiert er sich jede Menge Theorien und sucht st\u00e4ndig nach kausalen Beweisen um eine Theorie zu best\u00e4tigen oder zu verwerfen.<\/p>\n\n\n\n<p>Das hebr\u00e4ische Denken hat eine sehr einfache absolute Wahrheit. Sie lautet:<br><strong>Unser Vater im Himmel hat Himmel und Erde erschaffen<\/strong>.<br>Alles was dem widerspricht ist nicht die Wahrheit.<\/p>\n\n\n\n<p>Gibt es keine Zweifel an dieser absoluten Wahrheit, so kann sich auch kein Zweifel nach unten &#8222;vererben&#8220;. Mit &#8222;unten&#8220; ist hier die profane Welt gemeint, die harte Physik und Chemie der Erde. Wie wir noch sehen werden hat der &#8222;Relativismus&#8220; des griechischen Denkens jede Menge Mist im heutigen Weltbild erzeugt. <\/p>\n\n\n\n<p>In etwas anderen Worten finden wir dies schon im Alten Testament:<\/p>\n\n\n\n<blockquote class=\"wp-block-quote is-layout-flow wp-block-quote-is-layout-flow\"><p>Er hat alles vortrefflich gemacht zu seiner Zeit, auch  die Ewigkeit hat er ihnen ins Herz gelegt \u2013 nur da\u00df der Mensch das  Werk, das Gott getan hat, nicht von Anfang bis zu Ende ergr\u00fcnden kann.<\/p><cite>Prediger 3, 11 (Schlachter 2000)<\/cite><\/blockquote>\n\n\n\n<blockquote class=\"wp-block-quote is-layout-flow wp-block-quote-is-layout-flow\"><p>Was da ist, das ist schon vor Zeiten gewesen, und auch was sein wird,  ist schon vor Zeiten gewesen; und Gott sucht das Vergangene wieder  hervor.  <\/p><cite> Prediger 3, 15 (Schlachter 2000) <\/cite><\/blockquote>\n\n\n\n<blockquote class=\"wp-block-quote is-layout-flow wp-block-quote-is-layout-flow\"><p>da sah ich an dem ganzen Werk Gottes, da\u00df der Mensch das Werk nicht  ergr\u00fcnden kann, das geschieht unter der Sonne; obwohl der Mensch sich  M\u00fche gibt, es zu erforschen, so kann er es nicht ergr\u00fcnden; und wenn  auch der Weise behauptet, er verstehe es, so kann er es dennoch nicht  ergr\u00fcnden. <\/p><cite>Prediger 8, 17  (Schlachter 2000) <\/cite><\/blockquote>\n\n\n\n<h3 class=\"wp-block-heading\">Wahrheit und Selbstzweck<\/h3>\n\n\n\n<p>Der wohl h\u00e4ufigste Irrtum der allermeisten &#8222;Christen&#8220;  entsteht durch die Frage nach dem Zweck des Menschen, der Menschheit und der Erde.<\/p>\n\n\n\n<p>Unser Vater und Sch\u00f6pfer kennt diesen Zweck genau. Im Gegensatz zu seinen Gesch\u00f6pfen, wei\u00df er genau, warum und zu welchen Zweck er uns  und die  gesamte Erde erschaffen hat.<\/p>\n\n\n\n<p>Wir Menschen k\u00f6nnen diesen Zweck nur in Ans\u00e4tzen verstehen. Dies jedoch nur, wenn man nicht an das g\u00e4ngige Weltbild der Neuzeit glaubt.  Sobald man das Weltbild der Wissensschaft als gegebene Tatsache akzeptiert, bildet sich automatisch  ein Glaube an den &#8222;SELBSTZWECK&#8220; des Menschseins. Man verliert jeden Zugang zu dieser Frage und damit auch die Verbindung zum Vater im Himmel.<\/p>\n\n\n\n<p>Die Wahrheit  der Bibel kann man nur begreifen, wenn man akzeptiert, dass jeder Mensch  f\u00fcr einen gewissen Zweck erschaffen wurde. Genau so wichtig ist die Erkenntnis, dass auch die gesamte Erde einem h\u00f6heren Zweck dient. <\/p>\n\n\n\n<h3 class=\"wp-block-heading\">Wahrhaftigkeit versus Pr\u00e4zedenz<\/h3>\n\n\n\n<p>Wahrhaftigkeit verliert sofort an Bedeutung, wenn ein Mensch sich auf Zitate oder Pr\u00e4zendenzf\u00e4lle bezieht. Sobald der Pfad der Ganzheitlichkeit verlassen wird, erfolgt ein Verlust an Wahrhaftigkeit.<\/p>\n\n\n\n<p>Ganzheitlich zu denken d\u00fcrfte wohl das gr\u00f6\u00dfte Manko unserer Zeit sein. Durch die F\u00fclle an Informationen hat sich eine Spezialisierung breitgemacht, sodass ein ganzheitlicher \u00dcberblick zur Seltenheit geworden ist. <\/p>\n\n\n\n<p>Besonders im modernen Journalismus sieht man im &#8222;Zitieren&#8220; eines &#8222;Experten&#8220; bereits einen Beweis f\u00fcr die eine oder andere Haltung. Oft hat der Journalist nicht das geringste zum jeweiligen Thema begriffen, trotzdem ma\u00dft er sich an, das Thema zu bewerten. Dieser &#8222;Haltungsjournalismus&#8220; hat den &#8222;Echten Journalismus&#8220; v\u00f6llig verdr\u00e4ngt.<br><a href=\"https:\/\/www.youtube.com\/watch?v=ZFoz4fd5y2Q\" target=\"_blank\" rel=\"noreferrer noopener\" aria-label=\"Dazu ein guter Beitrag von Norbert Bolz (\u00f6ffnet in neuem Tab)\">Dazu ein guter Beitrag von Norbert Bolz<\/a><\/p>\n\n\n\n<p>Aber auch in der Wissenschaft ist dieses Ph\u00e4nomen zur Normalit\u00e4t geworden. Man begr\u00fcndet Sachverhalte mit Zitaten, deren Entstehung in keinster Weise \u00fcberpr\u00fcft oder begriffen wurden. Dadurch entsteht oft &#8222;Scheinwahrheit&#8220;, die Wahrhaftigkeit immer mehr verdr\u00e4ngt.<\/p>\n\n\n\n<h3 class=\"wp-block-heading\">Einfache Wahrheit und Moral<\/h3>\n\n\n\n<p>Die einfache Wahrheit ist sehr simpl. <br><strong>Wahr ist alles was gerade ist und vorher war.<\/strong><br>Selbst diese simple Wahrheit wird heutzutage oft in Frage gestellt, weil diese Wahrheit oft mit der Wahrnehmung nicht  \u00fcbereinstimmt. Dabei ist  diese Wahrheit immer objektiv und absolut, v\u00f6llig unabh\u00e4ngig von der Wahrnehmung.<\/p>\n\n\n\n<p>Schwieriger zu verstehen ist die Absolutheit der moralischen Wahrheit, weil das &#8222;Tier&#8220; in uns diese Wahrheit weder versteht noch begreift. Erst wenn das menschliche Gewissen bewu\u00dft ist, wird es m\u00f6glich die moralische Wahrheit zu begreifen. Der Mensch ist nicht  nur f\u00e4hig, sondern auch verpflichtet diese Wahrheit zu leben. Der freie Wille jedes einzelnen Menschen ist dabei der Schl\u00fcssel zum Verst\u00e4ndnis dieser Wahrheit. Letztendlich ist auch dies sehr simpl, wenn man die goldene Regel kennt.<br><strong>Was du nicht willst, das man dir tu, das f\u00fcg auch keinem anderen zu.<br>Alles ist dein Recht, solange du anderen keinen Schaden zuf\u00fcgst.<\/strong><br>So simpl und einfach diese Regel auch klingt, in der Praxis wird es sehr komplex.<\/p>\n\n\n\n<p>N\u00e4chste Seite: <a href=\"https:\/\/www.medianus.at\/bibel\/anbetung\/\">Anbetung<\/a><br> <a href=\"https:\/\/www.medianus.at\/bibel\/grundlagen\/\">Grundlagen<\/a> <\/p>\n","protected":false},"excerpt":{"rendered":"<p>Anfangs war es ein kleiner Bibelkreis in dem der Wahrheitsj\u00e4ger lehrte. Wahrheitsj\u00e4ger nannte er sich erst, als seine Postcasts einem gr\u00f6\u00dferen Publikum zug\u00e4nglich gemacht wurden.Zu den weiteren Postcasts des Wahrheitsj\u00e4gers Wahrheit wird heute mit bewiesenen Fakten gleichgesetzt. Die Bibel versteht jedoch etwas anderes unter Wahrheit, darum braucht man ein Verst\u00e4ndnis des hebr\u00e4ischen Wahrheitsbegriff, bevor man &hellip; <a href=\"https:\/\/www.medianus.at\/bibel\/wahrheit\/\" class=\"more-link\"><span class=\"screen-reader-text\">&#8222;Wahrheit und Wahrhaftigkeit&#8220; <\/span>weiterlesen<\/a><\/p>\n","protected":false},"author":1,"featured_media":0,"parent":0,"menu_order":0,"comment_status":"closed","ping_status":"closed","template":"","meta":{"footnotes":""},"class_list":["post-310","page","type-page","status-publish","hentry"],"yoast_head":"<!-- This site is optimized with the Yoast SEO plugin v22.9 - https:\/\/yoast.com\/wordpress\/plugins\/seo\/ -->\n<title>Wahrheit und Wahrhaftigkeit in der Bibel im Gegensatz zur Moderne<\/title>\n<meta name=\"description\" content=\"Wahrheit wird heute mit bewiesenen Fakten gleichgesetzt. Die Bibel versteht jedoch etwas anderes unter Wahrheit als Fakten.\" \/>\n<meta name=\"robots\" content=\"index, follow, max-snippet:-1, max-image-preview:large, max-video-preview:-1\" \/>\n<link rel=\"canonical\" href=\"https:\/\/www.medianus.at\/bibel\/wahrheit\/\" \/>\n<meta property=\"og:locale\" content=\"de_DE\" \/>\n<meta property=\"og:type\" content=\"article\" \/>\n<meta property=\"og:title\" content=\"Wahrheit und Wahrhaftigkeit in der Bibel im Gegensatz zur Moderne\" \/>\n<meta property=\"og:description\" content=\"Wahrheit wird heute mit bewiesenen Fakten gleichgesetzt. Die Bibel versteht jedoch etwas anderes unter Wahrheit als Fakten.\" \/>\n<meta property=\"og:url\" content=\"https:\/\/www.medianus.at\/bibel\/wahrheit\/\" \/>\n<meta property=\"og:site_name\" content=\"Medianus\" \/>\n<meta property=\"article:modified_time\" content=\"2024-02-20T07:04:14+00:00\" \/>\n<meta property=\"og:image\" content=\"https:\/\/www.bibel-offenbarung.org\/images\/stories\/Was_ist_Wahrheit.jpg\" \/>\n<meta name=\"twitter:card\" content=\"summary_large_image\" \/>\n<meta name=\"twitter:label1\" content=\"Gesch\u00e4tzte Lesezeit\" \/>\n\t<meta name=\"twitter:data1\" content=\"6\u00a0Minuten\" \/>\n<script type=\"application\/ld+json\" class=\"yoast-schema-graph\">{\"@context\":\"https:\/\/schema.org\",\"@graph\":[{\"@type\":\"WebPage\",\"@id\":\"https:\/\/www.medianus.at\/bibel\/wahrheit\/\",\"url\":\"https:\/\/www.medianus.at\/bibel\/wahrheit\/\",\"name\":\"Wahrheit und Wahrhaftigkeit in der Bibel im Gegensatz zur Moderne\",\"isPartOf\":{\"@id\":\"https:\/\/www.medianus.at\/bibel\/#website\"},\"primaryImageOfPage\":{\"@id\":\"https:\/\/www.medianus.at\/bibel\/wahrheit\/#primaryimage\"},\"image\":{\"@id\":\"https:\/\/www.medianus.at\/bibel\/wahrheit\/#primaryimage\"},\"thumbnailUrl\":\"https:\/\/www.bibel-offenbarung.org\/images\/stories\/Was_ist_Wahrheit.jpg\",\"datePublished\":\"2020-12-17T11:36:18+00:00\",\"dateModified\":\"2024-02-20T07:04:14+00:00\",\"description\":\"Wahrheit wird heute mit bewiesenen Fakten gleichgesetzt. Die Bibel versteht jedoch etwas anderes unter Wahrheit als Fakten.\",\"breadcrumb\":{\"@id\":\"https:\/\/www.medianus.at\/bibel\/wahrheit\/#breadcrumb\"},\"inLanguage\":\"de\",\"potentialAction\":[{\"@type\":\"ReadAction\",\"target\":[\"https:\/\/www.medianus.at\/bibel\/wahrheit\/\"]}]},{\"@type\":\"ImageObject\",\"inLanguage\":\"de\",\"@id\":\"https:\/\/www.medianus.at\/bibel\/wahrheit\/#primaryimage\",\"url\":\"https:\/\/www.bibel-offenbarung.org\/images\/stories\/Was_ist_Wahrheit.jpg\",\"contentUrl\":\"https:\/\/www.bibel-offenbarung.org\/images\/stories\/Was_ist_Wahrheit.jpg\"},{\"@type\":\"BreadcrumbList\",\"@id\":\"https:\/\/www.medianus.at\/bibel\/wahrheit\/#breadcrumb\",\"itemListElement\":[{\"@type\":\"ListItem\",\"position\":1,\"name\":\"Startseite\",\"item\":\"https:\/\/www.medianus.at\/bibel\/\"},{\"@type\":\"ListItem\",\"position\":2,\"name\":\"Wahrheit und Wahrhaftigkeit\"}]},{\"@type\":\"WebSite\",\"@id\":\"https:\/\/www.medianus.at\/bibel\/#website\",\"url\":\"https:\/\/www.medianus.at\/bibel\/\",\"name\":\"Medianus\",\"description\":\"Endzeitbewu\u00dftsein\",\"publisher\":{\"@id\":\"https:\/\/www.medianus.at\/bibel\/#\/schema\/person\/9813ce5b369f8452dc40ce133ead17a7\"},\"potentialAction\":[{\"@type\":\"SearchAction\",\"target\":{\"@type\":\"EntryPoint\",\"urlTemplate\":\"https:\/\/www.medianus.at\/bibel\/?s={search_term_string}\"},\"query-input\":\"required name=search_term_string\"}],\"inLanguage\":\"de\"},{\"@type\":[\"Person\",\"Organization\"],\"@id\":\"https:\/\/www.medianus.at\/bibel\/#\/schema\/person\/9813ce5b369f8452dc40ce133ead17a7\",\"name\":\"Walter Panhuber\",\"image\":{\"@type\":\"ImageObject\",\"inLanguage\":\"de\",\"@id\":\"https:\/\/www.medianus.at\/bibel\/#\/schema\/person\/image\/\",\"url\":\"https:\/\/secure.gravatar.com\/avatar\/ff8326d54d16e623f9e2aeb12289ecab?s=96&d=mm&r=g\",\"contentUrl\":\"https:\/\/secure.gravatar.com\/avatar\/ff8326d54d16e623f9e2aeb12289ecab?s=96&d=mm&r=g\",\"caption\":\"Walter Panhuber\"},\"logo\":{\"@id\":\"https:\/\/www.medianus.at\/bibel\/#\/schema\/person\/image\/\"}}]}<\/script>\n<!-- \/ Yoast SEO plugin. -->","yoast_head_json":{"title":"Wahrheit und Wahrhaftigkeit in der Bibel im Gegensatz zur Moderne","description":"Wahrheit wird heute mit bewiesenen Fakten gleichgesetzt. Die Bibel versteht jedoch etwas anderes unter Wahrheit als Fakten.","robots":{"index":"index","follow":"follow","max-snippet":"max-snippet:-1","max-image-preview":"max-image-preview:large","max-video-preview":"max-video-preview:-1"},"canonical":"https:\/\/www.medianus.at\/bibel\/wahrheit\/","og_locale":"de_DE","og_type":"article","og_title":"Wahrheit und Wahrhaftigkeit in der Bibel im Gegensatz zur Moderne","og_description":"Wahrheit wird heute mit bewiesenen Fakten gleichgesetzt. Die Bibel versteht jedoch etwas anderes unter Wahrheit als Fakten.","og_url":"https:\/\/www.medianus.at\/bibel\/wahrheit\/","og_site_name":"Medianus","article_modified_time":"2024-02-20T07:04:14+00:00","og_image":[{"url":"https:\/\/www.bibel-offenbarung.org\/images\/stories\/Was_ist_Wahrheit.jpg"}],"twitter_card":"summary_large_image","twitter_misc":{"Gesch\u00e4tzte Lesezeit":"6\u00a0Minuten"},"schema":{"@context":"https:\/\/schema.org","@graph":[{"@type":"WebPage","@id":"https:\/\/www.medianus.at\/bibel\/wahrheit\/","url":"https:\/\/www.medianus.at\/bibel\/wahrheit\/","name":"Wahrheit und Wahrhaftigkeit in der Bibel im Gegensatz zur Moderne","isPartOf":{"@id":"https:\/\/www.medianus.at\/bibel\/#website"},"primaryImageOfPage":{"@id":"https:\/\/www.medianus.at\/bibel\/wahrheit\/#primaryimage"},"image":{"@id":"https:\/\/www.medianus.at\/bibel\/wahrheit\/#primaryimage"},"thumbnailUrl":"https:\/\/www.bibel-offenbarung.org\/images\/stories\/Was_ist_Wahrheit.jpg","datePublished":"2020-12-17T11:36:18+00:00","dateModified":"2024-02-20T07:04:14+00:00","description":"Wahrheit wird heute mit bewiesenen Fakten gleichgesetzt. Die Bibel versteht jedoch etwas anderes unter Wahrheit als Fakten.","breadcrumb":{"@id":"https:\/\/www.medianus.at\/bibel\/wahrheit\/#breadcrumb"},"inLanguage":"de","potentialAction":[{"@type":"ReadAction","target":["https:\/\/www.medianus.at\/bibel\/wahrheit\/"]}]},{"@type":"ImageObject","inLanguage":"de","@id":"https:\/\/www.medianus.at\/bibel\/wahrheit\/#primaryimage","url":"https:\/\/www.bibel-offenbarung.org\/images\/stories\/Was_ist_Wahrheit.jpg","contentUrl":"https:\/\/www.bibel-offenbarung.org\/images\/stories\/Was_ist_Wahrheit.jpg"},{"@type":"BreadcrumbList","@id":"https:\/\/www.medianus.at\/bibel\/wahrheit\/#breadcrumb","itemListElement":[{"@type":"ListItem","position":1,"name":"Startseite","item":"https:\/\/www.medianus.at\/bibel\/"},{"@type":"ListItem","position":2,"name":"Wahrheit und Wahrhaftigkeit"}]},{"@type":"WebSite","@id":"https:\/\/www.medianus.at\/bibel\/#website","url":"https:\/\/www.medianus.at\/bibel\/","name":"Medianus","description":"Endzeitbewu\u00dftsein","publisher":{"@id":"https:\/\/www.medianus.at\/bibel\/#\/schema\/person\/9813ce5b369f8452dc40ce133ead17a7"},"potentialAction":[{"@type":"SearchAction","target":{"@type":"EntryPoint","urlTemplate":"https:\/\/www.medianus.at\/bibel\/?s={search_term_string}"},"query-input":"required name=search_term_string"}],"inLanguage":"de"},{"@type":["Person","Organization"],"@id":"https:\/\/www.medianus.at\/bibel\/#\/schema\/person\/9813ce5b369f8452dc40ce133ead17a7","name":"Walter Panhuber","image":{"@type":"ImageObject","inLanguage":"de","@id":"https:\/\/www.medianus.at\/bibel\/#\/schema\/person\/image\/","url":"https:\/\/secure.gravatar.com\/avatar\/ff8326d54d16e623f9e2aeb12289ecab?s=96&d=mm&r=g","contentUrl":"https:\/\/secure.gravatar.com\/avatar\/ff8326d54d16e623f9e2aeb12289ecab?s=96&d=mm&r=g","caption":"Walter Panhuber"},"logo":{"@id":"https:\/\/www.medianus.at\/bibel\/#\/schema\/person\/image\/"}}]}},"_links":{"self":[{"href":"https:\/\/www.medianus.at\/bibel\/wp-json\/wp\/v2\/pages\/310"}],"collection":[{"href":"https:\/\/www.medianus.at\/bibel\/wp-json\/wp\/v2\/pages"}],"about":[{"href":"https:\/\/www.medianus.at\/bibel\/wp-json\/wp\/v2\/types\/page"}],"author":[{"embeddable":true,"href":"https:\/\/www.medianus.at\/bibel\/wp-json\/wp\/v2\/users\/1"}],"replies":[{"embeddable":true,"href":"https:\/\/www.medianus.at\/bibel\/wp-json\/wp\/v2\/comments?post=310"}],"version-history":[{"count":28,"href":"https:\/\/www.medianus.at\/bibel\/wp-json\/wp\/v2\/pages\/310\/revisions"}],"predecessor-version":[{"id":1268,"href":"https:\/\/www.medianus.at\/bibel\/wp-json\/wp\/v2\/pages\/310\/revisions\/1268"}],"wp:attachment":[{"href":"https:\/\/www.medianus.at\/bibel\/wp-json\/wp\/v2\/media?parent=310"}],"curies":[{"name":"wp","href":"https:\/\/api.w.org\/{rel}","templated":true}]}}