{"id":290,"date":"2020-12-14T02:19:39","date_gmt":"2020-12-14T01:19:39","guid":{"rendered":"https:\/\/www.medianus.at\/bibel\/?page_id=290"},"modified":"2022-04-02T18:54:27","modified_gmt":"2022-04-02T16:54:27","slug":"anbetung","status":"publish","type":"page","link":"https:\/\/www.medianus.at\/bibel\/anbetung\/","title":{"rendered":"Anbetung &#8211; Liebe und Zorn"},"content":{"rendered":"\n<div class=\"wp-block-image\"><figure class=\"alignleft size-large is-resized\"><a href=\"https:\/\/de.wikipedia.org\/wiki\/Anbetung\" target=\"_blank\" rel=\"noreferrer noopener\"><img loading=\"lazy\" decoding=\"async\" src=\"https:\/\/upload.wikimedia.org\/wikipedia\/commons\/thumb\/6\/60\/Attributed_to_Dierick_Bouts_the_Elder%2C_Netherlandish_%28active_Louvain%29%2C_first_securely_documented_1447%2C_died_1475_-_Moses_and_the_Burning_Bush%2C_with_Moses_Removing_His_Shoes_-_Google_Art_Project.jpg\/330px-thumbnail.jpg\" alt=\"\" width=\"164\" height=\"204\"\/><\/a><\/figure><\/div>\n\n\n\n<p>Das Wort &#8222;Anbetung&#8220; findet sich in den verschiedenen Bibel\u00fcbersetzungen sehr unterschiedlich. In der Menge-Bibel findet man die Anbetung dreizehn Mal, hingegen taucht die Anbetung in der Elberfelder nur einmal auf.<\/p>\n\n\n\n<p>Der Grund daf\u00fcr liegt in der Anbetung selbst, weil die antiken Hebr\u00e4er eine deutlich andere Geisteshaltung zu Begriffen wie diesen hatten. Das Gleiche gilt auch f\u00fcr andere Begriffe, wie Wahrheit, Furcht und einige andere Ausdr\u00fccke.<\/p>\n\n\n\n<p>Durch die sogenannte &#8222;Aufkl\u00e4rung&#8220; haben sich derartige Begriffe derart verwandelt, sodass der moderne Mensch die urspr\u00fcngliche Bedeutung nur sehr schwer begreifen kann.<\/p>\n\n\n\n<p>Um diesen Sachverhalt zu verstehen, m\u00fcssen wir zuerst unsere heutige Art von Anbetung wieder erforschen. Dazu ist dieser Vortrag von Daniele Ganser sehr gut geeignet.<\/p>\n\n\n\n<p><a href=\"https:\/\/www.youtube.com\/watch?v=ooM3rrBoiBA\" target=\"_blank\" rel=\"noreferrer noopener\" aria-label=\"Vortrag von Daniele Ganser: Propaganda (\u00f6ffnet in neuem Tab)\">Vortrag von Daniele Ganser: Propaganda<\/a><\/p>\n\n\n\n<p>Daniele Ganser ist ein Historiker, darum auch kein Experte f\u00fcr theologische Begriffe wie &#8222;Anbetung&#8220;. Wir finden den Weg zur biblischen Bedeutung trotzdem durch seine Analyse, weil er uns die heutige Form der &#8222;Anbetung&#8220; vor Augen f\u00fchrt, obwohl er es v\u00f6llig anders bezeichnet. Auch seine Aufforderung zur &#8222;AUFMERKSAMKEIT&#8220; nach innen ist hervorragend.<\/p>\n\n\n\n<p>Anfangs sollte man ganz simpl das &#8222;Anbeten&#8220; durch &#8222;Lernen&#8220; ersetzen. Dadurch gelangt man auf die einfachste Weise auf den richtigen Weg. Anstatt andere zu beherrschen lernt man sich selbst zu beherrschen, denn unser Sch\u00f6pfer verf\u00fcgt \u00fcber alle Macht und l\u00e4\u00dft uns trotzdem unsere Eigenst\u00e4ndigkeit. Dies zu lernen ist das h\u00f6chste Ziel.<\/p>\n\n\n\n<p>Der Mensch des beginnenden 21. Jahrhunderts hat Zugang zu einer immensen Informationsf\u00fclle, trotzdem befindet er sich in einer Art Schlafzustand. Oder anders ausgedr\u00fcckt, der moderne Mensch schl\u00e4ft in einer T\u00e4uschungswelt, weil er mit jeder Menge Information \u00fcbersch\u00fcttet wird.<\/p>\n\n\n\n<h4 class=\"wp-block-heading\">Kontrolliere selbst, was du anbetest<\/h4>\n\n\n\n<p>Oder anders ausgedr\u00fcckt:<\/p>\n\n\n\n<blockquote class=\"wp-block-quote is-layout-flow wp-block-quote-is-layout-flow\"><p>Glaub nicht alles, was du denkst.<\/p><cite>Daniele Ganser<\/cite><\/blockquote>\n\n\n\n<p>Hat man einmal begriffen, dass unser heutiges Leben ein fast st\u00e4ndiges Anbeten des gefallenen Engels Lucifer ist, dann kann man erste Schritte setzen, dies zu \u00e4ndern.<\/p>\n\n\n\n<p>Die \u00e4lteste Form des Lernens und Betens ist die st\u00e4ndige Wiederholung.  Das hat sich niemals ge\u00e4ndert. Und es ist auch die einfachste Art zur  Befreiung. <\/p>\n\n\n\n<h2 class=\"wp-block-heading\">Liebe und Zorn<\/h2>\n\n\n\n<p>Auch diese beiden Begriffe sind heute ziemlich weit vom biblischen Verst\u00e4ndnis entfernt. Obwohl die Liebe mehr und mehr in den Herzen der Menschen Einzug h\u00e4lt, ist die g\u00f6ttliche Reinheit dieser Liebe eine  wohltuende Seltenheit.<\/p>\n\n\n\n<p>Der Zorn wird jedoch immer noch v\u00f6llig falsch verstanden. F\u00fcr die meisten Menschen ist der  Zorn nur ein anderes Wort f\u00fcr Wut. Es ist daher von entscheidender Bedeutung den Unterschied zwischen diesen beiden Begriffen zu erkennen.<\/p>\n\n\n\n<p>Genau wie man die Liebe von r\u00fchrseliger Volkst\u00fcmelei und\/oder \u00fcberbordender Lust und Genu\u00dfsucht befreien muss, so muss man auch den Zorn von der Wut trennen. Erst dadurch wird auch Gerechtigkeit entstehen. Am besten man definiert es f\u00fcr sich pers\u00f6nlich folgendermassen:<\/p>\n\n\n\n<p>Wut ist Ausdruck der Seele.<\/p>\n\n\n\n<p>Zorn ist Ausdruck des Geistes.<\/p>\n\n\n\n<figure class=\"wp-block-image size-large\"><img loading=\"lazy\" decoding=\"async\" width=\"800\" height=\"581\" src=\"https:\/\/www.medianus.at\/bibel\/wp-content\/uploads\/2021\/10\/Liebe_Zorn.png\" alt=\"\" class=\"wp-image-968\" srcset=\"https:\/\/www.medianus.at\/bibel\/wp-content\/uploads\/2021\/10\/Liebe_Zorn.png 800w, https:\/\/www.medianus.at\/bibel\/wp-content\/uploads\/2021\/10\/Liebe_Zorn-300x218.png 300w, https:\/\/www.medianus.at\/bibel\/wp-content\/uploads\/2021\/10\/Liebe_Zorn-768x558.png 768w\" sizes=\"(max-width: 800px) 85vw, 800px\" \/><\/figure>\n\n\n\n<p>F\u00fcr die Trennung ist es notwendig, vom Standpunkt des bewu\u00dften Geistes aus, die Seele zu beobachten (Siehe Daniele Ganser). Auf keinen Fall darf man dabei eine beobachtete Wut oder andere Emotionen verdr\u00e4ngen. Im Gegenteil, man sollte sich tiefer in diese Empfindung hineinbegeben, ohne jedoch den geistigen Standort zu verlieren. Langsam wird man dadurch ein geistiges Wesen, welches Herr \u00fcber seine Seele ist.<\/p>\n\n\n\n<p>Zu beachten ist dabei folgendes:<\/p>\n\n\n\n<ul class=\"wp-block-list\"><li>Sowohl die Reinigung der Liebe, als auch die Reinigung des Zorns,  sollte m\u00f6glichst parallel verlaufen. Dieses Verh\u00e4ltnis sollte man nicht aus den Augen verlieren.<\/li><li>Fremde Gedanken sind noch lange kein Teil des eigenen Geistes. Anfangs sind es verstandene oder auch nicht verstandene Aussagen von anderen Menschen. Daraus werden  vielleicht \u00dcberzeugungen. Das ist immer noch nicht der eigene Geist. Erst  durch die eigene Wahrnehmung und Erfahrung k\u00f6nnen solche Gedanken  den eigenen Geist ver\u00e4ndern. Zumeist verstellen fremde Gedanken nur den eigenen Geist. Darum die deutschen Worte &#8222;Verstellung&#8220; und auch &#8222;Vorstellung&#8220;.<\/li><li>All dies braucht Zeit, so wie eine Pflanze Zeit braucht um zu wachsen. Nur mit der Hilfe Gottes kann ein Mensch das Endziel erreichen. <\/li><\/ul>\n\n\n\n<p>N\u00e4chste Seite: <a href=\"https:\/\/www.medianus.at\/bibel\/messias-maschiach-gesalbter\/\">Messias<\/a><br> <a href=\"https:\/\/www.medianus.at\/bibel\/grundlagen\/\">Grundlagen<\/a> <\/p>\n","protected":false},"excerpt":{"rendered":"<p>Das Wort &#8222;Anbetung&#8220; findet sich in den verschiedenen Bibel\u00fcbersetzungen sehr unterschiedlich. In der Menge-Bibel findet man die Anbetung dreizehn Mal, hingegen taucht die Anbetung in der Elberfelder nur einmal auf. Der Grund daf\u00fcr liegt in der Anbetung selbst, weil die antiken Hebr\u00e4er eine deutlich andere Geisteshaltung zu Begriffen wie diesen hatten. Das Gleiche gilt auch &hellip; <a href=\"https:\/\/www.medianus.at\/bibel\/anbetung\/\" class=\"more-link\"><span class=\"screen-reader-text\">&#8222;Anbetung &#8211; Liebe und Zorn&#8220; <\/span>weiterlesen<\/a><\/p>\n","protected":false},"author":1,"featured_media":0,"parent":0,"menu_order":0,"comment_status":"closed","ping_status":"closed","template":"","meta":{"footnotes":""},"class_list":["post-290","page","type-page","status-publish","hentry"],"yoast_head":"<!-- This site is optimized with the Yoast SEO plugin v22.9 - https:\/\/yoast.com\/wordpress\/plugins\/seo\/ -->\n<title>Anbetung - Liebe und Zorn<\/title>\n<meta name=\"description\" content=\"Anbetung wird als solche heutzutage nicht mehr erkannt, weil die antiken Hebr\u00e4er eine deutlich andere Geisteshaltung zu Begriffen wie diesen hatten.\" \/>\n<meta name=\"robots\" content=\"index, follow, max-snippet:-1, max-image-preview:large, max-video-preview:-1\" \/>\n<link rel=\"canonical\" href=\"https:\/\/www.medianus.at\/bibel\/anbetung\/\" \/>\n<meta property=\"og:locale\" content=\"de_DE\" \/>\n<meta property=\"og:type\" content=\"article\" \/>\n<meta property=\"og:title\" content=\"Anbetung - Liebe und Zorn\" \/>\n<meta property=\"og:description\" content=\"Anbetung wird als solche heutzutage nicht mehr erkannt, weil die antiken Hebr\u00e4er eine deutlich andere Geisteshaltung zu Begriffen wie diesen hatten.\" \/>\n<meta property=\"og:url\" content=\"https:\/\/www.medianus.at\/bibel\/anbetung\/\" \/>\n<meta property=\"og:site_name\" content=\"Medianus\" \/>\n<meta property=\"article:modified_time\" content=\"2022-04-02T16:54:27+00:00\" \/>\n<meta property=\"og:image\" content=\"https:\/\/upload.wikimedia.org\/wikipedia\/commons\/thumb\/6\/60\/Attributed_to_Dierick_Bouts_the_Elder%2C_Netherlandish_%28active_Louvain%29%2C_first_securely_documented_1447%2C_died_1475_-_Moses_and_the_Burning_Bush%2C_with_Moses_Removing_His_Shoes_-_Google_Art_Project.jpg\/330px-thumbnail.jpg\" \/>\n<meta name=\"twitter:card\" content=\"summary_large_image\" \/>\n<meta name=\"twitter:label1\" content=\"Gesch\u00e4tzte Lesezeit\" \/>\n\t<meta name=\"twitter:data1\" content=\"3\u00a0Minuten\" \/>\n<script type=\"application\/ld+json\" class=\"yoast-schema-graph\">{\"@context\":\"https:\/\/schema.org\",\"@graph\":[{\"@type\":\"WebPage\",\"@id\":\"https:\/\/www.medianus.at\/bibel\/anbetung\/\",\"url\":\"https:\/\/www.medianus.at\/bibel\/anbetung\/\",\"name\":\"Anbetung - Liebe und Zorn\",\"isPartOf\":{\"@id\":\"https:\/\/www.medianus.at\/bibel\/#website\"},\"primaryImageOfPage\":{\"@id\":\"https:\/\/www.medianus.at\/bibel\/anbetung\/#primaryimage\"},\"image\":{\"@id\":\"https:\/\/www.medianus.at\/bibel\/anbetung\/#primaryimage\"},\"thumbnailUrl\":\"https:\/\/upload.wikimedia.org\/wikipedia\/commons\/thumb\/6\/60\/Attributed_to_Dierick_Bouts_the_Elder%2C_Netherlandish_%28active_Louvain%29%2C_first_securely_documented_1447%2C_died_1475_-_Moses_and_the_Burning_Bush%2C_with_Moses_Removing_His_Shoes_-_Google_Art_Project.jpg\/330px-thumbnail.jpg\",\"datePublished\":\"2020-12-14T01:19:39+00:00\",\"dateModified\":\"2022-04-02T16:54:27+00:00\",\"description\":\"Anbetung wird als solche heutzutage nicht mehr erkannt, weil die antiken Hebr\u00e4er eine deutlich andere Geisteshaltung zu Begriffen wie diesen hatten.\",\"breadcrumb\":{\"@id\":\"https:\/\/www.medianus.at\/bibel\/anbetung\/#breadcrumb\"},\"inLanguage\":\"de\",\"potentialAction\":[{\"@type\":\"ReadAction\",\"target\":[\"https:\/\/www.medianus.at\/bibel\/anbetung\/\"]}]},{\"@type\":\"ImageObject\",\"inLanguage\":\"de\",\"@id\":\"https:\/\/www.medianus.at\/bibel\/anbetung\/#primaryimage\",\"url\":\"https:\/\/upload.wikimedia.org\/wikipedia\/commons\/thumb\/6\/60\/Attributed_to_Dierick_Bouts_the_Elder%2C_Netherlandish_%28active_Louvain%29%2C_first_securely_documented_1447%2C_died_1475_-_Moses_and_the_Burning_Bush%2C_with_Moses_Removing_His_Shoes_-_Google_Art_Project.jpg\/330px-thumbnail.jpg\",\"contentUrl\":\"https:\/\/upload.wikimedia.org\/wikipedia\/commons\/thumb\/6\/60\/Attributed_to_Dierick_Bouts_the_Elder%2C_Netherlandish_%28active_Louvain%29%2C_first_securely_documented_1447%2C_died_1475_-_Moses_and_the_Burning_Bush%2C_with_Moses_Removing_His_Shoes_-_Google_Art_Project.jpg\/330px-thumbnail.jpg\"},{\"@type\":\"BreadcrumbList\",\"@id\":\"https:\/\/www.medianus.at\/bibel\/anbetung\/#breadcrumb\",\"itemListElement\":[{\"@type\":\"ListItem\",\"position\":1,\"name\":\"Startseite\",\"item\":\"https:\/\/www.medianus.at\/bibel\/\"},{\"@type\":\"ListItem\",\"position\":2,\"name\":\"Anbetung &#8211; Liebe und Zorn\"}]},{\"@type\":\"WebSite\",\"@id\":\"https:\/\/www.medianus.at\/bibel\/#website\",\"url\":\"https:\/\/www.medianus.at\/bibel\/\",\"name\":\"Medianus\",\"description\":\"Endzeitbewu\u00dftsein\",\"publisher\":{\"@id\":\"https:\/\/www.medianus.at\/bibel\/#\/schema\/person\/9813ce5b369f8452dc40ce133ead17a7\"},\"potentialAction\":[{\"@type\":\"SearchAction\",\"target\":{\"@type\":\"EntryPoint\",\"urlTemplate\":\"https:\/\/www.medianus.at\/bibel\/?s={search_term_string}\"},\"query-input\":\"required name=search_term_string\"}],\"inLanguage\":\"de\"},{\"@type\":[\"Person\",\"Organization\"],\"@id\":\"https:\/\/www.medianus.at\/bibel\/#\/schema\/person\/9813ce5b369f8452dc40ce133ead17a7\",\"name\":\"Walter Panhuber\",\"image\":{\"@type\":\"ImageObject\",\"inLanguage\":\"de\",\"@id\":\"https:\/\/www.medianus.at\/bibel\/#\/schema\/person\/image\/\",\"url\":\"https:\/\/secure.gravatar.com\/avatar\/ff8326d54d16e623f9e2aeb12289ecab?s=96&d=mm&r=g\",\"contentUrl\":\"https:\/\/secure.gravatar.com\/avatar\/ff8326d54d16e623f9e2aeb12289ecab?s=96&d=mm&r=g\",\"caption\":\"Walter Panhuber\"},\"logo\":{\"@id\":\"https:\/\/www.medianus.at\/bibel\/#\/schema\/person\/image\/\"}}]}<\/script>\n<!-- \/ Yoast SEO plugin. -->","yoast_head_json":{"title":"Anbetung - Liebe und Zorn","description":"Anbetung wird als solche heutzutage nicht mehr erkannt, weil die antiken Hebr\u00e4er eine deutlich andere Geisteshaltung zu Begriffen wie diesen hatten.","robots":{"index":"index","follow":"follow","max-snippet":"max-snippet:-1","max-image-preview":"max-image-preview:large","max-video-preview":"max-video-preview:-1"},"canonical":"https:\/\/www.medianus.at\/bibel\/anbetung\/","og_locale":"de_DE","og_type":"article","og_title":"Anbetung - Liebe und Zorn","og_description":"Anbetung wird als solche heutzutage nicht mehr erkannt, weil die antiken Hebr\u00e4er eine deutlich andere Geisteshaltung zu Begriffen wie diesen hatten.","og_url":"https:\/\/www.medianus.at\/bibel\/anbetung\/","og_site_name":"Medianus","article_modified_time":"2022-04-02T16:54:27+00:00","og_image":[{"url":"https:\/\/upload.wikimedia.org\/wikipedia\/commons\/thumb\/6\/60\/Attributed_to_Dierick_Bouts_the_Elder%2C_Netherlandish_%28active_Louvain%29%2C_first_securely_documented_1447%2C_died_1475_-_Moses_and_the_Burning_Bush%2C_with_Moses_Removing_His_Shoes_-_Google_Art_Project.jpg\/330px-thumbnail.jpg"}],"twitter_card":"summary_large_image","twitter_misc":{"Gesch\u00e4tzte Lesezeit":"3\u00a0Minuten"},"schema":{"@context":"https:\/\/schema.org","@graph":[{"@type":"WebPage","@id":"https:\/\/www.medianus.at\/bibel\/anbetung\/","url":"https:\/\/www.medianus.at\/bibel\/anbetung\/","name":"Anbetung - Liebe und Zorn","isPartOf":{"@id":"https:\/\/www.medianus.at\/bibel\/#website"},"primaryImageOfPage":{"@id":"https:\/\/www.medianus.at\/bibel\/anbetung\/#primaryimage"},"image":{"@id":"https:\/\/www.medianus.at\/bibel\/anbetung\/#primaryimage"},"thumbnailUrl":"https:\/\/upload.wikimedia.org\/wikipedia\/commons\/thumb\/6\/60\/Attributed_to_Dierick_Bouts_the_Elder%2C_Netherlandish_%28active_Louvain%29%2C_first_securely_documented_1447%2C_died_1475_-_Moses_and_the_Burning_Bush%2C_with_Moses_Removing_His_Shoes_-_Google_Art_Project.jpg\/330px-thumbnail.jpg","datePublished":"2020-12-14T01:19:39+00:00","dateModified":"2022-04-02T16:54:27+00:00","description":"Anbetung wird als solche heutzutage nicht mehr erkannt, weil die antiken Hebr\u00e4er eine deutlich andere Geisteshaltung zu Begriffen wie diesen hatten.","breadcrumb":{"@id":"https:\/\/www.medianus.at\/bibel\/anbetung\/#breadcrumb"},"inLanguage":"de","potentialAction":[{"@type":"ReadAction","target":["https:\/\/www.medianus.at\/bibel\/anbetung\/"]}]},{"@type":"ImageObject","inLanguage":"de","@id":"https:\/\/www.medianus.at\/bibel\/anbetung\/#primaryimage","url":"https:\/\/upload.wikimedia.org\/wikipedia\/commons\/thumb\/6\/60\/Attributed_to_Dierick_Bouts_the_Elder%2C_Netherlandish_%28active_Louvain%29%2C_first_securely_documented_1447%2C_died_1475_-_Moses_and_the_Burning_Bush%2C_with_Moses_Removing_His_Shoes_-_Google_Art_Project.jpg\/330px-thumbnail.jpg","contentUrl":"https:\/\/upload.wikimedia.org\/wikipedia\/commons\/thumb\/6\/60\/Attributed_to_Dierick_Bouts_the_Elder%2C_Netherlandish_%28active_Louvain%29%2C_first_securely_documented_1447%2C_died_1475_-_Moses_and_the_Burning_Bush%2C_with_Moses_Removing_His_Shoes_-_Google_Art_Project.jpg\/330px-thumbnail.jpg"},{"@type":"BreadcrumbList","@id":"https:\/\/www.medianus.at\/bibel\/anbetung\/#breadcrumb","itemListElement":[{"@type":"ListItem","position":1,"name":"Startseite","item":"https:\/\/www.medianus.at\/bibel\/"},{"@type":"ListItem","position":2,"name":"Anbetung &#8211; Liebe und Zorn"}]},{"@type":"WebSite","@id":"https:\/\/www.medianus.at\/bibel\/#website","url":"https:\/\/www.medianus.at\/bibel\/","name":"Medianus","description":"Endzeitbewu\u00dftsein","publisher":{"@id":"https:\/\/www.medianus.at\/bibel\/#\/schema\/person\/9813ce5b369f8452dc40ce133ead17a7"},"potentialAction":[{"@type":"SearchAction","target":{"@type":"EntryPoint","urlTemplate":"https:\/\/www.medianus.at\/bibel\/?s={search_term_string}"},"query-input":"required name=search_term_string"}],"inLanguage":"de"},{"@type":["Person","Organization"],"@id":"https:\/\/www.medianus.at\/bibel\/#\/schema\/person\/9813ce5b369f8452dc40ce133ead17a7","name":"Walter Panhuber","image":{"@type":"ImageObject","inLanguage":"de","@id":"https:\/\/www.medianus.at\/bibel\/#\/schema\/person\/image\/","url":"https:\/\/secure.gravatar.com\/avatar\/ff8326d54d16e623f9e2aeb12289ecab?s=96&d=mm&r=g","contentUrl":"https:\/\/secure.gravatar.com\/avatar\/ff8326d54d16e623f9e2aeb12289ecab?s=96&d=mm&r=g","caption":"Walter Panhuber"},"logo":{"@id":"https:\/\/www.medianus.at\/bibel\/#\/schema\/person\/image\/"}}]}},"_links":{"self":[{"href":"https:\/\/www.medianus.at\/bibel\/wp-json\/wp\/v2\/pages\/290"}],"collection":[{"href":"https:\/\/www.medianus.at\/bibel\/wp-json\/wp\/v2\/pages"}],"about":[{"href":"https:\/\/www.medianus.at\/bibel\/wp-json\/wp\/v2\/types\/page"}],"author":[{"embeddable":true,"href":"https:\/\/www.medianus.at\/bibel\/wp-json\/wp\/v2\/users\/1"}],"replies":[{"embeddable":true,"href":"https:\/\/www.medianus.at\/bibel\/wp-json\/wp\/v2\/comments?post=290"}],"version-history":[{"count":17,"href":"https:\/\/www.medianus.at\/bibel\/wp-json\/wp\/v2\/pages\/290\/revisions"}],"predecessor-version":[{"id":1131,"href":"https:\/\/www.medianus.at\/bibel\/wp-json\/wp\/v2\/pages\/290\/revisions\/1131"}],"wp:attachment":[{"href":"https:\/\/www.medianus.at\/bibel\/wp-json\/wp\/v2\/media?parent=290"}],"curies":[{"name":"wp","href":"https:\/\/api.w.org\/{rel}","templated":true}]}}