{"id":272,"date":"2020-12-13T13:47:30","date_gmt":"2020-12-13T12:47:30","guid":{"rendered":"https:\/\/www.medianus.at\/bibel\/?page_id=272"},"modified":"2022-04-05T21:20:33","modified_gmt":"2022-04-05T19:20:33","slug":"jesus","status":"publish","type":"page","link":"https:\/\/www.medianus.at\/bibel\/jesus\/","title":{"rendered":"Jesus &#8211; Ein keltischer Kriegsgott"},"content":{"rendered":"\n<p>Der Name Jesus hat sich ausgehend von Europa \u00fcber die ganze Welt verbreitet. Als &#8222;Hesus&#8220; oder &#8222;Esus&#8220; gibt es einige Artefakte in Europa. Jesus war der Kriegsgott der Kelten Europas und dem Planeten Mars zugeordnet.<\/p>\n\n\n\n<p>Der Anfangsbuchstabe &#8222;J&#8220; war f\u00fcr die keltische Bev\u00f6lkerung v\u00f6llig unbedeutend, weil die Schrift selbst fast keine Bedeutung hatte. Lucifer wu\u00dfte jedoch schon damals von der sp\u00e4teren Bedeutung der Schrift.<\/p>\n\n\n\n<h3 class=\"wp-block-heading\">Wer war dieser Jesus?<\/h3>\n\n\n\n<div class=\"wp-block-image\"><figure class=\"alignleft size-large is-resized\"><a href=\"https:\/\/www.bibel-offenbarung.org\/falsche-anbetung\/der-dionysus-des-nordens-hesus.html#Hesus\" target=\"_blank\" rel=\"noreferrer noopener\"><img loading=\"lazy\" decoding=\"async\" src=\"https:\/\/www.bibel-offenbarung.org\/images\/stories\/Celtischer_Esus.jpg\" alt=\"\" width=\"186\" height=\"218\"\/><\/a><\/figure><\/div>\n\n\n\n<p><em>Julius C\u00e4sar<\/em> bezeichnet den Merkur als den h\u00f6chsten Gott der Kelten mit Namen <em>Teutates<\/em>, \u201eein Name, der einen R\u00f6mer zun\u00e4chst an den <em>Teut<\/em> oder <em>Thot<\/em> der \u00c4gypter erinnern musste\u201c.  Aus der politischen Absicht, die eigene Religion in dem eroberten Land  einzuf\u00fchren, beteten sie zusammen mit den Kelten die gleichen G\u00f6tter  unter jeweils verschiedenen Namen an. Die Kelten verehrten zudem einen sehr wichtigen Gott, wie in einem alten deutsch-keltischen W\u00f6rterbuch zu lesen ist:<\/p>\n\n\n\n<blockquote class=\"wp-block-quote is-layout-flow wp-block-quote-is-layout-flow\"><p>\u201eDie Kelten hatten ausser dem allgemeinen Namen Aesar, G\u00f6tter, (Wasserm\u00e4nner) noch einen besonderen <strong>Gott Hesus, oder Esus<\/strong>, welcher der Wortform nach dem <strong>christlichen Jesus<\/strong> v\u00f6llig gleich steht. Das Hebr\u00e4ische bietet bekanntlich f\u00fcr Jesus keine passende Deutung; ais-eus ist Wassermann.\u201c<\/p><cite> Wilhelm Oberm\u00fcller\u2019s deutsch-keltisches, geschichtlich-geographisches W\u00f6rterbuch, Erster Band, Leibzig, 1869, S. 159;  <\/cite><\/blockquote>\n\n\n\n<p>Der r\u00f6mische Dichter <em>Lucan<\/em> ordnete <em>Hesus<\/em> als einen der drei gallischen Hauptg\u00f6tter ein. Die anderen beiden waren <em>Teutates<\/em> und <em>Taranis<\/em>, \u201eund wahrscheinlich wurde unter diesen Namen die Gottheit in einer Dreieinigkeit verehrt\u201c. <em>Teutates<\/em> wurde mit Merkur, <em>Taranis<\/em> mit Jupiter und <em>Hesus <\/em>mit Mars identifiziert. In den erkl\u00e4renden Zus\u00e4tzen zum Werk des r\u00f6mischen Dichters <em>Lucan<\/em> (Berner Lukan-Scholien) hei\u00dft es:<\/p>\n\n\n\n<blockquote class=\"wp-block-quote is-layout-flow wp-block-quote-is-layout-flow\"><p> \u201eMercurius wird in der Sprache der Gallier <strong>Teutates <\/strong>genannt  und wurde bei ihnen mit Menschenblut verehrt. Teutates Mercurius wird  bei den Galliern so vers\u00f6hnt: Ein Mensch wird kopf\u00fcber in einen  gef\u00fcllten Bottich gelassen, so dass er dort erstickt. <strong>Esus<\/strong> Mars wird so vers\u00f6hnt: Ein Mensch wird an einem Baum aufgeh\u00e4ngt, bis sich seine Glieder in eine blutige Masse aufgel\u00f6st haben. <strong>Taranis<\/strong> Dis Pater wird auf diese Weise bei ihnen vers\u00f6hnt: Einige Menschen werden in einem h\u00f6lzernen Beh\u00e4ltnis verbrannt.\u201c <\/p><cite><a href=\"https:\/\/www.bibel-offenbarung.org\/falsche-anbetung\/der-dionysus-des-nordens-hesus.html#Hesus\" target=\"_blank\" rel=\"noreferrer noopener\" aria-label=\"Elisabeth Bartl (\u00f6ffnet in neuem Tab)\">Elisabeth Bartl<\/a><\/cite><\/blockquote>\n\n\n\n<h3 class=\"wp-block-heading\">Jesus und die Christianisierung<\/h3>\n\n\n\n<p>Die sogenannte &#8222;Christianisierung&#8220; der Heiden war in Wirklichkeit genau anders herum.  Die heidnischen Kulte im r\u00f6mischen Reich legten sich einen christlichen Mantel um, damit sich eine neue Reichsreligion etablieren konnte.<\/p>\n\n\n\n<p>Die G\u00f6tter der Babylonier, \u00c4gypter, Griechen und Kelten blieben unter diesem Mantel erhalten, mitsamt ihrer mehr oder weniger ausgepr\u00e4gten Trinit\u00e4tslehre. Die Heilslehre der Bibel, mit dem Gott JaHuWaH, der sein Volk aus der \u00e4gyptischen Gefangenschaft f\u00fchrt und seinem Sohn Jahuschuah, der dabei bereits als Lamm f\u00fcr sein sp\u00e4teres Opfer angek\u00fcndigt wird, werden umgedeutet. Die Bibel selbst wird dem Volk vorenthalten, zeitweise droht bei Besitz einer Bibel sogar die Todesstrafe.<\/p>\n\n\n\n<blockquote class=\"wp-block-quote is-layout-flow wp-block-quote-is-layout-flow\"><p>Wer ist hinaufgestiegen zum Himmel und herabgefahren?<br>Wer hat den Wind in Seine F\u00e4uste gesammelt?<br>Wer hat die Wasser in ein Tuch eingebunden?<br>Wer hat aufgerichtet alle Enden der Erde?<br>Was ist<strong> Sein Name<\/strong> und was <strong>der Name Seines Sohnes<\/strong>,<br>wenn du es wei\u00dft?<br><br>(Spr\u00fcche 30,4)<\/p><cite>Der Name ist nicht Jesus. Mehr dazu bei <a rel=\"noreferrer noopener\" aria-label=\"Elisabeth Bartl (\u00f6ffnet in neuem Tab)\" href=\"https:\/\/www.bibel-offenbarung.org\/gottesname-jahuwah-unser-schoepfer.html#Im_Auftrag\" target=\"_blank\">Elisabeth Bartl<\/a><br><\/cite><\/blockquote>\n\n\n\n<p>Ein kleiner Abschnitt des Textes im Artikel von Elisabeth Bartl ist besonders wichtig f\u00fcr unsere Endzeit:<\/p>\n\n\n\n<blockquote class=\"wp-block-quote is-layout-flow wp-block-quote-is-layout-flow\"><p> \u201cIch bin im Namen meines Vaters gekommen, und ihr nehmt mich nicht an.  Wenn ein anderer in seinem eigenen Namen kommt, den werdet ihr  annehmen.\u201c (Johannes 5,43) <\/p><cite>Dieser &#8222;andere&#8220; wird Jesus Christus sein und nicht nur die &#8222;Christen&#8220; werden ihm begeistert zujubeln.<\/cite><\/blockquote>\n\n\n\n<h3 class=\"wp-block-heading\">Weitere Wurzeln zum falschen Namens<\/h3>\n\n\n\n<p>Nat\u00fcrlich ist der keltische Kriegsgott Hesus nicht die einzige Wurzel des falschen Namens unseres Maschiach. Es gibt eine riesige Vielfalt von weiteren Herleitungen.<\/p>\n\n\n\n<p>Die gesamte Historie dazu findet  sich wieder bei Elisabeth unter dem Titel &#8222;<a href=\"https:\/\/www.bibel-offenbarung.org\/falsche-anbetung\/wer-ist-jesus-christus.html\" target=\"_blank\" rel=\"noreferrer noopener\" aria-label=\"Wer ist Jesus Christus (\u00f6ffnet in neuem Tab)\">Wer ist Jesus Christus<\/a>&#8222;. Die Texte f\u00fcllen ein ganzes Buch und sind alle mit Quellenangaben versehen. <\/p>\n\n\n\n<h3 class=\"wp-block-heading\">Der  richtige Name des Gesalbten Gottes<\/h3>\n\n\n\n<p>Es gibt eine lange und eine kurze Form der meisten hebr\u00e4ischen Namen. Verwendet wurde schon zur Zeit der Apostel die kurze Form. Am Beispiel von &#8222;Nethanja&#8220; wurde uns sogar die richtige Aussprache der langen Aussprache geschenkt. &#8222;Geschenkt&#8220; deshalb, weil die lange Form &#8222;Nethanjahu&#8220; \u00fcbersetzt bedeutet: &#8222;Geschenk Gottes&#8220;. Wie allgemein bekannt, war der ehemalige Pr\u00e4sident Israels mit diesem Namen selbst kein Geschenk Gottes. Jedoch sein Name ist das sehr wohl, denn dadurch wird auch die richtige Aussprache des Namens unseres Maschiach deutlich.<\/p>\n\n\n\n<p>Die Bedeutung des Namens unseres Maschiach ist &#8222;Retter Gottes&#8220;. Die kurze Form wird als &#8222;Joschua&#8220; gesprochen. Die lange Form lautet &#8222;Jahuschuah&#8220;.<br>Falsche Christen beziehen die Bedeutung des &#8222;Retters&#8220; auf sich pers\u00f6nlich. Sie glauben, dass Joshua am Kreuz gestorben ist, um die individuellen S\u00fcnden zu vergeben. Das ist eine Illusion und steht auch nicht in der Bibel. Jahuschuah  wird die Erde  retten, indem er nach seiner Wiederkunft f\u00fcr die Wiederherstellung und Einhaltung der g\u00f6ttlichen Ordnung sorgt. <\/p>\n\n\n\n<p>N\u00e4chste Seite: <a href=\"https:\/\/www.medianus.at\/bibel\/satans-luegen-unserer-zeit\/\">Satans L\u00fcgen<\/a><br> <a href=\"https:\/\/www.medianus.at\/bibel\/grundlagen\/\">Grundlagen<\/a> <\/p>\n","protected":false},"excerpt":{"rendered":"<p>Der Name Jesus hat sich ausgehend von Europa \u00fcber die ganze Welt verbreitet. Als &#8222;Hesus&#8220; oder &#8222;Esus&#8220; gibt es einige Artefakte in Europa. Jesus war der Kriegsgott der Kelten Europas und dem Planeten Mars zugeordnet. Der Anfangsbuchstabe &#8222;J&#8220; war f\u00fcr die keltische Bev\u00f6lkerung v\u00f6llig unbedeutend, weil die Schrift selbst fast keine Bedeutung hatte. Lucifer wu\u00dfte &hellip; <a href=\"https:\/\/www.medianus.at\/bibel\/jesus\/\" class=\"more-link\"><span class=\"screen-reader-text\">&#8222;Jesus &#8211; Ein keltischer Kriegsgott&#8220; <\/span>weiterlesen<\/a><\/p>\n","protected":false},"author":1,"featured_media":0,"parent":0,"menu_order":0,"comment_status":"closed","ping_status":"closed","template":"","meta":{"footnotes":""},"class_list":["post-272","page","type-page","status-publish","hentry"],"yoast_head":"<!-- This site is optimized with the Yoast SEO plugin v22.9 - https:\/\/yoast.com\/wordpress\/plugins\/seo\/ -->\n<title>Jesus - Ein keltischer Kriegsgott -<\/title>\n<meta name=\"description\" content=\"Der Name Jesus hat sich ausgehend von Europa \u00fcber die ganze Welt verbreitet. Als &quot;Hesus&quot; oder &quot;Esus&quot; gibt es einige Artefakte in Europa.\" \/>\n<meta name=\"robots\" content=\"index, follow, max-snippet:-1, max-image-preview:large, max-video-preview:-1\" \/>\n<link rel=\"canonical\" href=\"https:\/\/www.medianus.at\/bibel\/jesus\/\" \/>\n<meta property=\"og:locale\" content=\"de_DE\" \/>\n<meta property=\"og:type\" content=\"article\" \/>\n<meta property=\"og:title\" content=\"Jesus - Ein keltischer Kriegsgott -\" \/>\n<meta property=\"og:description\" content=\"Der Name Jesus hat sich ausgehend von Europa \u00fcber die ganze Welt verbreitet. Als &quot;Hesus&quot; oder &quot;Esus&quot; gibt es einige Artefakte in Europa.\" \/>\n<meta property=\"og:url\" content=\"https:\/\/www.medianus.at\/bibel\/jesus\/\" \/>\n<meta property=\"og:site_name\" content=\"Medianus\" \/>\n<meta property=\"article:modified_time\" content=\"2022-04-05T19:20:33+00:00\" \/>\n<meta property=\"og:image\" content=\"https:\/\/www.bibel-offenbarung.org\/images\/stories\/Celtischer_Esus.jpg\" \/>\n<meta name=\"twitter:card\" content=\"summary_large_image\" \/>\n<meta name=\"twitter:label1\" content=\"Gesch\u00e4tzte Lesezeit\" \/>\n\t<meta name=\"twitter:data1\" content=\"4\u00a0Minuten\" \/>\n<script type=\"application\/ld+json\" class=\"yoast-schema-graph\">{\"@context\":\"https:\/\/schema.org\",\"@graph\":[{\"@type\":\"WebPage\",\"@id\":\"https:\/\/www.medianus.at\/bibel\/jesus\/\",\"url\":\"https:\/\/www.medianus.at\/bibel\/jesus\/\",\"name\":\"Jesus - Ein keltischer Kriegsgott -\",\"isPartOf\":{\"@id\":\"https:\/\/www.medianus.at\/bibel\/#website\"},\"primaryImageOfPage\":{\"@id\":\"https:\/\/www.medianus.at\/bibel\/jesus\/#primaryimage\"},\"image\":{\"@id\":\"https:\/\/www.medianus.at\/bibel\/jesus\/#primaryimage\"},\"thumbnailUrl\":\"https:\/\/www.bibel-offenbarung.org\/images\/stories\/Celtischer_Esus.jpg\",\"datePublished\":\"2020-12-13T12:47:30+00:00\",\"dateModified\":\"2022-04-05T19:20:33+00:00\",\"description\":\"Der Name Jesus hat sich ausgehend von Europa \u00fcber die ganze Welt verbreitet. Als \\\"Hesus\\\" oder \\\"Esus\\\" gibt es einige Artefakte in Europa.\",\"breadcrumb\":{\"@id\":\"https:\/\/www.medianus.at\/bibel\/jesus\/#breadcrumb\"},\"inLanguage\":\"de\",\"potentialAction\":[{\"@type\":\"ReadAction\",\"target\":[\"https:\/\/www.medianus.at\/bibel\/jesus\/\"]}]},{\"@type\":\"ImageObject\",\"inLanguage\":\"de\",\"@id\":\"https:\/\/www.medianus.at\/bibel\/jesus\/#primaryimage\",\"url\":\"https:\/\/www.bibel-offenbarung.org\/images\/stories\/Celtischer_Esus.jpg\",\"contentUrl\":\"https:\/\/www.bibel-offenbarung.org\/images\/stories\/Celtischer_Esus.jpg\"},{\"@type\":\"BreadcrumbList\",\"@id\":\"https:\/\/www.medianus.at\/bibel\/jesus\/#breadcrumb\",\"itemListElement\":[{\"@type\":\"ListItem\",\"position\":1,\"name\":\"Startseite\",\"item\":\"https:\/\/www.medianus.at\/bibel\/\"},{\"@type\":\"ListItem\",\"position\":2,\"name\":\"Jesus &#8211; Ein keltischer Kriegsgott\"}]},{\"@type\":\"WebSite\",\"@id\":\"https:\/\/www.medianus.at\/bibel\/#website\",\"url\":\"https:\/\/www.medianus.at\/bibel\/\",\"name\":\"Medianus\",\"description\":\"Endzeitbewu\u00dftsein\",\"publisher\":{\"@id\":\"https:\/\/www.medianus.at\/bibel\/#\/schema\/person\/9813ce5b369f8452dc40ce133ead17a7\"},\"potentialAction\":[{\"@type\":\"SearchAction\",\"target\":{\"@type\":\"EntryPoint\",\"urlTemplate\":\"https:\/\/www.medianus.at\/bibel\/?s={search_term_string}\"},\"query-input\":\"required name=search_term_string\"}],\"inLanguage\":\"de\"},{\"@type\":[\"Person\",\"Organization\"],\"@id\":\"https:\/\/www.medianus.at\/bibel\/#\/schema\/person\/9813ce5b369f8452dc40ce133ead17a7\",\"name\":\"Walter Panhuber\",\"image\":{\"@type\":\"ImageObject\",\"inLanguage\":\"de\",\"@id\":\"https:\/\/www.medianus.at\/bibel\/#\/schema\/person\/image\/\",\"url\":\"https:\/\/secure.gravatar.com\/avatar\/ff8326d54d16e623f9e2aeb12289ecab?s=96&d=mm&r=g\",\"contentUrl\":\"https:\/\/secure.gravatar.com\/avatar\/ff8326d54d16e623f9e2aeb12289ecab?s=96&d=mm&r=g\",\"caption\":\"Walter Panhuber\"},\"logo\":{\"@id\":\"https:\/\/www.medianus.at\/bibel\/#\/schema\/person\/image\/\"}}]}<\/script>\n<!-- \/ Yoast SEO plugin. -->","yoast_head_json":{"title":"Jesus - Ein keltischer Kriegsgott -","description":"Der Name Jesus hat sich ausgehend von Europa \u00fcber die ganze Welt verbreitet. Als \"Hesus\" oder \"Esus\" gibt es einige Artefakte in Europa.","robots":{"index":"index","follow":"follow","max-snippet":"max-snippet:-1","max-image-preview":"max-image-preview:large","max-video-preview":"max-video-preview:-1"},"canonical":"https:\/\/www.medianus.at\/bibel\/jesus\/","og_locale":"de_DE","og_type":"article","og_title":"Jesus - Ein keltischer Kriegsgott -","og_description":"Der Name Jesus hat sich ausgehend von Europa \u00fcber die ganze Welt verbreitet. Als \"Hesus\" oder \"Esus\" gibt es einige Artefakte in Europa.","og_url":"https:\/\/www.medianus.at\/bibel\/jesus\/","og_site_name":"Medianus","article_modified_time":"2022-04-05T19:20:33+00:00","og_image":[{"url":"https:\/\/www.bibel-offenbarung.org\/images\/stories\/Celtischer_Esus.jpg"}],"twitter_card":"summary_large_image","twitter_misc":{"Gesch\u00e4tzte Lesezeit":"4\u00a0Minuten"},"schema":{"@context":"https:\/\/schema.org","@graph":[{"@type":"WebPage","@id":"https:\/\/www.medianus.at\/bibel\/jesus\/","url":"https:\/\/www.medianus.at\/bibel\/jesus\/","name":"Jesus - Ein keltischer Kriegsgott -","isPartOf":{"@id":"https:\/\/www.medianus.at\/bibel\/#website"},"primaryImageOfPage":{"@id":"https:\/\/www.medianus.at\/bibel\/jesus\/#primaryimage"},"image":{"@id":"https:\/\/www.medianus.at\/bibel\/jesus\/#primaryimage"},"thumbnailUrl":"https:\/\/www.bibel-offenbarung.org\/images\/stories\/Celtischer_Esus.jpg","datePublished":"2020-12-13T12:47:30+00:00","dateModified":"2022-04-05T19:20:33+00:00","description":"Der Name Jesus hat sich ausgehend von Europa \u00fcber die ganze Welt verbreitet. Als \"Hesus\" oder \"Esus\" gibt es einige Artefakte in Europa.","breadcrumb":{"@id":"https:\/\/www.medianus.at\/bibel\/jesus\/#breadcrumb"},"inLanguage":"de","potentialAction":[{"@type":"ReadAction","target":["https:\/\/www.medianus.at\/bibel\/jesus\/"]}]},{"@type":"ImageObject","inLanguage":"de","@id":"https:\/\/www.medianus.at\/bibel\/jesus\/#primaryimage","url":"https:\/\/www.bibel-offenbarung.org\/images\/stories\/Celtischer_Esus.jpg","contentUrl":"https:\/\/www.bibel-offenbarung.org\/images\/stories\/Celtischer_Esus.jpg"},{"@type":"BreadcrumbList","@id":"https:\/\/www.medianus.at\/bibel\/jesus\/#breadcrumb","itemListElement":[{"@type":"ListItem","position":1,"name":"Startseite","item":"https:\/\/www.medianus.at\/bibel\/"},{"@type":"ListItem","position":2,"name":"Jesus &#8211; Ein keltischer Kriegsgott"}]},{"@type":"WebSite","@id":"https:\/\/www.medianus.at\/bibel\/#website","url":"https:\/\/www.medianus.at\/bibel\/","name":"Medianus","description":"Endzeitbewu\u00dftsein","publisher":{"@id":"https:\/\/www.medianus.at\/bibel\/#\/schema\/person\/9813ce5b369f8452dc40ce133ead17a7"},"potentialAction":[{"@type":"SearchAction","target":{"@type":"EntryPoint","urlTemplate":"https:\/\/www.medianus.at\/bibel\/?s={search_term_string}"},"query-input":"required name=search_term_string"}],"inLanguage":"de"},{"@type":["Person","Organization"],"@id":"https:\/\/www.medianus.at\/bibel\/#\/schema\/person\/9813ce5b369f8452dc40ce133ead17a7","name":"Walter Panhuber","image":{"@type":"ImageObject","inLanguage":"de","@id":"https:\/\/www.medianus.at\/bibel\/#\/schema\/person\/image\/","url":"https:\/\/secure.gravatar.com\/avatar\/ff8326d54d16e623f9e2aeb12289ecab?s=96&d=mm&r=g","contentUrl":"https:\/\/secure.gravatar.com\/avatar\/ff8326d54d16e623f9e2aeb12289ecab?s=96&d=mm&r=g","caption":"Walter Panhuber"},"logo":{"@id":"https:\/\/www.medianus.at\/bibel\/#\/schema\/person\/image\/"}}]}},"_links":{"self":[{"href":"https:\/\/www.medianus.at\/bibel\/wp-json\/wp\/v2\/pages\/272"}],"collection":[{"href":"https:\/\/www.medianus.at\/bibel\/wp-json\/wp\/v2\/pages"}],"about":[{"href":"https:\/\/www.medianus.at\/bibel\/wp-json\/wp\/v2\/types\/page"}],"author":[{"embeddable":true,"href":"https:\/\/www.medianus.at\/bibel\/wp-json\/wp\/v2\/users\/1"}],"replies":[{"embeddable":true,"href":"https:\/\/www.medianus.at\/bibel\/wp-json\/wp\/v2\/comments?post=272"}],"version-history":[{"count":22,"href":"https:\/\/www.medianus.at\/bibel\/wp-json\/wp\/v2\/pages\/272\/revisions"}],"predecessor-version":[{"id":1154,"href":"https:\/\/www.medianus.at\/bibel\/wp-json\/wp\/v2\/pages\/272\/revisions\/1154"}],"wp:attachment":[{"href":"https:\/\/www.medianus.at\/bibel\/wp-json\/wp\/v2\/media?parent=272"}],"curies":[{"name":"wp","href":"https:\/\/api.w.org\/{rel}","templated":true}]}}