{"id":2324,"date":"2026-01-02T15:46:29","date_gmt":"2026-01-02T14:46:29","guid":{"rendered":"https:\/\/www.medianus.at\/bibel\/?page_id=2324"},"modified":"2026-04-07T20:31:01","modified_gmt":"2026-04-07T18:31:01","slug":"wahrheitsjaeger-2026","status":"publish","type":"page","link":"https:\/\/www.medianus.at\/bibel\/wahrheitsjaeger-2026\/","title":{"rendered":"Wahrheitsj\u00e4ger 2026"},"content":{"rendered":"\n<p id=\"block-fc4a988d-5b09-450b-aa83-6e87b0ec0dee\"><div class=\"side-menu is-left -center\" id=\"side-menu-1\"><ul class=\"sm-list\"><li class=\"sm-item\"><a href=\"https:\/\/www.medianus.at\/bibel\/wahrheitsjaeger\/\" target=\"_self\"  class=\"sm-link\"><span class=\"sm-icon fas fa-hand-point-up\"><\/span><span class=\"sm-label\">2021<\/span><\/a><\/li><li class=\"sm-item\"><a href=\"https:\/\/www.medianus.at\/bibel\/wahrheitsjaeger-2022\/\" target=\"_self\"  class=\"sm-link\"><span class=\"sm-icon fas fa-hand-point-up\"><\/span><span class=\"sm-label\">2022<\/span><\/a><\/li><li class=\"sm-item\"><a href=\"https:\/\/www.medianus.at\/bibel\/wahrheitsjaeger-2023\/\" target=\"_self\"  class=\"sm-link\"><span class=\"sm-icon fas fa-hand-point-up\"><\/span><span class=\"sm-label\">2023<\/span><\/a><\/li><li class=\"sm-item\"><a href=\"https:\/\/www.medianus.at\/bibel\/wahrheitsjaeger-2024\/\" target=\"_self\"  class=\"sm-link\"><span class=\"sm-icon fas fa-hand-point-up\"><\/span><span class=\"sm-label\">2024<\/span><\/a><\/li><li class=\"sm-item\"><a href=\"https:\/\/www.medianus.at\/bibel\/wahrheitsjaeger-2025\/\" target=\"_self\"  class=\"sm-link\"><span class=\"sm-icon fas fa-hand-point-up\"><\/span><span class=\"sm-label\">2025<\/span><\/a><\/li><li class=\"sm-item\"><a href=\"https:\/\/www.medianus.at\/bibel\/wahrheitsjaeger-2026\/\" target=\"_self\"  class=\"sm-link\"><span class=\"sm-icon fas fa-hand-point-up\"><\/span><span class=\"sm-label\">2026<\/span><\/a><\/li><\/ul><\/div><\/p>\n\n\n\n<figure class=\"wp-block-image size-large is-resized\"><img loading=\"lazy\" decoding=\"async\" width=\"962\" height=\"741\" src=\"https:\/\/www.medianus.at\/bibel\/wp-content\/uploads\/2024\/02\/logo-1.png\" alt=\"\" class=\"wp-image-1550\" style=\"width:333px;height:256px\" srcset=\"https:\/\/www.medianus.at\/bibel\/wp-content\/uploads\/2024\/02\/logo-1.png 962w, https:\/\/www.medianus.at\/bibel\/wp-content\/uploads\/2024\/02\/logo-1-300x231.png 300w, https:\/\/www.medianus.at\/bibel\/wp-content\/uploads\/2024\/02\/logo-1-768x592.png 768w\" sizes=\"(max-width: 709px) 85vw, (max-width: 909px) 67vw, (max-width: 1362px) 62vw, 840px\" \/><\/figure>\n\n\n\n<h2 class=\"wp-block-heading\">Wer ist der Wahrheitsj\u00e4ger?<\/h2>\n\n\n\n<p>Im August 2023 hat er das selbst erkl\u00e4rt.<\/p>\n\n\n\n<figure class=\"wp-block-audio\"><audio controls src=\"https:\/\/www.medianus.at\/bibel\/wp-content\/uploads\/2024\/02\/2023_08_09_Zu-meiner-Person-1.mp3\"><\/audio><figcaption class=\"wp-element-caption\">Zu meiner Person<\/figcaption><\/figure>\n\n\n\n<h2 class=\"wp-block-heading\">Wahrheitsj\u00e4ger J\u00e4nner 2026<\/h2>\n\n\n\n<figure class=\"wp-block-audio\"><audio controls src=\"https:\/\/www.medianus.at\/bibel\/wp-content\/uploads\/2026\/01\/2026_01_02_Podcast_368_Die_globalen_Zusammenhaenge_von_Turmfalken.mp3\"><\/audio><figcaption class=\"wp-element-caption\">Podcast-368_Die globalen Zusammenh\u00e4nge von Turmfalken und Wei\u00dfkopfadlern<\/figcaption><\/figure>\n\n\n\n<figure class=\"wp-block-audio\"><audio controls src=\"https:\/\/www.medianus.at\/bibel\/wp-content\/uploads\/2026\/01\/2026_01_04_Podcast_369_Der_globale_Dominoeffekt_hat_gerade_begonnen.mp3\"><\/audio><figcaption class=\"wp-element-caption\">Podcast-369_Der globale Dominoeffekt hat gerade begonnen<\/figcaption><\/figure>\n\n\n\n<figure class=\"wp-block-audio\"><audio controls src=\"https:\/\/www.medianus.at\/bibel\/wp-content\/uploads\/2026\/01\/2026_01_14_Carsten_von_SC360Media_und_Wahrheitsjaeger\u02d0_globale_Entwicklungen.mp3\"><\/audio><figcaption class=\"wp-element-caption\">Carsten von SC360Media und Wahrheitsj\u00e4ger\u02d0 globale Entwicklungen<\/figcaption><\/figure>\n\n\n\n<figure class=\"wp-block-audio\"><audio controls src=\"https:\/\/www.medianus.at\/bibel\/wp-content\/uploads\/2026\/01\/2026_01_16_Carsten_von_SC360Media_und_Wahrheitsjaeger\u02d0_Globale_Entwicklungen.mp3\"><\/audio><figcaption class=\"wp-element-caption\">Carsten von SC360Media und Wahrheitsj\u00e4ger\u02d0 Globale Entwicklungen<\/figcaption><\/figure>\n\n\n\n<figure class=\"wp-block-audio\"><audio controls src=\"https:\/\/www.medianus.at\/bibel\/wp-content\/uploads\/2026\/01\/2026_01_19_Podcast_370_Wer_nun_weiss_Gutes_zu_tun_und_tut_es_nicht.mp3\"><\/audio><figcaption class=\"wp-element-caption\">Podcast-370_Wer nun wei\u00df Gutes zu tun, und tut es nicht, der macht sich schuldig<\/figcaption><\/figure>\n\n\n\n<figure class=\"wp-block-audio\"><audio controls src=\"https:\/\/www.medianus.at\/bibel\/wp-content\/uploads\/2026\/01\/2026_01_24_Podcast_371_London_City_und_China_gegen_USA_und_Russland.mp3\"><\/audio><figcaption class=\"wp-element-caption\">Podcast-371_London-City und China gegen USA und Russland und vor allem uns<\/figcaption><\/figure>\n\n\n\n<h2 class=\"wp-block-heading\">Wahrheitsj\u00e4ger Februar 2026<\/h2>\n\n\n\n<figure class=\"wp-block-audio\"><audio controls src=\"https:\/\/www.medianus.at\/bibel\/wp-content\/uploads\/2026\/02\/2026_02_02_Podcast_372_Was_waere_ein_politischer_Exorzismus_und.mp3\"><\/audio><figcaption class=\"wp-element-caption\">Podcast-372_Was w\u00e4re ein politischer Exorzismus und gibt es historisches Beispiel daf\u00fcr\uff1f<\/figcaption><\/figure>\n\n\n\n<figure class=\"wp-block-audio\"><audio controls src=\"https:\/\/www.medianus.at\/bibel\/wp-content\/uploads\/2026\/02\/2026_02_08_Carsten_von_SC360Media_und_Wahrheitsjaeger\u02d0_Welche_Teile.mp3\"><\/audio><figcaption class=\"wp-element-caption\">Carsten von SC360Media und Wahrheitsj\u00e4ger\u02d0 Welche Teile fehlen im Puzzle noch\uff1f<\/figcaption><\/figure>\n\n\n\n<figure class=\"wp-block-audio\"><audio controls src=\"https:\/\/www.medianus.at\/bibel\/wp-content\/uploads\/2026\/02\/2026_02_12_Carsten_von_SC360Media_und_Wahrheitsjaeger\u02d0_Es_ist_aufgetischt.mp3\"><\/audio><figcaption class=\"wp-element-caption\">Carsten von SC360Media und Wahrheitsj\u00e4ger\u02d0 Es ist aufgetischt ! Welche Seite w\u00e4hlst Du\uff1f<\/figcaption><\/figure>\n\n\n\n<figure class=\"wp-block-audio\"><audio controls src=\"https:\/\/www.medianus.at\/bibel\/wp-content\/uploads\/2026\/02\/2026_02_18_Carsten_von_SC360Media_und_Wahrheitsjaeger\u02d0_Politischer.mp3\"><\/audio><figcaption class=\"wp-element-caption\">Carsten von SC360Media und Wahrheitsj\u00e4ger\u02d0 Politischer Karneval als Dauerzustand\uff1f<\/figcaption><\/figure>\n\n\n\n<figure class=\"wp-block-audio\"><audio controls src=\"https:\/\/www.medianus.at\/bibel\/wp-content\/uploads\/2026\/02\/2026_02_22_Carsten_von_SC360Media_und_Wahrheitsjaeger\u02d0_Aktionen.mp3\"><\/audio><figcaption class=\"wp-element-caption\">Carsten von SC360Media und Wahrheitsj\u00e4ger\u02d0 Aktionen &amp; Reaktionen<\/figcaption><\/figure>\n\n\n\n<figure class=\"wp-block-audio\"><audio controls src=\"https:\/\/www.medianus.at\/bibel\/wp-content\/uploads\/2026\/02\/2026_02_25_Carsten_von_SC360Media_und_Wahrheitsjaeger\u02d0_Menschenverstand.mp3\"><\/audio><figcaption class=\"wp-element-caption\">Carsten von SC360Media und Wahrheitsj\u00e4ger\u02d0 Menschenverstand vs Agenda Treue<\/figcaption><\/figure>\n\n\n\n<h2 class=\"wp-block-heading\">Wahrheitsj\u00e4ger M\u00e4rz 2026<\/h2>\n\n\n\n<figure class=\"wp-block-audio\"><audio controls src=\"https:\/\/www.medianus.at\/bibel\/wp-content\/uploads\/2026\/03\/2026_03_02_Carsten_von_SC360Media_und_Wahrheitsjaeger\u02d0_\u201eIran_das.mp3\"><\/audio><figcaption class=\"wp-element-caption\">Carsten von SC360Media und Wahrheitsj\u00e4ger\u02d0 \u201eIran\u201c das Thema ist so viel gr\u00f6\u00dfer!<\/figcaption><\/figure>\n\n\n\n<figure class=\"wp-block-audio\"><audio controls src=\"https:\/\/www.medianus.at\/bibel\/wp-content\/uploads\/2026\/03\/2026_03_07_Carsten_von_SC360Media_und_Wahrheitsjaeger\u02d0_Nahost_Szenario.mp3\"><\/audio><figcaption class=\"wp-element-caption\">Carsten von SC360Media und Wahrheitsj\u00e4ger\u02d0 Nahost-Szenario, war der Start, der Schlacht um die Menschheit\uff1f<\/figcaption><\/figure>\n\n\n\n<figure class=\"wp-block-audio\"><audio controls src=\"https:\/\/www.medianus.at\/bibel\/wp-content\/uploads\/2026\/03\/2026_03_13_Carsten_von_SC360Media_und_Wahrheitsjaeger\u02d0_Kognitive.mp3\"><\/audio><figcaption class=\"wp-element-caption\">Carsten von SC360Media und Wahrheitsj\u00e4ger\u02d0 Kognitive Verzerrungen<\/figcaption><\/figure>\n\n\n\n<figure class=\"wp-block-audio\"><audio controls src=\"https:\/\/www.medianus.at\/bibel\/wp-content\/uploads\/2026\/03\/2026_03_19_Carsten_von_SC360Media_und_Wahrheitsjaeger\u02d0_Nahost_Szenario.mp3\"><\/audio><figcaption class=\"wp-element-caption\">Carsten von SC360Media und Wahrheitsj\u00e4ger\u02d0 Nahost-Szenario als Filtrations- Event<\/figcaption><\/figure>\n\n\n\n<figure class=\"wp-block-audio\"><audio controls src=\"https:\/\/www.medianus.at\/bibel\/wp-content\/uploads\/2026\/03\/2026_03_26_Carsten_von_SC360Media_und_Wahrheitsjaeger\u02d0_Manipulation.mp3\"><\/audio><figcaption class=\"wp-element-caption\">Carsten von SC360Media und Wahrheitsj\u00e4ger\u02d0 Manipulation der Massen<\/figcaption><\/figure>\n\n\n\n<figure class=\"wp-block-audio\"><audio controls src=\"https:\/\/www.medianus.at\/bibel\/wp-content\/uploads\/2026\/03\/2026_03_29_Carsten_von_SC360Media_und_Wahrheitsjaeger\u02d0_Globale_Veraenderungen.mp3\"><\/audio><figcaption class=\"wp-element-caption\">Carsten von SC360Media und Wahrheitsj\u00e4ger\u02d0 Globale Ver\u00e4nderungen, Zeichen &amp; Auswirkungen<\/figcaption><\/figure>\n\n\n\n<h2 class=\"wp-block-heading\">Wahrheitsj\u00e4ger April 2026<\/h2>\n\n\n\n<figure class=\"wp-block-audio\"><audio controls src=\"https:\/\/www.medianus.at\/bibel\/wp-content\/uploads\/2026\/04\/2026_04_01_Carsten_von_SC360Media_und_Wahrheitsjaeger\u02d0_Gemengelage.mp3\"><\/audio><figcaption class=\"wp-element-caption\">Carsten von SC360Media und Wahrheitsj\u00e4ger\u02d0 Gemengelage in Nahost ein \u00dcberblick<\/figcaption><\/figure>\n\n\n\n<figure class=\"wp-block-audio\"><audio controls src=\"https:\/\/www.medianus.at\/bibel\/wp-content\/uploads\/2026\/04\/2026_04_06_Carsten_von_SC360Media_und_Wahrheitsjaeger\u02d0_Das_Ende.mp3\"><\/audio><figcaption class=\"wp-element-caption\">Carsten von SC360Media und Wahrheitsj\u00e4ger\u02d0 Das Ende des \u00c4ons r\u00fcckt n\u00e4her<\/figcaption><\/figure>\n","protected":false},"excerpt":{"rendered":"<p>Wer ist der Wahrheitsj\u00e4ger? Im August 2023 hat er das selbst erkl\u00e4rt. Wahrheitsj\u00e4ger J\u00e4nner 2026 Wahrheitsj\u00e4ger Februar 2026 Wahrheitsj\u00e4ger M\u00e4rz 2026 Wahrheitsj\u00e4ger April 2026<\/p>\n","protected":false},"author":1,"featured_media":0,"parent":0,"menu_order":0,"comment_status":"closed","ping_status":"closed","template":"","meta":{"footnotes":""},"class_list":["post-2324","page","type-page","status-publish","hentry"],"yoast_head":"<!-- This site is optimized with the Yoast SEO plugin v22.9 - https:\/\/yoast.com\/wordpress\/plugins\/seo\/ -->\n<title>Wahrheitsj\u00e4ger 2026 - Medianus<\/title>\n<meta name=\"description\" content=\"Diese Website dient als Redaktionsplattform f\u00fcr die Medianus-Bibel.\" \/>\n<meta name=\"robots\" content=\"index, follow, max-snippet:-1, max-image-preview:large, max-video-preview:-1\" \/>\n<link rel=\"canonical\" href=\"https:\/\/www.medianus.at\/bibel\/wahrheitsjaeger-2026\/\" \/>\n<meta property=\"og:locale\" content=\"de_DE\" \/>\n<meta property=\"og:type\" content=\"article\" \/>\n<meta property=\"og:title\" content=\"Wahrheitsj\u00e4ger 2026 - Medianus\" \/>\n<meta property=\"og:description\" content=\"Diese Website dient als Redaktionsplattform f\u00fcr die Medianus-Bibel.\" \/>\n<meta property=\"og:url\" content=\"https:\/\/www.medianus.at\/bibel\/wahrheitsjaeger-2026\/\" \/>\n<meta property=\"og:site_name\" content=\"Medianus\" \/>\n<meta property=\"article:modified_time\" content=\"2026-04-07T18:31:01+00:00\" \/>\n<meta property=\"og:image\" content=\"https:\/\/www.medianus.at\/bibel\/wp-content\/uploads\/2024\/02\/logo-1.png\" \/>\n<meta name=\"twitter:card\" content=\"summary_large_image\" \/>\n<meta name=\"twitter:label1\" content=\"Gesch\u00e4tzte Lesezeit\" \/>\n\t<meta name=\"twitter:data1\" content=\"2\u00a0Minuten\" \/>\n<script type=\"application\/ld+json\" class=\"yoast-schema-graph\">{\"@context\":\"https:\/\/schema.org\",\"@graph\":[{\"@type\":\"WebPage\",\"@id\":\"https:\/\/www.medianus.at\/bibel\/wahrheitsjaeger-2026\/\",\"url\":\"https:\/\/www.medianus.at\/bibel\/wahrheitsjaeger-2026\/\",\"name\":\"Wahrheitsj\u00e4ger 2026 - Medianus\",\"isPartOf\":{\"@id\":\"https:\/\/www.medianus.at\/bibel\/#website\"},\"primaryImageOfPage\":{\"@id\":\"https:\/\/www.medianus.at\/bibel\/wahrheitsjaeger-2026\/#primaryimage\"},\"image\":{\"@id\":\"https:\/\/www.medianus.at\/bibel\/wahrheitsjaeger-2026\/#primaryimage\"},\"thumbnailUrl\":\"https:\/\/www.medianus.at\/bibel\/wp-content\/uploads\/2024\/02\/logo-1.png\",\"datePublished\":\"2026-01-02T14:46:29+00:00\",\"dateModified\":\"2026-04-07T18:31:01+00:00\",\"description\":\"Diese Website dient als Redaktionsplattform f\u00fcr die Medianus-Bibel.\",\"breadcrumb\":{\"@id\":\"https:\/\/www.medianus.at\/bibel\/wahrheitsjaeger-2026\/#breadcrumb\"},\"inLanguage\":\"de\",\"potentialAction\":[{\"@type\":\"ReadAction\",\"target\":[\"https:\/\/www.medianus.at\/bibel\/wahrheitsjaeger-2026\/\"]}]},{\"@type\":\"ImageObject\",\"inLanguage\":\"de\",\"@id\":\"https:\/\/www.medianus.at\/bibel\/wahrheitsjaeger-2026\/#primaryimage\",\"url\":\"https:\/\/www.medianus.at\/bibel\/wp-content\/uploads\/2024\/02\/logo-1.png\",\"contentUrl\":\"https:\/\/www.medianus.at\/bibel\/wp-content\/uploads\/2024\/02\/logo-1.png\",\"width\":962,\"height\":741},{\"@type\":\"BreadcrumbList\",\"@id\":\"https:\/\/www.medianus.at\/bibel\/wahrheitsjaeger-2026\/#breadcrumb\",\"itemListElement\":[{\"@type\":\"ListItem\",\"position\":1,\"name\":\"Startseite\",\"item\":\"https:\/\/www.medianus.at\/bibel\/\"},{\"@type\":\"ListItem\",\"position\":2,\"name\":\"Wahrheitsj\u00e4ger 2026\"}]},{\"@type\":\"WebSite\",\"@id\":\"https:\/\/www.medianus.at\/bibel\/#website\",\"url\":\"https:\/\/www.medianus.at\/bibel\/\",\"name\":\"Medianus\",\"description\":\"Endzeitbewu\u00dftsein\",\"publisher\":{\"@id\":\"https:\/\/www.medianus.at\/bibel\/#\/schema\/person\/9813ce5b369f8452dc40ce133ead17a7\"},\"potentialAction\":[{\"@type\":\"SearchAction\",\"target\":{\"@type\":\"EntryPoint\",\"urlTemplate\":\"https:\/\/www.medianus.at\/bibel\/?s={search_term_string}\"},\"query-input\":\"required name=search_term_string\"}],\"inLanguage\":\"de\"},{\"@type\":[\"Person\",\"Organization\"],\"@id\":\"https:\/\/www.medianus.at\/bibel\/#\/schema\/person\/9813ce5b369f8452dc40ce133ead17a7\",\"name\":\"Walter Panhuber\",\"image\":{\"@type\":\"ImageObject\",\"inLanguage\":\"de\",\"@id\":\"https:\/\/www.medianus.at\/bibel\/#\/schema\/person\/image\/\",\"url\":\"https:\/\/secure.gravatar.com\/avatar\/ff8326d54d16e623f9e2aeb12289ecab?s=96&d=mm&r=g\",\"contentUrl\":\"https:\/\/secure.gravatar.com\/avatar\/ff8326d54d16e623f9e2aeb12289ecab?s=96&d=mm&r=g\",\"caption\":\"Walter Panhuber\"},\"logo\":{\"@id\":\"https:\/\/www.medianus.at\/bibel\/#\/schema\/person\/image\/\"}}]}<\/script>\n<!-- \/ Yoast SEO plugin. -->","yoast_head_json":{"title":"Wahrheitsj\u00e4ger 2026 - Medianus","description":"Diese Website dient als Redaktionsplattform f\u00fcr die Medianus-Bibel.","robots":{"index":"index","follow":"follow","max-snippet":"max-snippet:-1","max-image-preview":"max-image-preview:large","max-video-preview":"max-video-preview:-1"},"canonical":"https:\/\/www.medianus.at\/bibel\/wahrheitsjaeger-2026\/","og_locale":"de_DE","og_type":"article","og_title":"Wahrheitsj\u00e4ger 2026 - Medianus","og_description":"Diese Website dient als Redaktionsplattform f\u00fcr die Medianus-Bibel.","og_url":"https:\/\/www.medianus.at\/bibel\/wahrheitsjaeger-2026\/","og_site_name":"Medianus","article_modified_time":"2026-04-07T18:31:01+00:00","og_image":[{"url":"https:\/\/www.medianus.at\/bibel\/wp-content\/uploads\/2024\/02\/logo-1.png"}],"twitter_card":"summary_large_image","twitter_misc":{"Gesch\u00e4tzte Lesezeit":"2\u00a0Minuten"},"schema":{"@context":"https:\/\/schema.org","@graph":[{"@type":"WebPage","@id":"https:\/\/www.medianus.at\/bibel\/wahrheitsjaeger-2026\/","url":"https:\/\/www.medianus.at\/bibel\/wahrheitsjaeger-2026\/","name":"Wahrheitsj\u00e4ger 2026 - Medianus","isPartOf":{"@id":"https:\/\/www.medianus.at\/bibel\/#website"},"primaryImageOfPage":{"@id":"https:\/\/www.medianus.at\/bibel\/wahrheitsjaeger-2026\/#primaryimage"},"image":{"@id":"https:\/\/www.medianus.at\/bibel\/wahrheitsjaeger-2026\/#primaryimage"},"thumbnailUrl":"https:\/\/www.medianus.at\/bibel\/wp-content\/uploads\/2024\/02\/logo-1.png","datePublished":"2026-01-02T14:46:29+00:00","dateModified":"2026-04-07T18:31:01+00:00","description":"Diese Website dient als Redaktionsplattform f\u00fcr die Medianus-Bibel.","breadcrumb":{"@id":"https:\/\/www.medianus.at\/bibel\/wahrheitsjaeger-2026\/#breadcrumb"},"inLanguage":"de","potentialAction":[{"@type":"ReadAction","target":["https:\/\/www.medianus.at\/bibel\/wahrheitsjaeger-2026\/"]}]},{"@type":"ImageObject","inLanguage":"de","@id":"https:\/\/www.medianus.at\/bibel\/wahrheitsjaeger-2026\/#primaryimage","url":"https:\/\/www.medianus.at\/bibel\/wp-content\/uploads\/2024\/02\/logo-1.png","contentUrl":"https:\/\/www.medianus.at\/bibel\/wp-content\/uploads\/2024\/02\/logo-1.png","width":962,"height":741},{"@type":"BreadcrumbList","@id":"https:\/\/www.medianus.at\/bibel\/wahrheitsjaeger-2026\/#breadcrumb","itemListElement":[{"@type":"ListItem","position":1,"name":"Startseite","item":"https:\/\/www.medianus.at\/bibel\/"},{"@type":"ListItem","position":2,"name":"Wahrheitsj\u00e4ger 2026"}]},{"@type":"WebSite","@id":"https:\/\/www.medianus.at\/bibel\/#website","url":"https:\/\/www.medianus.at\/bibel\/","name":"Medianus","description":"Endzeitbewu\u00dftsein","publisher":{"@id":"https:\/\/www.medianus.at\/bibel\/#\/schema\/person\/9813ce5b369f8452dc40ce133ead17a7"},"potentialAction":[{"@type":"SearchAction","target":{"@type":"EntryPoint","urlTemplate":"https:\/\/www.medianus.at\/bibel\/?s={search_term_string}"},"query-input":"required name=search_term_string"}],"inLanguage":"de"},{"@type":["Person","Organization"],"@id":"https:\/\/www.medianus.at\/bibel\/#\/schema\/person\/9813ce5b369f8452dc40ce133ead17a7","name":"Walter Panhuber","image":{"@type":"ImageObject","inLanguage":"de","@id":"https:\/\/www.medianus.at\/bibel\/#\/schema\/person\/image\/","url":"https:\/\/secure.gravatar.com\/avatar\/ff8326d54d16e623f9e2aeb12289ecab?s=96&d=mm&r=g","contentUrl":"https:\/\/secure.gravatar.com\/avatar\/ff8326d54d16e623f9e2aeb12289ecab?s=96&d=mm&r=g","caption":"Walter Panhuber"},"logo":{"@id":"https:\/\/www.medianus.at\/bibel\/#\/schema\/person\/image\/"}}]}},"_links":{"self":[{"href":"https:\/\/www.medianus.at\/bibel\/wp-json\/wp\/v2\/pages\/2324"}],"collection":[{"href":"https:\/\/www.medianus.at\/bibel\/wp-json\/wp\/v2\/pages"}],"about":[{"href":"https:\/\/www.medianus.at\/bibel\/wp-json\/wp\/v2\/types\/page"}],"author":[{"embeddable":true,"href":"https:\/\/www.medianus.at\/bibel\/wp-json\/wp\/v2\/users\/1"}],"replies":[{"embeddable":true,"href":"https:\/\/www.medianus.at\/bibel\/wp-json\/wp\/v2\/comments?post=2324"}],"version-history":[{"count":20,"href":"https:\/\/www.medianus.at\/bibel\/wp-json\/wp\/v2\/pages\/2324\/revisions"}],"predecessor-version":[{"id":2394,"href":"https:\/\/www.medianus.at\/bibel\/wp-json\/wp\/v2\/pages\/2324\/revisions\/2394"}],"wp:attachment":[{"href":"https:\/\/www.medianus.at\/bibel\/wp-json\/wp\/v2\/media?parent=2324"}],"curies":[{"name":"wp","href":"https:\/\/api.w.org\/{rel}","templated":true}]}}