{"id":1766,"date":"2024-08-12T19:58:04","date_gmt":"2024-08-12T17:58:04","guid":{"rendered":"https:\/\/www.medianus.at\/bibel\/?page_id=1766"},"modified":"2024-09-02T10:00:18","modified_gmt":"2024-09-02T08:00:18","slug":"hoaxes","status":"publish","type":"page","link":"https:\/\/www.medianus.at\/bibel\/hoaxes\/","title":{"rendered":"Hoaxes"},"content":{"rendered":"\n<p>Ein Hoax war fr\u00fcher ein Jux in der deutschen Sprache. Heute wird es mit &#8222;<a href=\"https:\/\/www.google.com\/search?client=firefox-b-d&amp;q=google+translate\" target=\"_blank\" rel=\"noreferrer noopener\">Falschmeldung<\/a>&#8220; \u00fcbersetzt. Wir benutzen das Wort, weil satanische L\u00fcgen immer auf wahren Informationen aufbauen und dann geschickt verdreht werden. Das Ergebnis ist dann ein Hoax, wie er von aufgewachten Menschen heutzutage verstanden wird.<\/p>\n\n\n\n<p>Inzwischen gibt es derart viele Hoaxes, dass wir auf eine Aufz\u00e4hlung verzichten. Es gibt dar\u00fcber jede Menge Infos in den alternativen Medien.<\/p>\n\n\n\n<p>Wir wollen uns hier um einen ganz besonderen Hoax k\u00fcmmern. Er ist uralt und wird allem Anschein nach auch von den unteren Himmelswesen nicht durchschaut.<\/p>\n\n\n\n<h2 class=\"wp-block-heading\">Die Mutter aller Hoaxes<\/h2>\n\n\n\n<p>Zum Telegram Kanal &#8222;<a href=\"https:\/\/t.me\/flacheerdewirdrund\" target=\"_blank\" rel=\"noreferrer noopener\">Flache Erde wird rund<\/a>&#8222;<\/p>\n\n\n\n<p>Um diese satanische L\u00fcge zu durchschauen, ist es essentiell, sich eingehend mit dem Licht zu befassen. Und zwar speziell mit Ausbreitung von Licht oder einem Lichtstrahl, zum Beispiel einen Laserstrahl.<\/p>\n\n\n\n<figure class=\"wp-block-image size-large\"><img loading=\"lazy\" decoding=\"async\" width=\"1024\" height=\"314\" src=\"https:\/\/www.medianus.at\/bibel\/wp-content\/uploads\/2024\/08\/Electromagnetic_spectrum-1024x314.png\" alt=\"\" class=\"wp-image-1768\" srcset=\"https:\/\/www.medianus.at\/bibel\/wp-content\/uploads\/2024\/08\/Electromagnetic_spectrum-1024x314.png 1024w, https:\/\/www.medianus.at\/bibel\/wp-content\/uploads\/2024\/08\/Electromagnetic_spectrum-300x92.png 300w, https:\/\/www.medianus.at\/bibel\/wp-content\/uploads\/2024\/08\/Electromagnetic_spectrum-768x236.png 768w, https:\/\/www.medianus.at\/bibel\/wp-content\/uploads\/2024\/08\/Electromagnetic_spectrum.png 1200w\" sizes=\"(max-width: 709px) 85vw, (max-width: 909px) 67vw, (max-width: 1362px) 62vw, 840px\" \/><\/figure>\n\n\n\n<p>Es gibt eine Berufsgruppe, die das Licht in diesem Sinne verwendet, um zumeist Fl\u00e4chen zu vermessen. Es sind die Landvermesser, auch Geod\u00e4ten genannt. Geod\u00e4sie ist eine akademische Studienrichtung.<\/p>\n\n\n<div class=\"wp-block-image\">\n<figure class=\"alignright size-large is-resized\"><a href=\"https:\/\/de.wikipedia.org\/wiki\/Terrestrische_Refraktion\" target=\"_blank\" rel=\"noreferrer noopener\"><img loading=\"lazy\" decoding=\"async\" width=\"495\" height=\"317\" src=\"https:\/\/www.medianus.at\/bibel\/wp-content\/uploads\/2024\/08\/image.png\" alt=\"\" class=\"wp-image-1780\" style=\"width:304px;height:auto\" srcset=\"https:\/\/www.medianus.at\/bibel\/wp-content\/uploads\/2024\/08\/image.png 495w, https:\/\/www.medianus.at\/bibel\/wp-content\/uploads\/2024\/08\/image-300x192.png 300w\" sizes=\"(max-width: 495px) 85vw, 495px\" \/><\/a><figcaption class=\"wp-element-caption\">Zum Artikel Bild anklicken<\/figcaption><\/figure><\/div>\n\n\n<p>Im Gegensatz zum Laien, wei\u00df jeder Geod\u00e4t \u00fcber den gebogenen Lichtstrahl Bescheid.<\/p>\n\n\n\n<p>Er lernt \u00fcber die Reduktion der Refraktion, welche die Beugung des Lichtes angeblich erzeugt. Nur wenige Geod\u00e4ten hinterfragen diese Refraktion genauer. Das Studium der Geod\u00e4sie ist derart komplex und die Reduktion von Messfehlern durch verschiedenste Methoden wird in ihrer Gesamtheit nahezu undurchschaubar f\u00fcr den Studierenden, sodass ein kritischer Geist schon im ersten Semester das Handtuch wirft.<\/p>\n\n\n\n<p>Hier zum \u00dcberblick eine <a href=\"https:\/\/www.medianus.at\/bibel\/wp-content\/uploads\/2024\/08\/Zusammenfassung-Geodaetische-Messtechnik-Daniel-Ehrbar.pdf\" target=\"_blank\" rel=\"noreferrer noopener\">Kurzzusammenstellung<\/a> der Geod\u00e4sie.<\/p>\n\n\n\n<p>Die Refraktion selbst ist nat\u00fcrlich existent. Luftspiegelungen erzeugen sogar sogenannte &#8222;Fata Morgana&#8220;. Allerdings sind die in der Geod\u00e4sie gelehrten 13% des Erdradius, als durchnittliche Refraktion nur korrekt, wenn man die konvexe Erdoberfl\u00e4che als Basiswert annimmt.<\/p>\n\n\n\n<p>Genau da beginnt die Verdrehung der Wahrheit, wie bei allen Hoaxes, auch satanische L\u00fcgen genannt.<\/p>\n\n\n\n<h2 class=\"wp-block-heading\">Konkave Oberfl\u00e4che<\/h2>\n\n\n\n<p>Der Geod\u00e4t Ulysses Grant Morrow hat vor \u00fcber 100 Jahren ein Experiment durchgef\u00fchrt. Er hat damals die konkave Oberfl\u00e4che der Erde bewiesen.<\/p>\n\n\n\n<p>Nachfolgend ein gut gemachtes Video \u00fcber das Experiment. <\/p>\n\n\n\n<figure class=\"wp-block-embed is-type-video is-provider-youtube wp-block-embed-youtube wp-embed-aspect-16-9 wp-has-aspect-ratio\"><div class=\"wp-block-embed__wrapper\">\n<iframe loading=\"lazy\" title=\"A LINE HAS BEEN DRAWN!   The Rectilineator Documentary GERMAN\" width=\"840\" height=\"473\" src=\"https:\/\/www.youtube.com\/embed\/QKVkrGPLJI0?feature=oembed\" frameborder=\"0\" allow=\"accelerometer; autoplay; clipboard-write; encrypted-media; gyroscope; picture-in-picture; web-share\" referrerpolicy=\"strict-origin-when-cross-origin\" allowfullscreen><\/iframe>\n<\/div><\/figure>\n\n\n\n<p>Das Video ist zwar gut gemacht, aber durch diese Gemeinschaft kann kein erneutes Experiment gelingen. Dies zeigt schon die im Video angeregte Auswechslung des Holzes vom Versuchsaufbau. Aluminium ist in keinster Weise dazu geeignet, weil es sich bei Temperatur\u00e4nderungen stark verformt.<\/p>\n\n\n\n<h2 class=\"wp-block-heading\">Flache Erde<\/h2>\n\n\n<div class=\"wp-block-image\">\n<figure class=\"alignright size-full\"><img loading=\"lazy\" decoding=\"async\" width=\"330\" height=\"330\" src=\"https:\/\/www.medianus.at\/bibel\/wp-content\/uploads\/2024\/08\/image-3-2.png\" alt=\"\" class=\"wp-image-1824\" srcset=\"https:\/\/www.medianus.at\/bibel\/wp-content\/uploads\/2024\/08\/image-3-2.png 330w, https:\/\/www.medianus.at\/bibel\/wp-content\/uploads\/2024\/08\/image-3-2-300x300.png 300w, https:\/\/www.medianus.at\/bibel\/wp-content\/uploads\/2024\/08\/image-3-2-150x150.png 150w\" sizes=\"(max-width: 330px) 85vw, 330px\" \/><\/figure><\/div>\n\n\n<p>F\u00fcr unseren Sehsinn ist die Erdoberfl\u00e4che deshalb flach, weil die Kr\u00fcmmung des Lichts und der Erdradius \u00e4hnlich sind. Dadurch entsteht f\u00fcr unser Auge eine ebene Fl\u00e4che.<\/p>\n\n\n\n<p>Darum glaubten auch gebildete Menschen noch bis ins 19. Jahrhundert, die Erde sei flach.<\/p>\n\n\n\n<p>Widerlegt wurde die Theorie der flachen Erde durch eine <a href=\"https:\/\/de.wikipedia.org\/wiki\/Fabian_Gottlieb_von_Bellingshausen\" target=\"_blank\" rel=\"noreferrer noopener\">russische Expedition<\/a> im Jahr 1820.<\/p>\n\n\n<div class=\"wp-block-image\">\n<figure class=\"alignleft size-large\"><img loading=\"lazy\" decoding=\"async\" width=\"330\" height=\"408\" src=\"https:\/\/www.medianus.at\/bibel\/wp-content\/uploads\/2024\/08\/image-2.png\" alt=\"\" class=\"wp-image-1782\" srcset=\"https:\/\/www.medianus.at\/bibel\/wp-content\/uploads\/2024\/08\/image-2.png 330w, https:\/\/www.medianus.at\/bibel\/wp-content\/uploads\/2024\/08\/image-2-243x300.png 243w\" sizes=\"(max-width: 330px) 85vw, 330px\" \/><\/figure><\/div>\n\n\n<p>Die Schiffe umsegelten die Antarktis. W\u00e4re die Erde flach, h\u00e4tten die Schiffe der Expedition mehr als die dreifache Zeit daf\u00fcr ben\u00f6tigt.<\/p>\n\n\n\n<p>Der Grund, warum heute wieder viele an diese Theorie glauben, liegt wohl an der Verbotspolitik in Bezug auf die Antarktis durch die Eliten. Wahrscheinlich wollen sie damit auch vom wahren Weltbild ablenken.<\/p>\n\n\n\n<p>Allerdings ist es \u00fcberhaupt nicht notwendig, die Antarktis zu betreten, um die Theorie der flachen Erde zu beweisen oder zu widerlegen. Es gen\u00fcgt eine moderne Umrundung der Antarktis.<\/p>\n\n\n\n<p>Mit einem Flugzeug die Antarktis zu umrunden, w\u00e4re heutzutage keine gro\u00dfe Sache. W\u00fcrde dabei die K\u00fcste mit Livekameras beobachtet, k\u00f6nnte alle Welt via Livestream auf Youtube, Rumble, dLive, ect. mitfliegen. Anhand der Zeit (ca. 19.000 Flugkilometer), w\u00e4re diese Theorie endg\u00fcltig widerlegt oder bewiesen.<br>Flacherde: (ca. 85.000 Flugkilometer)<\/p>\n\n\n\n<p>Ein Tankstop ist auch n\u00f6tig, wenn die Erde nicht flach ist. Ganz \u00e4hnlich, wie f\u00fcr die Segelschiffe im Jahr 1820 w\u00e4re Australien und Argentinien f\u00fcr Start und Landung geeignet.<\/p>\n\n\n\n<figure class=\"wp-block-image size-large\"><a href=\"https:\/\/www-antarcticaflights-com-au.translate.goog\/-\/media\/antarctica-flights-responsive-website\/scenic-old-sizes\/ant-flight-2016-157-ch2-1915-kit-haselden-ant-cc-web-2400x1350.jpg?w=100%25&amp;la=en-US\" target=\"_blank\" rel=\"noreferrer noopener\"><img decoding=\"async\" src=\"https:\/\/www-antarcticaflights-com-au.translate.goog\/-\/media\/antarctica-flights-responsive-website\/scenic-old-sizes\/ant-flight-2016-157-ch2-1915-kit-haselden-ant-cc-web-2400x1350.jpg?w=100%25&amp;la=en-US\" alt=\"\"\/><\/a><\/figure>\n\n\n\n<p><a href=\"https:\/\/www-antarcticaflights-com-au.translate.goog\/the-worlds-most-unique-scenic-flight?_x_tr_sl=en&amp;_x_tr_tl=de&amp;_x_tr_hl=de&amp;_x_tr_pto=rq\" target=\"_blank\" rel=\"noreferrer noopener\">Quantas Airline<\/a> macht seit 30 Jahren Fl\u00fcge zur Antarktis. Es w\u00e4re lediglich eine Frage der Organisation, dort einen Sonderflug zu buchen, der die gesamte Antarktis umrundet.<\/p>\n\n\n\n<h2 class=\"wp-block-heading\">Experiment zum Nachmachen<\/h2>\n\n\n\n<p>Dieses Experiment kann sehr leicht von jedermann wiederholt werden. Man braucht dazu nur eine rote und eine blaue Lichtquelle. Zum Beispiel eine Taschenlampe mit Farbfilter.<\/p>\n\n\n\n<figure class=\"wp-block-image size-large\"><img loading=\"lazy\" decoding=\"async\" width=\"320\" height=\"31\" src=\"https:\/\/www.medianus.at\/bibel\/wp-content\/uploads\/2024\/08\/image-1.png\" alt=\"\" class=\"wp-image-1781\" srcset=\"https:\/\/www.medianus.at\/bibel\/wp-content\/uploads\/2024\/08\/image-1.png 320w, https:\/\/www.medianus.at\/bibel\/wp-content\/uploads\/2024\/08\/image-1-300x29.png 300w\" sizes=\"(max-width: 320px) 85vw, 320px\" \/><figcaption class=\"wp-element-caption\">Aus der Entfernung gesehen verschwindet blaues Licht neben rotem.<\/figcaption><\/figure>\n\n\n\n<p>Zwei beieinander stehende Lichtquellen verschwimmen schon nach 2 Kilometer ineinander.<\/p>\n\n\n\n<p>Der Kr\u00fcmmungsradius des Lichts ist je nach Farbe etwas kleiner oder gr\u00f6\u00dfer. Rotes Licht hat den gr\u00f6\u00dften Radius, darum sehen wir beim Auf- und Untergang der Sonne eine Rotf\u00e4rbung, wenn das Wetter es zul\u00e4sst.<\/p>\n\n\n\n<h2 class=\"wp-block-heading\">Unendliche Weiten<\/h2>\n\n\n\n<p>Der Kr\u00fcmmungsradius von sichtbarem Licht liegt irgendwo bei 4000 bis 5000 Kilometer. Dadurch gibt es f\u00fcr unser Auge keine unendlichen Weiten. Alles was weiter entfernt ist, kann schlicht und einfach nicht gesehen werden, weil das Licht sich bereits um 180\u00b0 gewendet hat.<\/p>\n\n\n\n<p>Die Sonne verschwindet also nur aus dem Lichtradius, wenn es Nacht wird.<\/p>\n\n\n\n<p>Aus diesen Erkenntnissen ergeben sich nat\u00fcrlich jede Menge neue Fragen und auch Theorien. Ganz besonders in Bezug auf Zeit und Geschwindigkeit. Aber auch abnehmende Gr\u00f6\u00dfe, wenn man die Erdoberfl\u00e4che in Richtung Erdmittelpunkt verl\u00e4sst.<\/p>\n\n\n\n<p>Zuerst gehen wir kurz auf m\u00f6gliche Kritikpunkte ein. Da es bereits eine deutsche Seite dazu gibt, nur ein Verweis darauf. Hier der Link:<\/p>\n\n\n\n<p><a href=\"http:\/\/auf-zur-mitte.blogspot.com\/2015\/12\/und-die-erde-dreht-sich-doch-nicht.html\" target=\"_blank\" rel=\"noreferrer noopener\">Auf zur Mitte<\/a><\/p>\n\n\n\n<p>Der Inhaber dieser Seite hat seine Aktivit\u00e4ten schon vor geraumer Zeit auf &#8222;facebook&#8220; verlagert. <a href=\"https:\/\/www.facebook.com\/groups\/cellular.cosmology\" target=\"_blank\" rel=\"noreferrer noopener\">Hier der Link dorthin<\/a>.<\/p>\n\n\n\n<p>Die Ersten, die im deutschen Sprachraum das Innenweltbild ins Internet gestellt haben:<br><a href=\"http:\/\/www.rolf-keppler.de\" target=\"_blank\" rel=\"noreferrer noopener\">http:\/\/www.rolf-keppler.de<\/a><br><a href=\"http:\/\/www.langw.de\/\" target=\"_blank\" rel=\"noreferrer noopener\">http:\/\/www.langw.de\/<\/a><\/p>\n\n\n\n<h2 class=\"wp-block-heading\">Lichtgeschwindigkeit<\/h2>\n\n\n\n<p>Licht hat an der Erdoberfl\u00e4che eine Geschwindigkeit von 300\u202f000 km\/s. Ob und um wieviel diese Geschwindigkeit abnimmt, je weiter man sich von der Oberfl\u00e4che entfernt, ist nicht erforscht. Zumindest nicht \u00f6ffentlich bekannt.<\/p>\n\n\n\n<p>Wenn die Innenwelttheorie der Wahrheit entspricht, dann muss diese Geschwindigkeit zwangsl\u00e4ufig abnehmen. Allerdings sind wir bereits tief im Bereich der Spekulation.<\/p>\n\n\n\n<p>Auf dieser spekulativen Ebene ist es sinnvoller alte Schriften, wie die Bibel mit einzubeziehen, um der Wahrheit n\u00e4her zu kommen.<\/p>\n\n\n\n<p>Und die Bibel spricht an mehreren Stellen, dass die Zeit im Himmel viel langsamer vergeht, als auf der Erdoberfl\u00e4che. Betrachtet man den Sternenhimmel im Sinne des Innenweltbildes, dann erscheint es auch logisch, dass nicht nur die Zeit, sondern auch die Gr\u00f6\u00dfenverh\u00e4ltnisse mit der Verlangsamung der Zeit abnehmen.<\/p>\n\n\n\n<h2 class=\"wp-block-heading\">Das dreist\u00f6ckige Weltall der Bibel<\/h2>\n\n\n\n<p><a href=\"https:\/\/www.amazon.de\/dp\/3903139521\" target=\"_blank\" rel=\"noreferrer noopener\">Das dreist\u00f6ckige Weltall der Bibel<\/a> ist ein Buch, das sich mit dem Weltbild der Bibel befasst. Das Innenweltbild ist das einzige Weltbild, das mit dem biblischen Weltbild in Einklang zu bringen ist.<\/p>\n\n\n\n<p>Damit ist es auch das einzige Weltbild f\u00fcr bibeltreue Christen.<\/p>\n\n\n\n<h2 class=\"wp-block-heading\">Au\u00dferirdische Wesen<\/h2>\n\n\n\n<p>Wie schon am Anfang erw\u00e4hnt, zeugen zahlreiche Berichte \u00fcber au\u00dferirdische Wesen davon, dass diese die Erde auch als Planeten betrachten und von sich behaupten, sie w\u00e4ren von dieser oder jener Galaxie im unendlichen Weltraum.<\/p>\n\n\n\n<p>Wenn diese Berichte stimmig sind, dann bedeutet dies folgendes:<\/p>\n\n\n\n<ol class=\"wp-block-list\">\n<li>F\u00fcr Wesen des Himmels muss dieser Eindruck tats\u00e4chlich und \u00fcberzeugend so sein. Das hei\u00dft, der von der Sonne beleuchtete Teil der Erdoberfl\u00e4che sieht aus gro\u00dfer H\u00f6he aus, als sei es ein kleiner, unbedeutender Planet.<\/li>\n\n\n\n<li>Diese Wesen glauben zwar zum Teil an Gott dem Sch\u00f6pfer, doch diesen Hoax, den wohl <strong>Satan zuerst im Himmel verbreitet hat<\/strong>, auf diese satanische Verdrehung fallen auch diese Wesen herein.<\/li>\n\n\n\n<li>Offensichtlich sind die Wesen des inneren Himmels und einige Menschen auf der Erde die einzigen, die nicht Opfer dieses Hoaxes sind.<\/li>\n\n\n\n<li>Es gibt auch Berichte von Wesen, die auf der Au\u00dfenseite der Erde wohnen. Auch diese Wesen berichten, dass sie im Erdinneren wohnen.<\/li>\n\n\n\n<li>Schlie\u00dft man all dies in sein Gedankengeb\u00e4ude mit ein, dann k\u00f6nnen schnell Zweifel an der Innenwelttheorie entstehen.<\/li>\n\n\n\n<li>Man sollte solche Zweifel nicht verdr\u00e4ngen. Lasst es einfach so stehen. Beten wir lieber f\u00fcr die uns wohlgesonnenen Himmelswesen, damit sie mit Gott und seinen Kindern auf der Erde in Harmonie kommen. Sobald unser Sch\u00f6pfer es f\u00fcr angebracht h\u00e4lt, wird er uns und diesen Wesen die volle Wahrheit mitteilen.<\/li>\n<\/ol>\n\n\n\n<h2 class=\"wp-block-heading\">Wiederholung<\/h2>\n\n\n\n<p>Weil es so wichtig ist:<\/p>\n\n\n\n<p><strong>Dieser Hoax ist die Mutter aller Hoaxes, weil lange vor den Menschen, die Engel im Himmel damit get\u00e4uscht wurden.<\/strong><\/p>\n","protected":false},"excerpt":{"rendered":"<p>Ein Hoax war fr\u00fcher ein Jux in der deutschen Sprache. Heute wird es mit &#8222;Falschmeldung&#8220; \u00fcbersetzt. Wir benutzen das Wort, weil satanische L\u00fcgen immer auf wahren Informationen aufbauen und dann geschickt verdreht werden. Das Ergebnis ist dann ein Hoax, wie er von aufgewachten Menschen heutzutage verstanden wird. Inzwischen gibt es derart viele Hoaxes, dass wir &hellip; <a href=\"https:\/\/www.medianus.at\/bibel\/hoaxes\/\" class=\"more-link\"><span class=\"screen-reader-text\">&#8222;Hoaxes&#8220; <\/span>weiterlesen<\/a><\/p>\n","protected":false},"author":1,"featured_media":0,"parent":0,"menu_order":0,"comment_status":"closed","ping_status":"closed","template":"","meta":{"footnotes":""},"class_list":["post-1766","page","type-page","status-publish","hentry"],"yoast_head":"<!-- This site is optimized with the Yoast SEO plugin v22.9 - https:\/\/yoast.com\/wordpress\/plugins\/seo\/ -->\n<title>Hoaxes - Die Mutter aller Hoaxes<\/title>\n<meta name=\"description\" content=\"Es ist die Mutter aller Hoaxes, weil lange vor den Menschen, die Engel im Himmel durch Lucifer damit get\u00e4uscht wurden.\" \/>\n<meta name=\"robots\" content=\"index, follow, max-snippet:-1, max-image-preview:large, max-video-preview:-1\" \/>\n<link rel=\"canonical\" href=\"https:\/\/www.medianus.at\/bibel\/hoaxes\/\" \/>\n<meta property=\"og:locale\" content=\"de_DE\" \/>\n<meta property=\"og:type\" content=\"article\" \/>\n<meta property=\"og:title\" content=\"Hoaxes - Die Mutter aller Hoaxes\" \/>\n<meta property=\"og:description\" content=\"Es ist die Mutter aller Hoaxes, weil lange vor den Menschen, die Engel im Himmel durch Lucifer damit get\u00e4uscht wurden.\" \/>\n<meta property=\"og:url\" content=\"https:\/\/www.medianus.at\/bibel\/hoaxes\/\" \/>\n<meta property=\"og:site_name\" content=\"Medianus\" \/>\n<meta property=\"article:modified_time\" content=\"2024-09-02T08:00:18+00:00\" \/>\n<meta property=\"og:image\" content=\"https:\/\/www.medianus.at\/bibel\/wp-content\/uploads\/2024\/08\/Electromagnetic_spectrum-1024x314.png\" \/>\n<meta name=\"twitter:card\" content=\"summary_large_image\" \/>\n<meta name=\"twitter:label1\" content=\"Gesch\u00e4tzte Lesezeit\" \/>\n\t<meta name=\"twitter:data1\" content=\"9\u00a0Minuten\" \/>\n<script type=\"application\/ld+json\" class=\"yoast-schema-graph\">{\"@context\":\"https:\/\/schema.org\",\"@graph\":[{\"@type\":\"WebPage\",\"@id\":\"https:\/\/www.medianus.at\/bibel\/hoaxes\/\",\"url\":\"https:\/\/www.medianus.at\/bibel\/hoaxes\/\",\"name\":\"Hoaxes - Die Mutter aller Hoaxes\",\"isPartOf\":{\"@id\":\"https:\/\/www.medianus.at\/bibel\/#website\"},\"primaryImageOfPage\":{\"@id\":\"https:\/\/www.medianus.at\/bibel\/hoaxes\/#primaryimage\"},\"image\":{\"@id\":\"https:\/\/www.medianus.at\/bibel\/hoaxes\/#primaryimage\"},\"thumbnailUrl\":\"https:\/\/www.medianus.at\/bibel\/wp-content\/uploads\/2024\/08\/Electromagnetic_spectrum-1024x314.png\",\"datePublished\":\"2024-08-12T17:58:04+00:00\",\"dateModified\":\"2024-09-02T08:00:18+00:00\",\"description\":\"Es ist die Mutter aller Hoaxes, weil lange vor den Menschen, die Engel im Himmel durch Lucifer damit get\u00e4uscht wurden.\",\"breadcrumb\":{\"@id\":\"https:\/\/www.medianus.at\/bibel\/hoaxes\/#breadcrumb\"},\"inLanguage\":\"de\",\"potentialAction\":[{\"@type\":\"ReadAction\",\"target\":[\"https:\/\/www.medianus.at\/bibel\/hoaxes\/\"]}]},{\"@type\":\"ImageObject\",\"inLanguage\":\"de\",\"@id\":\"https:\/\/www.medianus.at\/bibel\/hoaxes\/#primaryimage\",\"url\":\"https:\/\/www.medianus.at\/bibel\/wp-content\/uploads\/2024\/08\/Electromagnetic_spectrum.png\",\"contentUrl\":\"https:\/\/www.medianus.at\/bibel\/wp-content\/uploads\/2024\/08\/Electromagnetic_spectrum.png\",\"width\":1200,\"height\":368},{\"@type\":\"BreadcrumbList\",\"@id\":\"https:\/\/www.medianus.at\/bibel\/hoaxes\/#breadcrumb\",\"itemListElement\":[{\"@type\":\"ListItem\",\"position\":1,\"name\":\"Startseite\",\"item\":\"https:\/\/www.medianus.at\/bibel\/\"},{\"@type\":\"ListItem\",\"position\":2,\"name\":\"Hoaxes\"}]},{\"@type\":\"WebSite\",\"@id\":\"https:\/\/www.medianus.at\/bibel\/#website\",\"url\":\"https:\/\/www.medianus.at\/bibel\/\",\"name\":\"Medianus\",\"description\":\"Endzeitbewu\u00dftsein\",\"publisher\":{\"@id\":\"https:\/\/www.medianus.at\/bibel\/#\/schema\/person\/9813ce5b369f8452dc40ce133ead17a7\"},\"potentialAction\":[{\"@type\":\"SearchAction\",\"target\":{\"@type\":\"EntryPoint\",\"urlTemplate\":\"https:\/\/www.medianus.at\/bibel\/?s={search_term_string}\"},\"query-input\":\"required name=search_term_string\"}],\"inLanguage\":\"de\"},{\"@type\":[\"Person\",\"Organization\"],\"@id\":\"https:\/\/www.medianus.at\/bibel\/#\/schema\/person\/9813ce5b369f8452dc40ce133ead17a7\",\"name\":\"Walter Panhuber\",\"image\":{\"@type\":\"ImageObject\",\"inLanguage\":\"de\",\"@id\":\"https:\/\/www.medianus.at\/bibel\/#\/schema\/person\/image\/\",\"url\":\"https:\/\/secure.gravatar.com\/avatar\/ff8326d54d16e623f9e2aeb12289ecab?s=96&d=mm&r=g\",\"contentUrl\":\"https:\/\/secure.gravatar.com\/avatar\/ff8326d54d16e623f9e2aeb12289ecab?s=96&d=mm&r=g\",\"caption\":\"Walter Panhuber\"},\"logo\":{\"@id\":\"https:\/\/www.medianus.at\/bibel\/#\/schema\/person\/image\/\"}}]}<\/script>\n<!-- \/ Yoast SEO plugin. -->","yoast_head_json":{"title":"Hoaxes - Die Mutter aller Hoaxes","description":"Es ist die Mutter aller Hoaxes, weil lange vor den Menschen, die Engel im Himmel durch Lucifer damit get\u00e4uscht wurden.","robots":{"index":"index","follow":"follow","max-snippet":"max-snippet:-1","max-image-preview":"max-image-preview:large","max-video-preview":"max-video-preview:-1"},"canonical":"https:\/\/www.medianus.at\/bibel\/hoaxes\/","og_locale":"de_DE","og_type":"article","og_title":"Hoaxes - Die Mutter aller Hoaxes","og_description":"Es ist die Mutter aller Hoaxes, weil lange vor den Menschen, die Engel im Himmel durch Lucifer damit get\u00e4uscht wurden.","og_url":"https:\/\/www.medianus.at\/bibel\/hoaxes\/","og_site_name":"Medianus","article_modified_time":"2024-09-02T08:00:18+00:00","og_image":[{"url":"https:\/\/www.medianus.at\/bibel\/wp-content\/uploads\/2024\/08\/Electromagnetic_spectrum-1024x314.png"}],"twitter_card":"summary_large_image","twitter_misc":{"Gesch\u00e4tzte Lesezeit":"9\u00a0Minuten"},"schema":{"@context":"https:\/\/schema.org","@graph":[{"@type":"WebPage","@id":"https:\/\/www.medianus.at\/bibel\/hoaxes\/","url":"https:\/\/www.medianus.at\/bibel\/hoaxes\/","name":"Hoaxes - Die Mutter aller Hoaxes","isPartOf":{"@id":"https:\/\/www.medianus.at\/bibel\/#website"},"primaryImageOfPage":{"@id":"https:\/\/www.medianus.at\/bibel\/hoaxes\/#primaryimage"},"image":{"@id":"https:\/\/www.medianus.at\/bibel\/hoaxes\/#primaryimage"},"thumbnailUrl":"https:\/\/www.medianus.at\/bibel\/wp-content\/uploads\/2024\/08\/Electromagnetic_spectrum-1024x314.png","datePublished":"2024-08-12T17:58:04+00:00","dateModified":"2024-09-02T08:00:18+00:00","description":"Es ist die Mutter aller Hoaxes, weil lange vor den Menschen, die Engel im Himmel durch Lucifer damit get\u00e4uscht wurden.","breadcrumb":{"@id":"https:\/\/www.medianus.at\/bibel\/hoaxes\/#breadcrumb"},"inLanguage":"de","potentialAction":[{"@type":"ReadAction","target":["https:\/\/www.medianus.at\/bibel\/hoaxes\/"]}]},{"@type":"ImageObject","inLanguage":"de","@id":"https:\/\/www.medianus.at\/bibel\/hoaxes\/#primaryimage","url":"https:\/\/www.medianus.at\/bibel\/wp-content\/uploads\/2024\/08\/Electromagnetic_spectrum.png","contentUrl":"https:\/\/www.medianus.at\/bibel\/wp-content\/uploads\/2024\/08\/Electromagnetic_spectrum.png","width":1200,"height":368},{"@type":"BreadcrumbList","@id":"https:\/\/www.medianus.at\/bibel\/hoaxes\/#breadcrumb","itemListElement":[{"@type":"ListItem","position":1,"name":"Startseite","item":"https:\/\/www.medianus.at\/bibel\/"},{"@type":"ListItem","position":2,"name":"Hoaxes"}]},{"@type":"WebSite","@id":"https:\/\/www.medianus.at\/bibel\/#website","url":"https:\/\/www.medianus.at\/bibel\/","name":"Medianus","description":"Endzeitbewu\u00dftsein","publisher":{"@id":"https:\/\/www.medianus.at\/bibel\/#\/schema\/person\/9813ce5b369f8452dc40ce133ead17a7"},"potentialAction":[{"@type":"SearchAction","target":{"@type":"EntryPoint","urlTemplate":"https:\/\/www.medianus.at\/bibel\/?s={search_term_string}"},"query-input":"required name=search_term_string"}],"inLanguage":"de"},{"@type":["Person","Organization"],"@id":"https:\/\/www.medianus.at\/bibel\/#\/schema\/person\/9813ce5b369f8452dc40ce133ead17a7","name":"Walter Panhuber","image":{"@type":"ImageObject","inLanguage":"de","@id":"https:\/\/www.medianus.at\/bibel\/#\/schema\/person\/image\/","url":"https:\/\/secure.gravatar.com\/avatar\/ff8326d54d16e623f9e2aeb12289ecab?s=96&d=mm&r=g","contentUrl":"https:\/\/secure.gravatar.com\/avatar\/ff8326d54d16e623f9e2aeb12289ecab?s=96&d=mm&r=g","caption":"Walter Panhuber"},"logo":{"@id":"https:\/\/www.medianus.at\/bibel\/#\/schema\/person\/image\/"}}]}},"_links":{"self":[{"href":"https:\/\/www.medianus.at\/bibel\/wp-json\/wp\/v2\/pages\/1766"}],"collection":[{"href":"https:\/\/www.medianus.at\/bibel\/wp-json\/wp\/v2\/pages"}],"about":[{"href":"https:\/\/www.medianus.at\/bibel\/wp-json\/wp\/v2\/types\/page"}],"author":[{"embeddable":true,"href":"https:\/\/www.medianus.at\/bibel\/wp-json\/wp\/v2\/users\/1"}],"replies":[{"embeddable":true,"href":"https:\/\/www.medianus.at\/bibel\/wp-json\/wp\/v2\/comments?post=1766"}],"version-history":[{"count":41,"href":"https:\/\/www.medianus.at\/bibel\/wp-json\/wp\/v2\/pages\/1766\/revisions"}],"predecessor-version":[{"id":1847,"href":"https:\/\/www.medianus.at\/bibel\/wp-json\/wp\/v2\/pages\/1766\/revisions\/1847"}],"wp:attachment":[{"href":"https:\/\/www.medianus.at\/bibel\/wp-json\/wp\/v2\/media?parent=1766"}],"curies":[{"name":"wp","href":"https:\/\/api.w.org\/{rel}","templated":true}]}}