{"id":1756,"date":"2024-08-12T10:28:06","date_gmt":"2024-08-12T08:28:06","guid":{"rendered":"https:\/\/www.medianus.at\/bibel\/?page_id=1756"},"modified":"2026-03-16T00:16:24","modified_gmt":"2026-03-15T23:16:24","slug":"endzeitbewusstsein-und-die-bibel","status":"publish","type":"page","link":"https:\/\/www.medianus.at\/bibel\/endzeitbewusstsein-und-die-bibel\/","title":{"rendered":"Endzeitbewu\u00dftsein und die Bibel"},"content":{"rendered":"\n<p>Neue Zeit, neue <a href=\"https:\/\/www.medianus.at\/bibel\/\">Bibel<\/a>.<\/p>\n","protected":false},"excerpt":{"rendered":"<p>Neue Zeit, neue Bibel.<\/p>\n","protected":false},"author":1,"featured_media":0,"parent":0,"menu_order":0,"comment_status":"closed","ping_status":"closed","template":"","meta":{"footnotes":""},"class_list":["post-1756","page","type-page","status-publish","hentry"],"yoast_head":"<!-- This site is optimized with the Yoast SEO plugin v22.9 - https:\/\/yoast.com\/wordpress\/plugins\/seo\/ -->\n<title>Endzeitbewu\u00dftsein und die Bibel<\/title>\n<meta name=\"description\" content=\"Ohne ein pers\u00f6nliches Verh\u00e4ltnis zu Gott und der Bibel ist ein Aufwachprozess schwierig. Hohe Schwingung im Endzeitbewu\u00dftsein ist das Ziel.\" \/>\n<meta name=\"robots\" content=\"index, follow, max-snippet:-1, max-image-preview:large, max-video-preview:-1\" \/>\n<link rel=\"canonical\" href=\"https:\/\/www.medianus.at\/bibel\/endzeitbewusstsein-und-die-bibel\/\" \/>\n<meta property=\"og:locale\" content=\"de_DE\" \/>\n<meta property=\"og:type\" content=\"article\" \/>\n<meta property=\"og:title\" content=\"Endzeitbewu\u00dftsein und die Bibel\" \/>\n<meta property=\"og:description\" content=\"Ohne ein pers\u00f6nliches Verh\u00e4ltnis zu Gott und der Bibel ist ein Aufwachprozess schwierig. Hohe Schwingung im Endzeitbewu\u00dftsein ist das Ziel.\" \/>\n<meta property=\"og:url\" content=\"https:\/\/www.medianus.at\/bibel\/endzeitbewusstsein-und-die-bibel\/\" \/>\n<meta property=\"og:site_name\" content=\"Medianus\" \/>\n<meta property=\"article:modified_time\" content=\"2026-03-15T23:16:24+00:00\" \/>\n<meta name=\"twitter:card\" content=\"summary_large_image\" \/>\n<meta name=\"twitter:label1\" content=\"Gesch\u00e4tzte Lesezeit\" \/>\n\t<meta name=\"twitter:data1\" content=\"1\u00a0Minute\" \/>\n<script type=\"application\/ld+json\" class=\"yoast-schema-graph\">{\"@context\":\"https:\/\/schema.org\",\"@graph\":[{\"@type\":\"WebPage\",\"@id\":\"https:\/\/www.medianus.at\/bibel\/endzeitbewusstsein-und-die-bibel\/\",\"url\":\"https:\/\/www.medianus.at\/bibel\/endzeitbewusstsein-und-die-bibel\/\",\"name\":\"Endzeitbewu\u00dftsein und die Bibel\",\"isPartOf\":{\"@id\":\"https:\/\/www.medianus.at\/bibel\/#website\"},\"datePublished\":\"2024-08-12T08:28:06+00:00\",\"dateModified\":\"2026-03-15T23:16:24+00:00\",\"description\":\"Ohne ein pers\u00f6nliches Verh\u00e4ltnis zu Gott und der Bibel ist ein Aufwachprozess schwierig. Hohe Schwingung im Endzeitbewu\u00dftsein ist das Ziel.\",\"breadcrumb\":{\"@id\":\"https:\/\/www.medianus.at\/bibel\/endzeitbewusstsein-und-die-bibel\/#breadcrumb\"},\"inLanguage\":\"de\",\"potentialAction\":[{\"@type\":\"ReadAction\",\"target\":[\"https:\/\/www.medianus.at\/bibel\/endzeitbewusstsein-und-die-bibel\/\"]}]},{\"@type\":\"BreadcrumbList\",\"@id\":\"https:\/\/www.medianus.at\/bibel\/endzeitbewusstsein-und-die-bibel\/#breadcrumb\",\"itemListElement\":[{\"@type\":\"ListItem\",\"position\":1,\"name\":\"Startseite\",\"item\":\"https:\/\/www.medianus.at\/bibel\/\"},{\"@type\":\"ListItem\",\"position\":2,\"name\":\"Endzeitbewu\u00dftsein und die Bibel\"}]},{\"@type\":\"WebSite\",\"@id\":\"https:\/\/www.medianus.at\/bibel\/#website\",\"url\":\"https:\/\/www.medianus.at\/bibel\/\",\"name\":\"Medianus\",\"description\":\"Endzeitbewu\u00dftsein\",\"publisher\":{\"@id\":\"https:\/\/www.medianus.at\/bibel\/#\/schema\/person\/9813ce5b369f8452dc40ce133ead17a7\"},\"potentialAction\":[{\"@type\":\"SearchAction\",\"target\":{\"@type\":\"EntryPoint\",\"urlTemplate\":\"https:\/\/www.medianus.at\/bibel\/?s={search_term_string}\"},\"query-input\":\"required name=search_term_string\"}],\"inLanguage\":\"de\"},{\"@type\":[\"Person\",\"Organization\"],\"@id\":\"https:\/\/www.medianus.at\/bibel\/#\/schema\/person\/9813ce5b369f8452dc40ce133ead17a7\",\"name\":\"Walter Panhuber\",\"image\":{\"@type\":\"ImageObject\",\"inLanguage\":\"de\",\"@id\":\"https:\/\/www.medianus.at\/bibel\/#\/schema\/person\/image\/\",\"url\":\"https:\/\/secure.gravatar.com\/avatar\/ff8326d54d16e623f9e2aeb12289ecab?s=96&d=mm&r=g\",\"contentUrl\":\"https:\/\/secure.gravatar.com\/avatar\/ff8326d54d16e623f9e2aeb12289ecab?s=96&d=mm&r=g\",\"caption\":\"Walter Panhuber\"},\"logo\":{\"@id\":\"https:\/\/www.medianus.at\/bibel\/#\/schema\/person\/image\/\"}}]}<\/script>\n<!-- \/ Yoast SEO plugin. -->","yoast_head_json":{"title":"Endzeitbewu\u00dftsein und die Bibel","description":"Ohne ein pers\u00f6nliches Verh\u00e4ltnis zu Gott und der Bibel ist ein Aufwachprozess schwierig. Hohe Schwingung im Endzeitbewu\u00dftsein ist das Ziel.","robots":{"index":"index","follow":"follow","max-snippet":"max-snippet:-1","max-image-preview":"max-image-preview:large","max-video-preview":"max-video-preview:-1"},"canonical":"https:\/\/www.medianus.at\/bibel\/endzeitbewusstsein-und-die-bibel\/","og_locale":"de_DE","og_type":"article","og_title":"Endzeitbewu\u00dftsein und die Bibel","og_description":"Ohne ein pers\u00f6nliches Verh\u00e4ltnis zu Gott und der Bibel ist ein Aufwachprozess schwierig. Hohe Schwingung im Endzeitbewu\u00dftsein ist das Ziel.","og_url":"https:\/\/www.medianus.at\/bibel\/endzeitbewusstsein-und-die-bibel\/","og_site_name":"Medianus","article_modified_time":"2026-03-15T23:16:24+00:00","twitter_card":"summary_large_image","twitter_misc":{"Gesch\u00e4tzte Lesezeit":"1\u00a0Minute"},"schema":{"@context":"https:\/\/schema.org","@graph":[{"@type":"WebPage","@id":"https:\/\/www.medianus.at\/bibel\/endzeitbewusstsein-und-die-bibel\/","url":"https:\/\/www.medianus.at\/bibel\/endzeitbewusstsein-und-die-bibel\/","name":"Endzeitbewu\u00dftsein und die Bibel","isPartOf":{"@id":"https:\/\/www.medianus.at\/bibel\/#website"},"datePublished":"2024-08-12T08:28:06+00:00","dateModified":"2026-03-15T23:16:24+00:00","description":"Ohne ein pers\u00f6nliches Verh\u00e4ltnis zu Gott und der Bibel ist ein Aufwachprozess schwierig. Hohe Schwingung im Endzeitbewu\u00dftsein ist das Ziel.","breadcrumb":{"@id":"https:\/\/www.medianus.at\/bibel\/endzeitbewusstsein-und-die-bibel\/#breadcrumb"},"inLanguage":"de","potentialAction":[{"@type":"ReadAction","target":["https:\/\/www.medianus.at\/bibel\/endzeitbewusstsein-und-die-bibel\/"]}]},{"@type":"BreadcrumbList","@id":"https:\/\/www.medianus.at\/bibel\/endzeitbewusstsein-und-die-bibel\/#breadcrumb","itemListElement":[{"@type":"ListItem","position":1,"name":"Startseite","item":"https:\/\/www.medianus.at\/bibel\/"},{"@type":"ListItem","position":2,"name":"Endzeitbewu\u00dftsein und die Bibel"}]},{"@type":"WebSite","@id":"https:\/\/www.medianus.at\/bibel\/#website","url":"https:\/\/www.medianus.at\/bibel\/","name":"Medianus","description":"Endzeitbewu\u00dftsein","publisher":{"@id":"https:\/\/www.medianus.at\/bibel\/#\/schema\/person\/9813ce5b369f8452dc40ce133ead17a7"},"potentialAction":[{"@type":"SearchAction","target":{"@type":"EntryPoint","urlTemplate":"https:\/\/www.medianus.at\/bibel\/?s={search_term_string}"},"query-input":"required name=search_term_string"}],"inLanguage":"de"},{"@type":["Person","Organization"],"@id":"https:\/\/www.medianus.at\/bibel\/#\/schema\/person\/9813ce5b369f8452dc40ce133ead17a7","name":"Walter Panhuber","image":{"@type":"ImageObject","inLanguage":"de","@id":"https:\/\/www.medianus.at\/bibel\/#\/schema\/person\/image\/","url":"https:\/\/secure.gravatar.com\/avatar\/ff8326d54d16e623f9e2aeb12289ecab?s=96&d=mm&r=g","contentUrl":"https:\/\/secure.gravatar.com\/avatar\/ff8326d54d16e623f9e2aeb12289ecab?s=96&d=mm&r=g","caption":"Walter Panhuber"},"logo":{"@id":"https:\/\/www.medianus.at\/bibel\/#\/schema\/person\/image\/"}}]}},"_links":{"self":[{"href":"https:\/\/www.medianus.at\/bibel\/wp-json\/wp\/v2\/pages\/1756"}],"collection":[{"href":"https:\/\/www.medianus.at\/bibel\/wp-json\/wp\/v2\/pages"}],"about":[{"href":"https:\/\/www.medianus.at\/bibel\/wp-json\/wp\/v2\/types\/page"}],"author":[{"embeddable":true,"href":"https:\/\/www.medianus.at\/bibel\/wp-json\/wp\/v2\/users\/1"}],"replies":[{"embeddable":true,"href":"https:\/\/www.medianus.at\/bibel\/wp-json\/wp\/v2\/comments?post=1756"}],"version-history":[{"count":12,"href":"https:\/\/www.medianus.at\/bibel\/wp-json\/wp\/v2\/pages\/1756\/revisions"}],"predecessor-version":[{"id":2376,"href":"https:\/\/www.medianus.at\/bibel\/wp-json\/wp\/v2\/pages\/1756\/revisions\/2376"}],"wp:attachment":[{"href":"https:\/\/www.medianus.at\/bibel\/wp-json\/wp\/v2\/media?parent=1756"}],"curies":[{"name":"wp","href":"https:\/\/api.w.org\/{rel}","templated":true}]}}