{"id":14,"date":"2020-03-29T11:36:18","date_gmt":"2020-03-29T09:36:18","guid":{"rendered":"https:\/\/www.medianus.at\/bibel\/?page_id=14"},"modified":"2024-02-17T15:55:28","modified_gmt":"2024-02-17T14:55:28","slug":"jahuwah-bibel","status":"publish","type":"page","link":"https:\/\/www.medianus.at\/bibel\/jahuwah-bibel\/","title":{"rendered":"JAHUWAH Bibel"},"content":{"rendered":"\n<div class=\"wp-block-group\"><div class=\"wp-block-group__inner-container is-layout-flow wp-block-group-is-layout-flow\">\n<p>In dieser Bibel wird f\u00fcr den Namen Gottes JAHUWAH verwendet. F\u00fcr den Messias, den Sohn Jahuwahs, wird sein Name JAHUSCHUAH verwendet, denn das sind die richtig ausgesprochenen Namen in der deutschen Sprache. &#8222;HERR&#8220; &#8222;Gott&#8220; &#8222;Elohim&#8220; &#8222;Adonai&#8220;, ect. sind keine Namen, es handelt sich dabei um Titel.<\/p>\n<p>Durch das h\u00e4ufige Vorkommen gew\u00f6hnt man sich rasch an die wahren Namen.<\/p>\n<p>Es ist wirklich erstaunlich, wie anders man sich gleich f\u00fchlt, wenn man die Bibel mit den richtigen g\u00f6ttlichen Namen liest. Alles dringt viel besser in unseren Geist vor.<\/p>\n<p>Genaue Info \u00fcber die wahren Namen:<a href=\"https:\/\/www.bibel-offenbarung.org\/der-name-jesus-christus.html\" target=\"_blank\" rel=\"noopener noreferrer\"> Link im Internet <\/a><\/p>\n<h4>Die BIBEL in gedruckter Form<\/h4>\n<p style=\"text-align: center;\"><a href=\"https:\/\/www.amazon.de\/dp\/1686981945\">Altes Testament Band 1<\/a><br>752 Seiten<br>INHALT<br><span style=\"font-size: small;\"><strong>Die F\u00fcnf B\u00fccher Mose<\/strong><br>1. Genesis, 2. Exodus, 3. Leviticus, 4. Numeris, 5. Deuteronomium<\/span><\/p>\n<p style=\"text-align: center;\"><span style=\"font-size: small;\"><strong> Die B\u00fccher der Geschichte des Volkes Israel<\/strong><br>Joschua, Richter, Rut, Samuel, K\u00f6nige, Chronik, Esra, Nehamia, Ester<\/span><\/p>\n<p style=\"text-align: center;\"><a href=\"https:\/\/www.amazon.de\/dp\/1686981945\"><img loading=\"lazy\" decoding=\"async\" class=\"aligncenter size-full wp-image-4758\" src=\"http:\/\/www.medianus.at\/wp-content\/uploads\/at1.png\" alt=\"\" width=\"100\" height=\"155\"><\/a><\/p>\n<pre style=\"text-align: center;\">Das Alte Testament besteht aus Band 1 und 2. Zusammen w\u00fcrde das Buch die von Amazon erlaubte H\u00f6chstseitenzahl \u00fcberschreiten.<\/pre>\n<p style=\"text-align: center;\"><a href=\"https:\/\/www.amazon.de\/dp\/1686992114\">Altes Testament Band 2<\/a><br>546 Seiten<br>INHALT<br><span style=\"font-size: small;\"><strong>Die B\u00fccher der Lehrweisheit und der Psalmen<\/strong><br>Hiob (Jiob), Psalmen, Spr\u00fcche, Prediger (Kohelet), Hoheslied<\/span><\/p>\n<p style=\"text-align: center;\"><span style=\"font-size: small;\"><strong> Die B\u00fccher der Propheten<\/strong><br>Jesaja, Jeremia, Klagelieder, Hesekiel (Ezechiel), Daniel, Hosea, Joel, Amos, Obadja, Jona, Micha, Nahum, Habakuk, Zephanja, Haggai, Sacharja, Meleachi<\/span><\/p>\n<p style=\"text-align: center;\"><a href=\"https:\/\/www.amazon.de\/dp\/1686992114\"><img loading=\"lazy\" decoding=\"async\" class=\"aligncenter size-full wp-image-4758\" src=\"http:\/\/www.medianus.at\/wp-content\/uploads\/at2.png\" alt=\"\" width=\"100\" height=\"155\"><\/a><\/p>\n<pre style=\"text-align: center;\">Diese B\u00fccher gibt es nur in gedruckter Form. Wir sollten auch auf eine Zeit ohne Computer vorbereitet sein.<\/pre>\n<p style=\"text-align: center;\"><a href=\"https:\/\/www.amazon.de\/dp\/1095138804\">Das Neue Testament<\/a><br>Neue Ausgabe 2021<br>508 Seiten<\/p>\n<p style=\"text-align: center;\"><a href=\"https:\/\/www.amazon.de\/BIBEL-Das-Neue-Testament-medianus\/dp\/1095138804\/ref=sr_1_2?__mk_de_DE=%C3%85M%C3%85%C5%BD%C3%95%C3%91&amp;dchild=1&amp;keywords=bibel+medianus&amp;qid=1612199870&amp;s=books&amp;sr=1-2\"><img loading=\"lazy\" decoding=\"async\" class=\"aligncenter wp-image-4758 size-full\" src=\"https:\/\/images-na.ssl-images-amazon.com\/images\/I\/41rcKLiH-cL._SX322_BO1,204,203,200_.jpg\" alt=\"\" width=\"100\" height=\"155\"><\/a><\/p>\n<p style=\"text-align: center;\">INHALT<\/p>\n<p><b>Augenzeugen vom Leben des Maschiach:<\/b> Petrus, Johannes (Evangelium, Briefe und Offenbarung), Jakobus, Judas<br><b>Synoptische Evangelien:<\/b> Matth\u00e4us, Lukas, Markus<br><b>Kanonische Schriften:<\/b> Apostelgeschichte, R\u00f6mer, Korinther, Galater, Epheser, Philipper, Kolosser, Thessalonicher, Timotheus, Titus, Philemon, Hebr\u00e4er<br><b>Apokryphe Schriften:<\/b> Petrus-, Thomas- und Maria-Evangelium, Jakobusbrief, Silvanus<\/p>\n<p>Durch diese Neuordnung wird der Kern des NEUEN BUNDES vorangestellt, dadurch wird die Relevanz gegen\u00fcber den anderen Schriften betont.<\/p>\n<h4>Was ist anders ?<\/h4>\n<p>Neben dem Namen Gottes gibt es nur weniges, das gegen\u00fcber herk\u00f6mmlichen Bibeln ge\u00e4ndert wurde.<\/p>\n<p>Ein Beispiel: (der Psalm 81,3)<br>Sto\u00dfet am Neumonde in die Posaune, am Vollmonde zum Tage unseres Festes!<br>Ein klarer \u00dcbersetzungsfehler. Ge\u00e4ndert auf:<br>Sto\u00dfet am Neumonde in die Posaune, am schwarzen Monde zum Tage unseres Festes!<\/p>\n<p>Das Neue Testament wurde 2021 dem Textus Receptus angepasst.<\/p>\n<p>Es erreichen uns immer wieder Vorschl\u00e4ge f\u00fcr Text\u00e4nderungen, aber oft sind diese nicht ausreichend begr\u00fcndet. Textstellen, die nachweislich verf\u00e4lscht wurden, haben wir schon ge\u00e4ndert. Sollten \u00e4ltere Abschriften auftauchen, werden wir den Text anpassen. F\u00fcr entsprechende Hinweise sind wir dankbar.<\/p>\n<pre><span class=\"versenum\">Offenbarung 22<br>18<\/span>&nbsp;F\u00fcrwahr, ich bezeuge jedem, der die Worte der Weissagung dieses Buches h\u00f6rt: Wenn jemand etwas zu diesen Dingen hinzuf\u00fcgt, so wird Gott ihm die Plagen zuf\u00fcgen, von denen in diesem Buch geschrieben steht; <span class=\"versenum\">19<\/span>&nbsp;und wenn jemand etwas wegnimmt von den Worten des Buches dieser Weissagung, so wird Gott wegnehmen seinen Teil vom Buch des Lebens und von der heiligen Stadt, und von den Dingen, die in diesem Buch geschrieben stehen.<\/pre>\n<p>Dieser Vers aus der Offenbaung sagt uns zwei Dinge:<br>1. Da wir in der Endzeit leben, ist dies bereits geschehen. Wir k\u00f6nnen die Verf\u00e4lschungen nur r\u00fcckg\u00e4ngig machen, wenn wir ganz sicher sind.<br>2. Wir d\u00fcrfen den Fehler unserer Vorfahren nicht wiederholen, wenn wir nicht absolut sicher sind, eine Verf\u00e4lschung erkannt zu haben.<\/p>\n<p>Anregungen an:<\/p>\n<p><img loading=\"lazy\" decoding=\"async\" class=\"aligncenter size-full wp-image-5306\" src=\"http:\/\/www.medianus.at\/wp-content\/uploads\/bibelmail.png\" alt=\"\" width=\"138\" height=\"22\"><\/p>\n<\/div><\/div>\n\n\n\n<p> Die Bibeln als PDF -Datei: <br><a href=\"https:\/\/www.medianus.at\/bibel\/medianus_NT.pdf\" target=\"_blank\" rel=\"noreferrer noopener\" aria-label=\" (\u00f6ffnet in neuem Tab)\">Neues Testament<\/a><br><a href=\"https:\/\/www.medianus.at\/bibel\/medianus_AT1.pdf\" target=\"_blank\" rel=\"noreferrer noopener\" aria-label=\" (\u00f6ffnet in neuem Tab)\">Altes Testament Band 1<\/a><br> <a href=\"https:\/\/www.medianus.at\/bibel\/medianus_AT2.pdf\" target=\"_blank\" rel=\"noreferrer noopener\" aria-label=\" (\u00f6ffnet in neuem Tab)\">Altes Testament Band 2 <\/a><\/p>\n\n\n\n<p>Die Verbreitung  und Weitergabe ist nicht  nur erlaubt, sondern gew\u00fcnscht.<\/p>\n\n\n\n<p>N\u00e4chste Seite: <a href=\"https:\/\/www.medianus.at\/bibel\/wahrheit\/\">Wahrheit<\/a><\/p>\n","protected":false},"excerpt":{"rendered":"<p>In dieser Bibel wird f\u00fcr den Namen Gottes JAHUWAH verwendet. F\u00fcr den Messias, den Sohn Jahuwahs, wird sein Name JAHUSCHUAH verwendet, denn das sind die richtig ausgesprochenen Namen in der deutschen Sprache. &#8222;HERR&#8220; &#8222;Gott&#8220; &#8222;Elohim&#8220; &#8222;Adonai&#8220;, ect. sind keine Namen, es handelt sich dabei um Titel. Durch das h\u00e4ufige Vorkommen gew\u00f6hnt man sich rasch an &hellip; <a href=\"https:\/\/www.medianus.at\/bibel\/jahuwah-bibel\/\" class=\"more-link\"><span class=\"screen-reader-text\">&#8222;JAHUWAH Bibel&#8220; <\/span>weiterlesen<\/a><\/p>\n","protected":false},"author":1,"featured_media":0,"parent":0,"menu_order":0,"comment_status":"closed","ping_status":"closed","template":"","meta":{"footnotes":""},"class_list":["post-14","page","type-page","status-publish","hentry"],"yoast_head":"<!-- This site is optimized with the Yoast SEO plugin v22.9 - https:\/\/yoast.com\/wordpress\/plugins\/seo\/ -->\n<title>JAHUWAH Bibel - Ausgabe 2019<\/title>\n<meta name=\"description\" content=\"In dieser Bibel wird f\u00fcr den Namen Gottes JAHUWAH verwendet. F\u00fcr den Messias, den Sohn Jahuwahs, wird sein Name JAHUSCHUAH verwendet.\" \/>\n<meta name=\"robots\" content=\"index, follow, max-snippet:-1, max-image-preview:large, max-video-preview:-1\" \/>\n<link rel=\"canonical\" href=\"https:\/\/www.medianus.at\/bibel\/jahuwah-bibel\/\" \/>\n<meta property=\"og:locale\" content=\"de_DE\" \/>\n<meta property=\"og:type\" content=\"article\" \/>\n<meta property=\"og:title\" content=\"JAHUWAH Bibel - Ausgabe 2019\" \/>\n<meta property=\"og:description\" content=\"In dieser Bibel wird f\u00fcr den Namen Gottes JAHUWAH verwendet. F\u00fcr den Messias, den Sohn Jahuwahs, wird sein Name JAHUSCHUAH verwendet.\" \/>\n<meta property=\"og:url\" content=\"https:\/\/www.medianus.at\/bibel\/jahuwah-bibel\/\" \/>\n<meta property=\"og:site_name\" content=\"Medianus\" \/>\n<meta property=\"article:modified_time\" content=\"2024-02-17T14:55:28+00:00\" \/>\n<meta property=\"og:image\" content=\"http:\/\/www.medianus.at\/wp-content\/uploads\/at1.png\" \/>\n<meta name=\"twitter:card\" content=\"summary_large_image\" \/>\n<meta name=\"twitter:label1\" content=\"Gesch\u00e4tzte Lesezeit\" \/>\n\t<meta name=\"twitter:data1\" content=\"3\u00a0Minuten\" \/>\n<script type=\"application\/ld+json\" class=\"yoast-schema-graph\">{\"@context\":\"https:\/\/schema.org\",\"@graph\":[{\"@type\":\"WebPage\",\"@id\":\"https:\/\/www.medianus.at\/bibel\/jahuwah-bibel\/\",\"url\":\"https:\/\/www.medianus.at\/bibel\/jahuwah-bibel\/\",\"name\":\"JAHUWAH Bibel - Ausgabe 2019\",\"isPartOf\":{\"@id\":\"https:\/\/www.medianus.at\/bibel\/#website\"},\"primaryImageOfPage\":{\"@id\":\"https:\/\/www.medianus.at\/bibel\/jahuwah-bibel\/#primaryimage\"},\"image\":{\"@id\":\"https:\/\/www.medianus.at\/bibel\/jahuwah-bibel\/#primaryimage\"},\"thumbnailUrl\":\"http:\/\/www.medianus.at\/wp-content\/uploads\/at1.png\",\"datePublished\":\"2020-03-29T09:36:18+00:00\",\"dateModified\":\"2024-02-17T14:55:28+00:00\",\"description\":\"In dieser Bibel wird f\u00fcr den Namen Gottes JAHUWAH verwendet. F\u00fcr den Messias, den Sohn Jahuwahs, wird sein Name JAHUSCHUAH verwendet.\",\"breadcrumb\":{\"@id\":\"https:\/\/www.medianus.at\/bibel\/jahuwah-bibel\/#breadcrumb\"},\"inLanguage\":\"de\",\"potentialAction\":[{\"@type\":\"ReadAction\",\"target\":[\"https:\/\/www.medianus.at\/bibel\/jahuwah-bibel\/\"]}]},{\"@type\":\"ImageObject\",\"inLanguage\":\"de\",\"@id\":\"https:\/\/www.medianus.at\/bibel\/jahuwah-bibel\/#primaryimage\",\"url\":\"http:\/\/www.medianus.at\/wp-content\/uploads\/at1.png\",\"contentUrl\":\"http:\/\/www.medianus.at\/wp-content\/uploads\/at1.png\"},{\"@type\":\"BreadcrumbList\",\"@id\":\"https:\/\/www.medianus.at\/bibel\/jahuwah-bibel\/#breadcrumb\",\"itemListElement\":[{\"@type\":\"ListItem\",\"position\":1,\"name\":\"Startseite\",\"item\":\"https:\/\/www.medianus.at\/bibel\/\"},{\"@type\":\"ListItem\",\"position\":2,\"name\":\"JAHUWAH Bibel\"}]},{\"@type\":\"WebSite\",\"@id\":\"https:\/\/www.medianus.at\/bibel\/#website\",\"url\":\"https:\/\/www.medianus.at\/bibel\/\",\"name\":\"Medianus\",\"description\":\"Endzeitbewu\u00dftsein\",\"publisher\":{\"@id\":\"https:\/\/www.medianus.at\/bibel\/#\/schema\/person\/9813ce5b369f8452dc40ce133ead17a7\"},\"potentialAction\":[{\"@type\":\"SearchAction\",\"target\":{\"@type\":\"EntryPoint\",\"urlTemplate\":\"https:\/\/www.medianus.at\/bibel\/?s={search_term_string}\"},\"query-input\":\"required name=search_term_string\"}],\"inLanguage\":\"de\"},{\"@type\":[\"Person\",\"Organization\"],\"@id\":\"https:\/\/www.medianus.at\/bibel\/#\/schema\/person\/9813ce5b369f8452dc40ce133ead17a7\",\"name\":\"Walter Panhuber\",\"image\":{\"@type\":\"ImageObject\",\"inLanguage\":\"de\",\"@id\":\"https:\/\/www.medianus.at\/bibel\/#\/schema\/person\/image\/\",\"url\":\"https:\/\/secure.gravatar.com\/avatar\/ff8326d54d16e623f9e2aeb12289ecab?s=96&d=mm&r=g\",\"contentUrl\":\"https:\/\/secure.gravatar.com\/avatar\/ff8326d54d16e623f9e2aeb12289ecab?s=96&d=mm&r=g\",\"caption\":\"Walter Panhuber\"},\"logo\":{\"@id\":\"https:\/\/www.medianus.at\/bibel\/#\/schema\/person\/image\/\"}}]}<\/script>\n<!-- \/ Yoast SEO plugin. -->","yoast_head_json":{"title":"JAHUWAH Bibel - Ausgabe 2019","description":"In dieser Bibel wird f\u00fcr den Namen Gottes JAHUWAH verwendet. F\u00fcr den Messias, den Sohn Jahuwahs, wird sein Name JAHUSCHUAH verwendet.","robots":{"index":"index","follow":"follow","max-snippet":"max-snippet:-1","max-image-preview":"max-image-preview:large","max-video-preview":"max-video-preview:-1"},"canonical":"https:\/\/www.medianus.at\/bibel\/jahuwah-bibel\/","og_locale":"de_DE","og_type":"article","og_title":"JAHUWAH Bibel - Ausgabe 2019","og_description":"In dieser Bibel wird f\u00fcr den Namen Gottes JAHUWAH verwendet. F\u00fcr den Messias, den Sohn Jahuwahs, wird sein Name JAHUSCHUAH verwendet.","og_url":"https:\/\/www.medianus.at\/bibel\/jahuwah-bibel\/","og_site_name":"Medianus","article_modified_time":"2024-02-17T14:55:28+00:00","og_image":[{"url":"http:\/\/www.medianus.at\/wp-content\/uploads\/at1.png"}],"twitter_card":"summary_large_image","twitter_misc":{"Gesch\u00e4tzte Lesezeit":"3\u00a0Minuten"},"schema":{"@context":"https:\/\/schema.org","@graph":[{"@type":"WebPage","@id":"https:\/\/www.medianus.at\/bibel\/jahuwah-bibel\/","url":"https:\/\/www.medianus.at\/bibel\/jahuwah-bibel\/","name":"JAHUWAH Bibel - Ausgabe 2019","isPartOf":{"@id":"https:\/\/www.medianus.at\/bibel\/#website"},"primaryImageOfPage":{"@id":"https:\/\/www.medianus.at\/bibel\/jahuwah-bibel\/#primaryimage"},"image":{"@id":"https:\/\/www.medianus.at\/bibel\/jahuwah-bibel\/#primaryimage"},"thumbnailUrl":"http:\/\/www.medianus.at\/wp-content\/uploads\/at1.png","datePublished":"2020-03-29T09:36:18+00:00","dateModified":"2024-02-17T14:55:28+00:00","description":"In dieser Bibel wird f\u00fcr den Namen Gottes JAHUWAH verwendet. F\u00fcr den Messias, den Sohn Jahuwahs, wird sein Name JAHUSCHUAH verwendet.","breadcrumb":{"@id":"https:\/\/www.medianus.at\/bibel\/jahuwah-bibel\/#breadcrumb"},"inLanguage":"de","potentialAction":[{"@type":"ReadAction","target":["https:\/\/www.medianus.at\/bibel\/jahuwah-bibel\/"]}]},{"@type":"ImageObject","inLanguage":"de","@id":"https:\/\/www.medianus.at\/bibel\/jahuwah-bibel\/#primaryimage","url":"http:\/\/www.medianus.at\/wp-content\/uploads\/at1.png","contentUrl":"http:\/\/www.medianus.at\/wp-content\/uploads\/at1.png"},{"@type":"BreadcrumbList","@id":"https:\/\/www.medianus.at\/bibel\/jahuwah-bibel\/#breadcrumb","itemListElement":[{"@type":"ListItem","position":1,"name":"Startseite","item":"https:\/\/www.medianus.at\/bibel\/"},{"@type":"ListItem","position":2,"name":"JAHUWAH Bibel"}]},{"@type":"WebSite","@id":"https:\/\/www.medianus.at\/bibel\/#website","url":"https:\/\/www.medianus.at\/bibel\/","name":"Medianus","description":"Endzeitbewu\u00dftsein","publisher":{"@id":"https:\/\/www.medianus.at\/bibel\/#\/schema\/person\/9813ce5b369f8452dc40ce133ead17a7"},"potentialAction":[{"@type":"SearchAction","target":{"@type":"EntryPoint","urlTemplate":"https:\/\/www.medianus.at\/bibel\/?s={search_term_string}"},"query-input":"required name=search_term_string"}],"inLanguage":"de"},{"@type":["Person","Organization"],"@id":"https:\/\/www.medianus.at\/bibel\/#\/schema\/person\/9813ce5b369f8452dc40ce133ead17a7","name":"Walter Panhuber","image":{"@type":"ImageObject","inLanguage":"de","@id":"https:\/\/www.medianus.at\/bibel\/#\/schema\/person\/image\/","url":"https:\/\/secure.gravatar.com\/avatar\/ff8326d54d16e623f9e2aeb12289ecab?s=96&d=mm&r=g","contentUrl":"https:\/\/secure.gravatar.com\/avatar\/ff8326d54d16e623f9e2aeb12289ecab?s=96&d=mm&r=g","caption":"Walter Panhuber"},"logo":{"@id":"https:\/\/www.medianus.at\/bibel\/#\/schema\/person\/image\/"}}]}},"_links":{"self":[{"href":"https:\/\/www.medianus.at\/bibel\/wp-json\/wp\/v2\/pages\/14"}],"collection":[{"href":"https:\/\/www.medianus.at\/bibel\/wp-json\/wp\/v2\/pages"}],"about":[{"href":"https:\/\/www.medianus.at\/bibel\/wp-json\/wp\/v2\/types\/page"}],"author":[{"embeddable":true,"href":"https:\/\/www.medianus.at\/bibel\/wp-json\/wp\/v2\/users\/1"}],"replies":[{"embeddable":true,"href":"https:\/\/www.medianus.at\/bibel\/wp-json\/wp\/v2\/comments?post=14"}],"version-history":[{"count":16,"href":"https:\/\/www.medianus.at\/bibel\/wp-json\/wp\/v2\/pages\/14\/revisions"}],"predecessor-version":[{"id":1254,"href":"https:\/\/www.medianus.at\/bibel\/wp-json\/wp\/v2\/pages\/14\/revisions\/1254"}],"wp:attachment":[{"href":"https:\/\/www.medianus.at\/bibel\/wp-json\/wp\/v2\/media?parent=14"}],"curies":[{"name":"wp","href":"https:\/\/api.w.org\/{rel}","templated":true}]}}